{"id":9779,"date":"2022-03-23T10:56:16","date_gmt":"2022-03-23T09:56:16","guid":{"rendered":"https:\/\/zrembchojnice.pl\/?page_id=9779"},"modified":"2022-03-23T11:03:38","modified_gmt":"2022-03-23T10:03:38","slug":"historia-operacji-na-akcjach","status":"publish","type":"page","link":"https:\/\/zrembchojnice.pl\/index.php\/relacje-inwestorskie\/historia-operacji-na-akcjach\/","title":{"rendered":"Historia operacji na akcjach"},"content":{"rendered":"\t\t<div data-elementor-type=\"wp-page\" data-elementor-id=\"9779\" class=\"elementor elementor-9779\" data-elementor-post-type=\"page\">\n\t\t\t\t\t\t<section class=\"elementor-section elementor-top-section elementor-element elementor-element-c25d032 elementor-section-full_width elementor-section-height-default elementor-section-height-default\" data-id=\"c25d032\" data-element_type=\"section\" data-e-type=\"section\">\n\t\t\t\t\t\t<div class=\"elementor-container elementor-column-gap-default\">\n\t\t\t\t\t<div class=\"elementor-column elementor-col-100 elementor-top-column elementor-element elementor-element-e5d7e41\" data-id=\"e5d7e41\" data-element_type=\"column\" data-e-type=\"column\">\n\t\t\t<div class=\"elementor-widget-wrap\">\n\t\t\t\t\t\t\t<\/div>\n\t\t<\/div>\n\t\t\t\t\t<\/div>\n\t\t<\/section>\n\t\t\t\t<section class=\"elementor-section elementor-top-section elementor-element elementor-element-1f4954b elementor-section-full_width elementor-section-height-default elementor-section-height-default\" data-id=\"1f4954b\" data-element_type=\"section\" data-e-type=\"section\">\n\t\t\t\t\t\t<div class=\"elementor-container elementor-column-gap-no\">\n\t\t\t\t\t<div class=\"elementor-column elementor-col-100 elementor-top-column elementor-element elementor-element-1b2543ac\" data-id=\"1b2543ac\" data-element_type=\"column\" data-e-type=\"column\">\n\t\t\t<div class=\"elementor-widget-wrap elementor-element-populated\">\n\t\t\t\t\t\t<div class=\"elementor-element elementor-element-91a0924 elementor--h-position-center elementor--v-position-middle elementor-arrows-position-inside elementor-pagination-position-inside elementor-widget elementor-widget-slides\" data-id=\"91a0924\" data-element_type=\"widget\" data-e-type=\"widget\" data-settings=\"{&quot;navigation&quot;:&quot;both&quot;,&quot;autoplay&quot;:&quot;yes&quot;,&quot;pause_on_hover&quot;:&quot;yes&quot;,&quot;pause_on_interaction&quot;:&quot;yes&quot;,&quot;autoplay_speed&quot;:5000,&quot;infinite&quot;:&quot;yes&quot;,&quot;transition&quot;:&quot;slide&quot;,&quot;transition_speed&quot;:500}\" data-widget_type=\"slides.default\">\n\t\t\t\t<div class=\"elementor-widget-container\">\n\t\t\t\t\t\t\t\t\t<div class=\"elementor-swiper\">\n\t\t\t\t\t<div class=\"elementor-slides-wrapper elementor-main-swiper swiper\" role=\"region\" aria-roledescription=\"carousel\" aria-label=\"Slajdy\" dir=\"ltr\" data-animation=\"fadeInUp\">\n\t\t\t\t<div class=\"swiper-wrapper elementor-slides\">\n\t\t\t\t\t\t\t\t\t\t<div class=\"elementor-repeater-item-8549eeb swiper-slide\" role=\"group\" aria-roledescription=\"slide\"><div class=\"swiper-slide-bg\" role=\"img\" aria-label=\"gielda\"><\/div><div class=\"swiper-slide-inner\" ><div class=\"swiper-slide-contents\"><\/div><\/div><\/div>\t\t\t\t<\/div>\n\t\t\t\t\t\t\t<\/div>\n\t\t\t\t<\/div>\n\t\t\t\t\t\t\t\t<\/div>\n\t\t\t\t<\/div>\n\t\t\t\t\t<\/div>\n\t\t<\/div>\n\t\t\t\t\t<\/div>\n\t\t<\/section>\n\t\t\t\t<section class=\"elementor-section elementor-top-section elementor-element elementor-element-fa7d44d elementor-section-boxed elementor-section-height-default elementor-section-height-default\" data-id=\"fa7d44d\" data-element_type=\"section\" data-e-type=\"section\">\n\t\t\t\t\t\t<div class=\"elementor-container elementor-column-gap-wider\">\n\t\t\t\t\t<div class=\"elementor-column elementor-col-100 elementor-top-column elementor-element elementor-element-a932380\" data-id=\"a932380\" data-element_type=\"column\" data-e-type=\"column\">\n\t\t\t<div class=\"elementor-widget-wrap elementor-element-populated\">\n\t\t\t\t\t\t<div class=\"elementor-element elementor-element-53c15b8 elementor-widget elementor-widget-heading\" data-id=\"53c15b8\" data-element_type=\"widget\" data-e-type=\"widget\" data-widget_type=\"heading.default\">\n\t\t\t\t<div class=\"elementor-widget-container\">\n\t\t\t\t\t<h2 class=\"elementor-heading-title elementor-size-default\">Historia operacji na akcjach<\/h2>\t\t\t\t<\/div>\n\t\t\t\t<\/div>\n\t\t\t\t\t<\/div>\n\t\t<\/div>\n\t\t\t\t\t<\/div>\n\t\t<\/section>\n\t\t\t\t<section class=\"elementor-section elementor-top-section elementor-element elementor-element-cb1207a elementor-section-boxed elementor-section-height-default elementor-section-height-default\" data-id=\"cb1207a\" data-element_type=\"section\" data-e-type=\"section\">\n\t\t\t\t\t\t<div class=\"elementor-container elementor-column-gap-wider\">\n\t\t\t\t\t<div class=\"elementor-column elementor-col-100 elementor-top-column elementor-element elementor-element-c394eeb elementor-invisible\" data-id=\"c394eeb\" data-element_type=\"column\" data-e-type=\"column\" data-settings=\"{&quot;animation&quot;:&quot;slideInRight&quot;}\">\n\t\t\t<div class=\"elementor-widget-wrap elementor-element-populated\">\n\t\t\t\t\t\t<div class=\"elementor-element elementor-element-04307fe elementor-widget elementor-widget-heading\" data-id=\"04307fe\" data-element_type=\"widget\" data-e-type=\"widget\" data-widget_type=\"heading.default\">\n\t\t\t\t<div class=\"elementor-widget-container\">\n\t\t\t\t\t<h2 class=\"elementor-heading-title elementor-size-default\">Pierwsze notowanie<\/h2>\t\t\t\t<\/div>\n\t\t\t\t<\/div>\n\t\t\t\t<div class=\"elementor-element elementor-element-4868a42 elementor-widget elementor-widget-text-editor\" data-id=\"4868a42\" data-element_type=\"widget\" data-e-type=\"widget\" data-widget_type=\"text-editor.default\">\n\t\t\t\t<div class=\"elementor-widget-container\">\n\t\t\t\t\t\t\t\t\tZgodnie z Uchwa\u0142\u0105 Nr 44\/2008 Zarz\u0105du Gie\u0142dy Papier\u00f3w Warto\u015bciowych w Warszawie S.A. z dnia 06 czerwca 2008r.\n<ul>\n \t<li>wprowadzono z dniem 10 czerwca 2008r. w trybie zwyk\u0142ym do obrotu gie\u0142dowego na rynku r\u00f3wnoleg\u0142ym akcje zwyk\u0142e na okaziciela Sp\u00f3\u0142ki ZBM \u201eZREMB-CHOJNICE\u201d S.A. o warto\u015bci nominalnej 10 z\u0142otych ka\u017cda\n1. 20.000 akcji serii A\n2. 200.000 akcji serii B\n3. 45.000 akcji serii C\n4. 50.000 akcji serii D<\/li>\n \t<li>notowano akcje Sp\u00f3\u0142ki w systemie notowa\u0144 ci\u0105g\u0142ych pod nazw\u0105 skr\u00f3con\u0105 \u201eZREMB\u201d i oznaczeniem \u201eZRE\u201d.<\/li>\n<\/ul>\n\n<br>\n<p><strong>Pierwsze notowanie akcji Sp\u00f3\u0142ki nast\u0105pi\u0142o w dniu 10 czerwca 2008r. po kursie 98,00 z\u0142<\/strong><\/p>\t\t\t\t\t\t\t\t<\/div>\n\t\t\t\t<\/div>\n\t\t\t\t\t<\/div>\n\t\t<\/div>\n\t\t\t\t\t<\/div>\n\t\t<\/section>\n\t\t\t\t<section class=\"elementor-section elementor-top-section elementor-element elementor-element-feb2169 elementor-section-boxed elementor-section-height-default elementor-section-height-default\" data-id=\"feb2169\" data-element_type=\"section\" data-e-type=\"section\">\n\t\t\t\t\t\t<div class=\"elementor-container elementor-column-gap-wider\">\n\t\t\t\t\t<div class=\"elementor-column elementor-col-100 elementor-top-column elementor-element elementor-element-dfbee0f elementor-invisible\" data-id=\"dfbee0f\" data-element_type=\"column\" data-e-type=\"column\" data-settings=\"{&quot;animation&quot;:&quot;slideInRight&quot;}\">\n\t\t\t<div class=\"elementor-widget-wrap elementor-element-populated\">\n\t\t\t\t\t\t<div class=\"elementor-element elementor-element-d5ef174 elementor-widget elementor-widget-heading\" data-id=\"d5ef174\" data-element_type=\"widget\" data-e-type=\"widget\" data-widget_type=\"heading.default\">\n\t\t\t\t<div class=\"elementor-widget-container\">\n\t\t\t\t\t<h2 class=\"elementor-heading-title elementor-size-default\">Podzia\u0142 akcji (split)<\/h2>\t\t\t\t<\/div>\n\t\t\t\t<\/div>\n\t\t\t\t<div class=\"elementor-element elementor-element-8ebb1c1 elementor-widget elementor-widget-text-editor\" data-id=\"8ebb1c1\" data-element_type=\"widget\" data-e-type=\"widget\" data-widget_type=\"text-editor.default\">\n\t\t\t\t<div class=\"elementor-widget-container\">\n\t\t\t\t\t\t\t\t\t<p>Zgodnie z Uchwa\u0142\u0105 Nr 17 Walnego Zgromadzenia Akcjonariuszy ZBM \u201eZREMB-CHOJNICE\u201d S.A. z dnia 25 czerwca 2008r. nast\u0105pi\u0142 podzia\u0142 akcji Sp\u00f3\u0142ki w stosunku 1:100 tj. obni\u017cenie warto\u015bci nominalnej akcji z kwoty 10 z\u0142 do kwoty 10 gr przy jednoczesnym zwi\u0119kszeniu ilo\u015bci akcji, bez zmian wysoko\u015bci kapita\u0142u zak\u0142adowego Sp\u00f3\u0142ki.<br \/><br \/>W dniu 22 sierpnia 2008r. S\u0105d Rejonowy Gda\u0144sk \u2013 P\u00f3\u0142noc w Gda\u0144sku, VIII Wydzia\u0142 Gospodarczy KRS wyda\u0142 Postanowienie na podstawie kt\u00f3rego zosta\u0142 wpisany podzia\u0142 akcji Sp\u00f3\u0142ki w stosunku 1:100.<br \/>Kapita\u0142 zak\u0142adowy wynosi 3.150.000 z\u0142otych i dzieli si\u0119 na 31.500.000 akcji zwyk\u0142ych na okaziciela o warto\u015bci nominalnej 10 groszy ka\u017cda.<br \/><br \/>Zarz\u0105d Krajowego Depozytu Papier\u00f3w Warto\u015bciowych Uchwa\u0142\u0105 Nr 563\/2008 z dnia 03 pa\u017adziernika 2008r. postanowi\u0142 okre\u015bli\u0107 dzie\u0144 15 pa\u017adziernika 2008r. jako dzie\u0144 podzia\u0142u 315.000 akcji o warto\u015bci 10 z\u0142 ka\u017cda na 31.500.000 akcji o warto\u015bci 0,10 z\u0142 ka\u017cda.<br \/><strong>Jednocze\u015bnie stwierdzi\u0142, \u017ce z dniem 15 pa\u017adziernika 2008r. kodem PLZBMZC00019 oznaczonych jest 31.500.000 akcji Sp\u00f3\u0142ki ZBM \u201eZREMB-CHOJNICE\u201d S.A. o warto\u015bci nominalnej 0,10 z\u0142 ka\u017cda.<\/strong><\/p>\t\t\t\t\t\t\t\t<\/div>\n\t\t\t\t<\/div>\n\t\t\t\t\t<\/div>\n\t\t<\/div>\n\t\t\t\t\t<\/div>\n\t\t<\/section>\n\t\t\t\t<section class=\"elementor-section elementor-top-section elementor-element elementor-element-cb01bce elementor-section-boxed elementor-section-height-default elementor-section-height-default\" data-id=\"cb01bce\" data-element_type=\"section\" data-e-type=\"section\">\n\t\t\t\t\t\t<div class=\"elementor-container elementor-column-gap-wider\">\n\t\t\t\t\t<div class=\"elementor-column elementor-col-100 elementor-top-column elementor-element elementor-element-bd9c7c4 elementor-invisible\" data-id=\"bd9c7c4\" data-element_type=\"column\" data-e-type=\"column\" data-settings=\"{&quot;animation&quot;:&quot;slideInRight&quot;}\">\n\t\t\t<div class=\"elementor-widget-wrap elementor-element-populated\">\n\t\t\t\t\t\t<div class=\"elementor-element elementor-element-7adc651 elementor-widget elementor-widget-heading\" data-id=\"7adc651\" data-element_type=\"widget\" data-e-type=\"widget\" data-widget_type=\"heading.default\">\n\t\t\t\t<div class=\"elementor-widget-container\">\n\t\t\t\t\t<h2 class=\"elementor-heading-title elementor-size-default\">Scalenie akcji (resplit)<\/h2>\t\t\t\t<\/div>\n\t\t\t\t<\/div>\n\t\t\t\t<div class=\"elementor-element elementor-element-9faceb8 elementor-widget elementor-widget-text-editor\" data-id=\"9faceb8\" data-element_type=\"widget\" data-e-type=\"widget\" data-widget_type=\"text-editor.default\">\n\t\t\t\t<div class=\"elementor-widget-container\">\n\t\t\t\t\t\t\t\t\t<p>Zgodnie z Uchwa\u0142\u0105\u00a0 nr 18 Zwyczajnego Walnego Zgromadzenia Sp\u00f3\u0142ki z dnia 17.04.2014 r.\u00a0nast\u0105pi\u0142o po\u0142\u0105czenia akcji sp\u00f3\u0142ki (scalenie) w stosunku 5:1\u00a0tj. podwy\u017cszenie warto\u015bci nominalnej akcji z kwoty 0.1 z\u0142otych (dziesi\u0119\u0107 groszy ) do kwoty 0.5 z\u0142otych (pi\u0119\u0107dziesi\u0105t groszy) przy jednoczesnym zmniejszeniu og\u00f3lnej liczby akcji bez zmiany wysoko\u015bci kapita\u0142u zak\u0142adowego.<\/p><p>W\u00a0dniu 08 maja 2014 roku\u00a0S\u0105d Rejonowy Gda\u0144sk \u2013 P\u00f3\u0142noc w Gda\u0144sku, VIII Wydzia\u0142 Gospodarczy KRS\u00a0dokona\u0142 rejestracji zmiany warto\u015b\u0107 nominalnej akcji Emitenta ka\u017cdej z serii. poprzez podwy\u017cszeniez kwoty 0,1 z\u0142otych (dziesi\u0119\u0107 groszy) do kwoty 0,5 z\u0142otych (pi\u0119\u0107dziesi\u0105t groszy) przy proporcjonalnym zmniejszeniu \u0142\u0105cznej ilo\u015bci wszystkich akcji sp\u00f3\u0142ki z liczby 43.612.500 (czterdzie\u015bci trzy miliony sze\u015b\u0107set dwana\u015bcie tysi\u0119cy pi\u0119\u0107set) akcji do liczby 8.722.500(s\u0142ownie: osiem milion\u00f3w siedemset dwadzie\u015bcia dwa tysi\u0105ce pi\u0119\u0107set ) akcji, przy zachowaniu niezmienionej wysoko\u015bci kapita\u0142u zak\u0142adowego sp\u00f3\u0142ki (scalenie akcji).<\/p><p>W wyniku rejestracji zmiany Kapita\u0142 zak\u0142adowy Sp\u00f3\u0142ki wynosi 4.361.250 z\u0142otych (s\u0142ownie: cztery miliony trzysta sze\u015b\u0107dziesi\u0105t jeden tysi\u0119cy dwie\u015bcie pi\u0119\u0107dziesi\u0105t z\u0142otych) i dzieli si\u0119 na 8.722.500(s\u0142ownie: osiem milion\u00f3w siedemset dwadzie\u015bcia dwa tysi\u0105ce pi\u0119\u0107set ) akcji zwyk\u0142ych na okaziciela o warto\u015bci nominalnej 0,5 z\u0142otego (s\u0142ownie: pi\u0119\u0107dziesi\u0105t groszy) ka\u017cda.<\/p><p>Zarz\u0105d Krajowego Depozytu Papier\u00f3w Warto\u015bciowych S.A. w Warszawie (dalej: \u201eKDPW\u201d)\u00a0 Uchwa\u0142\u0105 nr 485\/14 z dnia 21.05.2014r. postanowi\u0142\u00a0\u00a0okre\u015bli\u0107 dzie\u0144 4 czerwca 2014 r. jako dzie\u0144 wymiany akcji Emitenta dotychczas zarejestrowanych w KDPW 37.700.500 akcji oznaczonych kodem PLZBMZC00019, ka\u017cda o warto\u015bci nominalnej 0,10 z\u0142, na 7.540.100 akcji, ka\u017cda o warto\u015bci nominalnej 0,50 z\u0142.<\/p><p><strong>Jednocze\u015bnie stwierdzi\u0142, \u017ce po przeprowadzeniu operacji wymiany \u00a0z dniem 4 czerwca 2014 r. kodem PLZBMZC00019 oznaczonych jest\u00a07.540.100 akcji Sp\u00f3\u0142ki ZBM \u201eZREMB-CHOJNICE\u201d S.A. o warto\u015bci nominalnej 0,50 z\u0142 ka\u017cda.<\/strong><\/p>\t\t\t\t\t\t\t\t<\/div>\n\t\t\t\t<\/div>\n\t\t\t\t\t<\/div>\n\t\t<\/div>\n\t\t\t\t\t<\/div>\n\t\t<\/section>\n\t\t\t\t<section class=\"elementor-section elementor-top-section elementor-element elementor-element-c8e51f3 elementor-section-boxed elementor-section-height-default elementor-section-height-default\" data-id=\"c8e51f3\" data-element_type=\"section\" data-e-type=\"section\">\n\t\t\t\t\t\t<div class=\"elementor-container elementor-column-gap-wider\">\n\t\t\t\t\t<div class=\"elementor-column elementor-col-100 elementor-top-column elementor-element elementor-element-cd317bd elementor-invisible\" data-id=\"cd317bd\" data-element_type=\"column\" data-e-type=\"column\" data-settings=\"{&quot;animation&quot;:&quot;slideInRight&quot;}\">\n\t\t\t<div class=\"elementor-widget-wrap elementor-element-populated\">\n\t\t\t\t\t\t<div class=\"elementor-element elementor-element-ff9545a elementor-widget elementor-widget-heading\" data-id=\"ff9545a\" data-element_type=\"widget\" data-e-type=\"widget\" data-widget_type=\"heading.default\">\n\t\t\t\t<div class=\"elementor-widget-container\">\n\t\t\t\t\t<h2 class=\"elementor-heading-title elementor-size-default\">Emisje akcji (plik do pobrania)<\/h2>\t\t\t\t<\/div>\n\t\t\t\t<\/div>\n\t\t\t\t<div class=\"elementor-element elementor-element-4b5b3d3 elementor-widget elementor-widget-wp-widget-download_attachments_list_widget\" data-id=\"4b5b3d3\" data-element_type=\"widget\" data-e-type=\"widget\" data-widget_type=\"wp-widget-download_attachments_list_widget.default\">\n\t\t\t\t<div class=\"elementor-widget-container\">\n\t\t\t\t\t<h5>Za\u0142\u0105czniki<\/h5><div class=\"download-attachments\">\r\n\t\r\n\t\t\t<h3 class=\"attachments-title\">Za\u0142\u0105czniki<\/h3>\t\r\n\r\n\r\n\r\n\t<ul class=\"da-attachments-list\">\r\n\r\n\t\r\n\t\t\r\n\t\t<li class=\"pdf\">\r\n\r\n\t\t\t\r\n\t\t\t\t\t\t\t<img decoding=\"async\" class=\"attachment-icon\" src=\"https:\/\/zrembchojnice.pl\/wp-content\/plugins\/download-attachments\/images\/ext\/pdf.gif\" alt=\"pdf\" \/>\r\n\t\t\t\r\n\t\t\t\r\n\t\t\t<a href=\"https:\/\/zrembchojnice.pl\/wp-content\/plugins\/download-attachments\/includes\/download.php?id=9784\" title=\"tabela-emisje\" class=\"attachment-link\">tabela-emisje<\/a>\r\n\t\t\t\r\n\t\t\t<br \/>\r\n\r\n\t\t\t\r\n\t\t\t\r\n\t\t\t\r\n\t\t\t\r\n\t\t\t\r\n\t\t\t\r\n\t\t<\/li>\r\n\r\n\t\r\n\t<\/ul>\r\n\r\n\r\n\r\n\t<\/div>\t\t\t\t<\/div>\n\t\t\t\t<\/div>\n\t\t\t\t\t<\/div>\n\t\t<\/div>\n\t\t\t\t\t<\/div>\n\t\t<\/section>\n\t\t\t\t<\/div>\n\t\t","protected":false},"excerpt":{"rendered":"<p>Historia operacji na akcjach Pierwsze notowanie Zgodnie z Uchwa\u0142\u0105 Nr 44\/2008 Zarz\u0105du Gie\u0142dy Papier\u00f3w Warto\u015bciowych w Warszawie S.A. z dnia 06 czerwca 2008r. wprowadzono z dniem 10 czerwca 2008r. w trybie zwyk\u0142ym do obrotu gie\u0142dowego na rynku r\u00f3wnoleg\u0142ym akcje zwyk\u0142e na okaziciela Sp\u00f3\u0142ki ZBM \u201eZREMB-CHOJNICE\u201d S.A. o warto\u015bci nominalnej 10 z\u0142otych ka\u017cda 1. 20.000 akcji [&hellip;]<\/p>\n","protected":false},"author":1,"featured_media":0,"parent":4648,"menu_order":7,"comment_status":"closed","ping_status":"closed","template":"","meta":{"footnotes":""},"class_list":["post-9779","page","type-page","status-publish","hentry"],"_links":{"self":[{"href":"https:\/\/zrembchojnice.pl\/index.php\/wp-json\/wp\/v2\/pages\/9779","targetHints":{"allow":["GET"]}}],"collection":[{"href":"https:\/\/zrembchojnice.pl\/index.php\/wp-json\/wp\/v2\/pages"}],"about":[{"href":"https:\/\/zrembchojnice.pl\/index.php\/wp-json\/wp\/v2\/types\/page"}],"author":[{"embeddable":true,"href":"https:\/\/zrembchojnice.pl\/index.php\/wp-json\/wp\/v2\/users\/1"}],"replies":[{"embeddable":true,"href":"https:\/\/zrembchojnice.pl\/index.php\/wp-json\/wp\/v2\/comments?post=9779"}],"version-history":[{"count":5,"href":"https:\/\/zrembchojnice.pl\/index.php\/wp-json\/wp\/v2\/pages\/9779\/revisions"}],"predecessor-version":[{"id":9785,"href":"https:\/\/zrembchojnice.pl\/index.php\/wp-json\/wp\/v2\/pages\/9779\/revisions\/9785"}],"up":[{"embeddable":true,"href":"https:\/\/zrembchojnice.pl\/index.php\/wp-json\/wp\/v2\/pages\/4648"}],"wp:attachment":[{"href":"https:\/\/zrembchojnice.pl\/index.php\/wp-json\/wp\/v2\/media?parent=9779"}],"curies":[{"name":"wp","href":"https:\/\/api.w.org\/{rel}","templated":true}]}}