{"id":9773,"date":"2022-03-23T10:44:02","date_gmt":"2022-03-23T09:44:02","guid":{"rendered":"https:\/\/zrembchojnice.pl\/?page_id=9773"},"modified":"2025-06-11T10:34:12","modified_gmt":"2025-06-11T08:34:12","slug":"notowania","status":"publish","type":"page","link":"https:\/\/zrembchojnice.pl\/index.php\/relacje-inwestorskie\/notowania\/","title":{"rendered":"Notowania"},"content":{"rendered":"\t\t<div data-elementor-type=\"wp-page\" data-elementor-id=\"9773\" class=\"elementor elementor-9773\" data-elementor-post-type=\"page\">\n\t\t\t\t\t\t<section class=\"elementor-section elementor-top-section elementor-element elementor-element-c25d032 elementor-section-full_width elementor-section-height-default elementor-section-height-default\" data-id=\"c25d032\" data-element_type=\"section\" data-e-type=\"section\">\n\t\t\t\t\t\t<div class=\"elementor-container elementor-column-gap-default\">\n\t\t\t\t\t<div class=\"elementor-column elementor-col-100 elementor-top-column elementor-element elementor-element-e5d7e41\" data-id=\"e5d7e41\" data-element_type=\"column\" data-e-type=\"column\">\n\t\t\t<div class=\"elementor-widget-wrap\">\n\t\t\t\t\t\t\t<\/div>\n\t\t<\/div>\n\t\t\t\t\t<\/div>\n\t\t<\/section>\n\t\t\t\t<section class=\"elementor-section elementor-top-section elementor-element elementor-element-1f4954b elementor-section-full_width elementor-section-height-default elementor-section-height-default\" data-id=\"1f4954b\" data-element_type=\"section\" data-e-type=\"section\">\n\t\t\t\t\t\t<div class=\"elementor-container elementor-column-gap-no\">\n\t\t\t\t\t<div class=\"elementor-column elementor-col-100 elementor-top-column elementor-element elementor-element-1b2543ac\" data-id=\"1b2543ac\" data-element_type=\"column\" data-e-type=\"column\">\n\t\t\t<div class=\"elementor-widget-wrap elementor-element-populated\">\n\t\t\t\t\t\t<div class=\"elementor-element elementor-element-91a0924 elementor--h-position-center elementor--v-position-middle elementor-arrows-position-inside elementor-pagination-position-inside elementor-widget elementor-widget-slides\" data-id=\"91a0924\" data-element_type=\"widget\" data-e-type=\"widget\" data-settings=\"{&quot;navigation&quot;:&quot;both&quot;,&quot;autoplay&quot;:&quot;yes&quot;,&quot;pause_on_hover&quot;:&quot;yes&quot;,&quot;pause_on_interaction&quot;:&quot;yes&quot;,&quot;autoplay_speed&quot;:5000,&quot;infinite&quot;:&quot;yes&quot;,&quot;transition&quot;:&quot;slide&quot;,&quot;transition_speed&quot;:500}\" data-widget_type=\"slides.default\">\n\t\t\t\t<div class=\"elementor-widget-container\">\n\t\t\t\t\t\t\t\t\t<div class=\"elementor-swiper\">\n\t\t\t\t\t<div class=\"elementor-slides-wrapper elementor-main-swiper swiper\" role=\"region\" aria-roledescription=\"carousel\" aria-label=\"Slajdy\" dir=\"ltr\" data-animation=\"fadeInUp\">\n\t\t\t\t<div class=\"swiper-wrapper elementor-slides\">\n\t\t\t\t\t\t\t\t\t\t<div class=\"elementor-repeater-item-8549eeb swiper-slide\" role=\"group\" aria-roledescription=\"slide\"><div class=\"swiper-slide-bg\" role=\"img\" aria-label=\"gielda\"><\/div><div class=\"swiper-slide-inner\" ><div class=\"swiper-slide-contents\"><\/div><\/div><\/div>\t\t\t\t<\/div>\n\t\t\t\t\t\t\t<\/div>\n\t\t\t\t<\/div>\n\t\t\t\t\t\t\t\t<\/div>\n\t\t\t\t<\/div>\n\t\t\t\t\t<\/div>\n\t\t<\/div>\n\t\t\t\t\t<\/div>\n\t\t<\/section>\n\t\t\t\t<section class=\"elementor-section elementor-top-section elementor-element elementor-element-fa7d44d elementor-section-boxed elementor-section-height-default elementor-section-height-default\" data-id=\"fa7d44d\" data-element_type=\"section\" data-e-type=\"section\">\n\t\t\t\t\t\t<div class=\"elementor-container elementor-column-gap-wider\">\n\t\t\t\t\t<div class=\"elementor-column elementor-col-100 elementor-top-column elementor-element elementor-element-a932380\" data-id=\"a932380\" data-element_type=\"column\" data-e-type=\"column\">\n\t\t\t<div class=\"elementor-widget-wrap elementor-element-populated\">\n\t\t\t\t\t\t<div class=\"elementor-element elementor-element-53c15b8 elementor-widget elementor-widget-heading\" data-id=\"53c15b8\" data-element_type=\"widget\" data-e-type=\"widget\" data-widget_type=\"heading.default\">\n\t\t\t\t<div class=\"elementor-widget-container\">\n\t\t\t\t\t<h2 class=\"elementor-heading-title elementor-size-default\">Notowania<\/h2>\t\t\t\t<\/div>\n\t\t\t\t<\/div>\n\t\t\t\t\t<\/div>\n\t\t<\/div>\n\t\t\t\t\t<\/div>\n\t\t<\/section>\n\t\t\t\t<section class=\"elementor-section elementor-top-section elementor-element elementor-element-cb1207a elementor-section-boxed elementor-section-height-default elementor-section-height-default\" data-id=\"cb1207a\" data-element_type=\"section\" data-e-type=\"section\">\n\t\t\t\t\t\t<div class=\"elementor-container elementor-column-gap-wider\">\n\t\t\t\t\t<div class=\"elementor-column elementor-col-100 elementor-top-column elementor-element elementor-element-c394eeb elementor-invisible\" data-id=\"c394eeb\" data-element_type=\"column\" data-e-type=\"column\" data-settings=\"{&quot;animation&quot;:&quot;slideInRight&quot;}\">\n\t\t\t<div class=\"elementor-widget-wrap elementor-element-populated\">\n\t\t\t\t\t\t<div class=\"elementor-element elementor-element-4868a42 elementor-widget elementor-widget-text-editor\" data-id=\"4868a42\" data-element_type=\"widget\" data-e-type=\"widget\" data-widget_type=\"text-editor.default\">\n\t\t\t\t<div class=\"elementor-widget-container\">\n\t\t\t\t\t\t\t\t\t<p>Zapraszamy na stron\u0119 internetow\u0105 portalu:\u00a0<a href=\"https:\/\/www.gpw.pl\/spolka?isin=PLZBMZC00019#quotationsTab\">https:\/\/www.gpw.pl\/spolka?isin=PLZBMZC00019#quotationsTab<\/a><\/p><p>Informacje podstawowe<\/p><table style=\"margin: 0px 0px 25px; width: 1080px; border: 1px solid #eeeeee;\"><tbody><tr style=\"border-bottom-width: 1px; border-bottom-style: solid; border-bottom-color: #eeeeee;\"><td style=\"padding: 0.8rem; border-color: #eeeeee;\">Nazwa:<\/td><td style=\"padding: 0.8rem; border-color: #eeeeee;\">ZAK\u0141AD BUDOWY MASZYN \u201eZREMB-CHOJNICE\u201d S.A.<\/td><\/tr><tr style=\"border-bottom-width: 1px; border-bottom-style: solid; border-bottom-color: #eeeeee;\"><td style=\"padding: 0.8rem; border-color: #eeeeee;\">Nazwa skr\u00f3cona:<\/td><td style=\"padding: 0.8rem; border-color: #eeeeee;\">ZBM \u201eZREMB-CHOJNICE\u201d S.A.<\/td><\/tr><tr style=\"border-bottom-width: 1px; border-bottom-style: solid; border-bottom-color: #eeeeee;\"><td style=\"padding: 0.8rem; border-color: #eeeeee;\">Rynek notowa\u0144:<\/td><td style=\"padding: 0.8rem; border-color: #eeeeee;\">R\u00d3WNOLEG\u0141Y<\/td><\/tr><tr style=\"border-bottom-width: 1px; border-bottom-style: solid; border-bottom-color: #eeeeee;\"><td style=\"padding: 0.8rem; border-color: #eeeeee;\">Przynale\u017cno\u015b\u0107 do sektora bran\u017cowego:<\/td><td style=\"padding: 0.8rem; border-color: #eeeeee;\">PRZEMYS\u0141 ELEKTROMASZYNOWY<\/td><\/tr><tr style=\"border-bottom-width: 1px; border-bottom-style: solid; border-bottom-color: #eeeeee;\"><td style=\"padding: 0.8rem; border-color: #eeeeee;\">Segment, do kt\u00f3rego sp\u00f3\u0142ka zosta\u0142a zakwalifikowana:<\/td><td style=\"padding: 0.8rem; border-color: #eeeeee;\">5 PLUS<\/td><\/tr><tr style=\"border-bottom-width: 1px; border-bottom-style: solid; border-bottom-color: #eeeeee;\"><td style=\"padding: 0.8rem; border-color: #eeeeee;\">Indeksy, w sk\u0142ad kt\u00f3rych wchodz\u0105 akcje sp\u00f3\u0142ki:<\/td><td style=\"padding: 0.8rem; border-color: #eeeeee;\">\u00a0WIG<\/td><\/tr><tr style=\"border-bottom-width: 1px; border-bottom-style: solid; border-bottom-color: #eeeeee;\"><td style=\"padding: 0.8rem; border-color: #eeeeee;\">Data przyst\u0105pienia do Programu Wspierania P\u0142ynno\u015bci:<\/td><td style=\"padding: 0.8rem; border-color: #eeeeee;\">2008-10-23<\/td><\/tr><tr style=\"border-bottom-width: 1px; border-bottom-style: solid; border-bottom-color: #eeeeee;\"><td style=\"padding: 0.8rem; border-color: #eeeeee;\">Adres:<\/td><td style=\"padding: 0.8rem; border-color: #eeeeee;\">ul. PRZEMYS\u0141OWA 15\u00a0 89-600 CHOJNICE<\/td><\/tr><tr style=\"border-bottom-width: 1px; border-bottom-style: solid; border-bottom-color: #eeeeee;\"><td style=\"padding: 0.8rem; border-color: #eeeeee;\">Telefon:<\/td><td style=\"padding: 0.8rem; border-color: #eeeeee;\">(52) 3965710<\/td><\/tr><tr style=\"border-bottom-width: 1px; border-bottom-style: solid; border-bottom-color: #eeeeee;\"><td style=\"padding: 0.8rem; border-color: #eeeeee;\">Fax:<\/td><td style=\"padding: 0.8rem; border-color: #eeeeee;\">(52) 3973163<\/td><\/tr><tr style=\"border-bottom-width: 1px; border-bottom-style: solid; border-bottom-color: #eeeeee;\"><td style=\"padding: 0.8rem; border-color: #eeeeee;\">WWW:<\/td><td style=\"padding: 0.8rem; border-color: #eeeeee;\">www.zrembchojnice.pl<\/td><\/tr><tr style=\"border-bottom-width: 1px; border-bottom-style: solid; border-bottom-color: #eeeeee;\"><td style=\"padding: 0.8rem; border-color: #eeeeee;\">Email:<\/td><td style=\"padding: 0.8rem; border-color: #eeeeee;\"><a style=\"color: #333333; transition: 0.3s;\" href=\"mailto:sekretariat@zremb-ch.com.pl\">sekretariat@zrembchojnice.pl<\/a><br \/><a style=\"color: #333333; transition: 0.3s;\" href=\"mailto:marketing@zremb-ch.com.pl\">marketing@zrembchojnice.pl<\/a><\/td><\/tr><tr style=\"border-bottom-width: 1px; border-bottom-style: solid; border-bottom-color: #eeeeee;\"><td style=\"padding: 0.8rem; border-color: #eeeeee;\">Prezes:<\/td><td style=\"padding: 0.8rem; border-color: #eeeeee;\">KRZYSZTOF KOSIOREK-SOBOLEWSKI<\/td><\/tr><\/tbody><\/table>\t\t\t\t\t\t\t\t<\/div>\n\t\t\t\t<\/div>\n\t\t\t\t\t<\/div>\n\t\t<\/div>\n\t\t\t\t\t<\/div>\n\t\t<\/section>\n\t\t\t\t<\/div>\n\t\t","protected":false},"excerpt":{"rendered":"<p>Notowania Zapraszamy na stron\u0119 internetow\u0105 portalu:\u00a0https:\/\/www.gpw.pl\/spolka?isin=PLZBMZC00019#quotationsTab Informacje podstawowe Nazwa: ZAK\u0141AD BUDOWY MASZYN \u201eZREMB-CHOJNICE\u201d S.A. Nazwa skr\u00f3cona: ZBM \u201eZREMB-CHOJNICE\u201d S.A. Rynek notowa\u0144: R\u00d3WNOLEG\u0141Y Przynale\u017cno\u015b\u0107 do sektora bran\u017cowego: PRZEMYS\u0141 ELEKTROMASZYNOWY Segment, do kt\u00f3rego sp\u00f3\u0142ka zosta\u0142a zakwalifikowana: 5 PLUS Indeksy, w sk\u0142ad kt\u00f3rych wchodz\u0105 akcje sp\u00f3\u0142ki: \u00a0WIG Data przyst\u0105pienia do Programu Wspierania P\u0142ynno\u015bci: 2008-10-23 Adres: ul. PRZEMYS\u0141OWA 15\u00a0 [&hellip;]<\/p>\n","protected":false},"author":1,"featured_media":0,"parent":4648,"menu_order":7,"comment_status":"closed","ping_status":"closed","template":"","meta":{"footnotes":""},"class_list":["post-9773","page","type-page","status-publish","hentry"],"_links":{"self":[{"href":"https:\/\/zrembchojnice.pl\/index.php\/wp-json\/wp\/v2\/pages\/9773","targetHints":{"allow":["GET"]}}],"collection":[{"href":"https:\/\/zrembchojnice.pl\/index.php\/wp-json\/wp\/v2\/pages"}],"about":[{"href":"https:\/\/zrembchojnice.pl\/index.php\/wp-json\/wp\/v2\/types\/page"}],"author":[{"embeddable":true,"href":"https:\/\/zrembchojnice.pl\/index.php\/wp-json\/wp\/v2\/users\/1"}],"replies":[{"embeddable":true,"href":"https:\/\/zrembchojnice.pl\/index.php\/wp-json\/wp\/v2\/comments?post=9773"}],"version-history":[{"count":10,"href":"https:\/\/zrembchojnice.pl\/index.php\/wp-json\/wp\/v2\/pages\/9773\/revisions"}],"predecessor-version":[{"id":12832,"href":"https:\/\/zrembchojnice.pl\/index.php\/wp-json\/wp\/v2\/pages\/9773\/revisions\/12832"}],"up":[{"embeddable":true,"href":"https:\/\/zrembchojnice.pl\/index.php\/wp-json\/wp\/v2\/pages\/4648"}],"wp:attachment":[{"href":"https:\/\/zrembchojnice.pl\/index.php\/wp-json\/wp\/v2\/media?parent=9773"}],"curies":[{"name":"wp","href":"https:\/\/api.w.org\/{rel}","templated":true}]}}