{"id":9752,"date":"2022-03-23T09:16:26","date_gmt":"2022-03-23T08:16:26","guid":{"rendered":"https:\/\/zrembchojnice.pl\/?page_id=9752"},"modified":"2022-03-23T09:24:38","modified_gmt":"2022-03-23T08:24:38","slug":"lad-korporacyjny","status":"publish","type":"page","link":"https:\/\/zrembchojnice.pl\/index.php\/relacje-inwestorskie\/lad-korporacyjny\/","title":{"rendered":"\u0141ad korporacyjny"},"content":{"rendered":"\t\t<div data-elementor-type=\"wp-page\" data-elementor-id=\"9752\" class=\"elementor elementor-9752\" data-elementor-post-type=\"page\">\n\t\t\t\t\t\t<section class=\"elementor-section elementor-top-section elementor-element elementor-element-e33aed2 elementor-section-boxed elementor-section-height-default elementor-section-height-default\" data-id=\"e33aed2\" data-element_type=\"section\" data-e-type=\"section\">\n\t\t\t\t\t\t<div class=\"elementor-container elementor-column-gap-default\">\n\t\t\t\t\t<div class=\"elementor-column elementor-col-100 elementor-top-column elementor-element elementor-element-0998e2b\" data-id=\"0998e2b\" data-element_type=\"column\" data-e-type=\"column\">\n\t\t\t<div class=\"elementor-widget-wrap\">\n\t\t\t\t\t\t\t<\/div>\n\t\t<\/div>\n\t\t\t\t\t<\/div>\n\t\t<\/section>\n\t\t\t\t<section class=\"elementor-section elementor-top-section elementor-element elementor-element-9abe680 elementor-section-full_width elementor-section-height-default elementor-section-height-default\" data-id=\"9abe680\" data-element_type=\"section\" data-e-type=\"section\">\n\t\t\t\t\t\t<div class=\"elementor-container elementor-column-gap-no\">\n\t\t\t\t\t<div class=\"elementor-column elementor-col-100 elementor-top-column elementor-element elementor-element-5110280\" data-id=\"5110280\" data-element_type=\"column\" data-e-type=\"column\">\n\t\t\t<div class=\"elementor-widget-wrap elementor-element-populated\">\n\t\t\t\t\t\t<div class=\"elementor-element elementor-element-7101f02 elementor--h-position-center elementor--v-position-middle elementor-arrows-position-inside elementor-pagination-position-inside elementor-widget elementor-widget-slides\" data-id=\"7101f02\" data-element_type=\"widget\" data-e-type=\"widget\" data-settings=\"{&quot;navigation&quot;:&quot;both&quot;,&quot;autoplay&quot;:&quot;yes&quot;,&quot;pause_on_hover&quot;:&quot;yes&quot;,&quot;pause_on_interaction&quot;:&quot;yes&quot;,&quot;autoplay_speed&quot;:5000,&quot;infinite&quot;:&quot;yes&quot;,&quot;transition&quot;:&quot;slide&quot;,&quot;transition_speed&quot;:500}\" data-widget_type=\"slides.default\">\n\t\t\t\t<div class=\"elementor-widget-container\">\n\t\t\t\t\t\t\t\t\t<div class=\"elementor-swiper\">\n\t\t\t\t\t<div class=\"elementor-slides-wrapper elementor-main-swiper swiper\" role=\"region\" aria-roledescription=\"carousel\" aria-label=\"Slajdy\" dir=\"ltr\" data-animation=\"fadeInUp\">\n\t\t\t\t<div class=\"swiper-wrapper elementor-slides\">\n\t\t\t\t\t\t\t\t\t\t<div class=\"elementor-repeater-item-8eb9927 swiper-slide\" role=\"group\" aria-roledescription=\"slide\"><div class=\"swiper-slide-bg\" role=\"img\" aria-label=\"gielda\"><\/div><div class=\"swiper-slide-inner\" ><div class=\"swiper-slide-contents\"><\/div><\/div><\/div>\t\t\t\t<\/div>\n\t\t\t\t\t\t\t<\/div>\n\t\t\t\t<\/div>\n\t\t\t\t\t\t\t\t<\/div>\n\t\t\t\t<\/div>\n\t\t\t\t\t<\/div>\n\t\t<\/div>\n\t\t\t\t\t<\/div>\n\t\t<\/section>\n\t\t\t\t<section class=\"elementor-section elementor-top-section elementor-element elementor-element-fdd6e13 elementor-section-boxed elementor-section-height-default elementor-section-height-default\" data-id=\"fdd6e13\" data-element_type=\"section\" data-e-type=\"section\">\n\t\t\t\t\t\t<div class=\"elementor-container elementor-column-gap-default\">\n\t\t\t\t\t<div class=\"elementor-column elementor-col-100 elementor-top-column elementor-element elementor-element-4afe275\" data-id=\"4afe275\" data-element_type=\"column\" data-e-type=\"column\">\n\t\t\t<div class=\"elementor-widget-wrap elementor-element-populated\">\n\t\t\t\t\t\t<div class=\"elementor-element elementor-element-2190492 elementor-widget elementor-widget-heading\" data-id=\"2190492\" data-element_type=\"widget\" data-e-type=\"widget\" data-widget_type=\"heading.default\">\n\t\t\t\t<div class=\"elementor-widget-container\">\n\t\t\t\t\t<h2 class=\"elementor-heading-title elementor-size-default\">\u0141ad korporacyjny<\/h2>\t\t\t\t<\/div>\n\t\t\t\t<\/div>\n\t\t\t\t<div class=\"elementor-element elementor-element-5742a8c elementor-widget elementor-widget-spacer\" data-id=\"5742a8c\" data-element_type=\"widget\" data-e-type=\"widget\" data-widget_type=\"spacer.default\">\n\t\t\t\t<div class=\"elementor-widget-container\">\n\t\t\t\t\t\t\t<div class=\"elementor-spacer\">\n\t\t\t<div class=\"elementor-spacer-inner\"><\/div>\n\t\t<\/div>\n\t\t\t\t\t\t<\/div>\n\t\t\t\t<\/div>\n\t\t\t\t<div class=\"elementor-element elementor-element-b7c4be4 elementor-widget elementor-widget-text-editor\" data-id=\"b7c4be4\" data-element_type=\"widget\" data-e-type=\"widget\" data-widget_type=\"text-editor.default\">\n\t\t\t\t<div class=\"elementor-widget-container\">\n\t\t\t\t\t\t\t\t\t<p><strong>Informacja na temat stanu stosowania przez sp\u00f3\u0142k\u0119\u00a0zasad zawartych w Zbiorze Dobre Praktyki Sp\u00f3\u0142ek\u00a0Notowanych na GPW 2021<\/strong><\/p><p>Wed\u0142ug aktualnego stanu stosowania Dobrych Praktyk Sp\u00f3\u0142ka nie stosuje 19 zasad: 1.3.1., 1.3.2., 1.4.,\u00a01.4.1., 1.4.2., 1.5., 1.6., 2.1., 2.2., 2.9., 2.11.6., 3.1., 3.4., 3.5., 3.6., 3.8., 4.3., 5.6., 5.7.<\/p>\t\t\t\t\t\t\t\t<\/div>\n\t\t\t\t<\/div>\n\t\t\t\t<div class=\"elementor-element elementor-element-98ec882 elementor-widget elementor-widget-spacer\" data-id=\"98ec882\" data-element_type=\"widget\" data-e-type=\"widget\" data-widget_type=\"spacer.default\">\n\t\t\t\t<div class=\"elementor-widget-container\">\n\t\t\t\t\t\t\t<div class=\"elementor-spacer\">\n\t\t\t<div class=\"elementor-spacer-inner\"><\/div>\n\t\t<\/div>\n\t\t\t\t\t\t<\/div>\n\t\t\t\t<\/div>\n\t\t\t\t<div class=\"elementor-element elementor-element-ba43052 elementor-widget elementor-widget-spacer\" data-id=\"ba43052\" data-element_type=\"widget\" data-e-type=\"widget\" data-widget_type=\"spacer.default\">\n\t\t\t\t<div class=\"elementor-widget-container\">\n\t\t\t\t\t\t\t<div class=\"elementor-spacer\">\n\t\t\t<div class=\"elementor-spacer-inner\"><\/div>\n\t\t<\/div>\n\t\t\t\t\t\t<\/div>\n\t\t\t\t<\/div>\n\t\t\t\t\t<\/div>\n\t\t<\/div>\n\t\t\t\t\t<\/div>\n\t\t<\/section>\n\t\t\t\t<section class=\"elementor-section elementor-top-section elementor-element elementor-element-e92f140 elementor-section-boxed elementor-section-height-default elementor-section-height-default\" data-id=\"e92f140\" data-element_type=\"section\" data-e-type=\"section\">\n\t\t\t\t\t\t<div class=\"elementor-container elementor-column-gap-default\">\n\t\t\t\t\t<div class=\"elementor-column elementor-col-100 elementor-top-column elementor-element elementor-element-3b38ef8\" data-id=\"3b38ef8\" data-element_type=\"column\" data-e-type=\"column\">\n\t\t\t<div class=\"elementor-widget-wrap elementor-element-populated\">\n\t\t\t\t\t\t<div class=\"elementor-element elementor-element-4cb3aae elementor-widget elementor-widget-heading\" data-id=\"4cb3aae\" data-element_type=\"widget\" data-e-type=\"widget\" data-widget_type=\"heading.default\">\n\t\t\t\t<div class=\"elementor-widget-container\">\n\t\t\t\t\t<h2 class=\"elementor-heading-title elementor-size-default\">Do pobrania<\/h2>\t\t\t\t<\/div>\n\t\t\t\t<\/div>\n\t\t\t\t<div class=\"elementor-element elementor-element-45602a6 elementor-widget elementor-widget-wp-widget-download_attachments_list_widget\" data-id=\"45602a6\" data-element_type=\"widget\" data-e-type=\"widget\" data-widget_type=\"wp-widget-download_attachments_list_widget.default\">\n\t\t\t\t<div class=\"elementor-widget-container\">\n\t\t\t\t\t<h5>Za\u0142\u0105czniki<\/h5><div class=\"download-attachments\">\r\n\t\r\n\t\t\t<h3 class=\"attachments-title\">Za\u0142\u0105czniki<\/h3>\t\r\n\r\n\r\n\r\n\t<ul class=\"da-attachments-list\">\r\n\r\n\t\r\n\t\t\r\n\t\t<li class=\"pdf\">\r\n\r\n\t\t\t\r\n\t\t\t\t\t\t\t<img decoding=\"async\" class=\"attachment-icon\" src=\"https:\/\/zrembchojnice.pl\/wp-content\/plugins\/download-attachments\/images\/ext\/pdf.gif\" alt=\"pdf\" \/>\r\n\t\t\t\r\n\t\t\t\r\n\t\t\t<a href=\"https:\/\/zrembchojnice.pl\/wp-content\/plugins\/download-attachments\/includes\/download.php?id=9760\" title=\"GPW_dobre_praktyki_ZREMB-CHOJNICE-2021\" class=\"attachment-link\">GPW_dobre_praktyki_ZREMB-CHOJNICE-2021<\/a>\r\n\t\t\t\r\n\t\t\t<br \/>\r\n\r\n\t\t\t\r\n\t\t\t\r\n\t\t\t\r\n\t\t\t\r\n\t\t\t\r\n\t\t\t\r\n\t\t<\/li>\r\n\r\n\t\r\n\t<\/ul>\r\n\r\n\r\n\r\n\t<\/div>\t\t\t\t<\/div>\n\t\t\t\t<\/div>\n\t\t\t\t\t<\/div>\n\t\t<\/div>\n\t\t\t\t\t<\/div>\n\t\t<\/section>\n\t\t\t\t<\/div>\n\t\t","protected":false},"excerpt":{"rendered":"<p>\u0141ad korporacyjny Informacja na temat stanu stosowania przez sp\u00f3\u0142k\u0119&nbsp;zasad zawartych w Zbiorze Dobre Praktyki Sp\u00f3\u0142ek&nbsp;Notowanych na GPW 2021 Wed\u0142ug aktualnego stanu stosowania Dobrych Praktyk Sp\u00f3\u0142ka nie stosuje 19 zasad: 1.3.1., 1.3.2., 1.4.,&nbsp;1.4.1., 1.4.2., 1.5., 1.6., 2.1., 2.2., 2.9., 2.11.6., 3.1., 3.4., 3.5., 3.6., 3.8., 4.3., 5.6., 5.7. Do pobrania<\/p>\n","protected":false},"author":1,"featured_media":0,"parent":4648,"menu_order":5,"comment_status":"closed","ping_status":"closed","template":"","meta":{"footnotes":""},"class_list":["post-9752","page","type-page","status-publish","hentry"],"_links":{"self":[{"href":"https:\/\/zrembchojnice.pl\/index.php\/wp-json\/wp\/v2\/pages\/9752","targetHints":{"allow":["GET"]}}],"collection":[{"href":"https:\/\/zrembchojnice.pl\/index.php\/wp-json\/wp\/v2\/pages"}],"about":[{"href":"https:\/\/zrembchojnice.pl\/index.php\/wp-json\/wp\/v2\/types\/page"}],"author":[{"embeddable":true,"href":"https:\/\/zrembchojnice.pl\/index.php\/wp-json\/wp\/v2\/users\/1"}],"replies":[{"embeddable":true,"href":"https:\/\/zrembchojnice.pl\/index.php\/wp-json\/wp\/v2\/comments?post=9752"}],"version-history":[{"count":8,"href":"https:\/\/zrembchojnice.pl\/index.php\/wp-json\/wp\/v2\/pages\/9752\/revisions"}],"predecessor-version":[{"id":9761,"href":"https:\/\/zrembchojnice.pl\/index.php\/wp-json\/wp\/v2\/pages\/9752\/revisions\/9761"}],"up":[{"embeddable":true,"href":"https:\/\/zrembchojnice.pl\/index.php\/wp-json\/wp\/v2\/pages\/4648"}],"wp:attachment":[{"href":"https:\/\/zrembchojnice.pl\/index.php\/wp-json\/wp\/v2\/media?parent=9752"}],"curies":[{"name":"wp","href":"https:\/\/api.w.org\/{rel}","templated":true}]}}