{"id":9374,"date":"2022-02-13T22:53:17","date_gmt":"2022-02-13T21:53:17","guid":{"rendered":"https:\/\/zrembchojnice.pl\/?page_id=9374"},"modified":"2022-03-23T10:43:50","modified_gmt":"2022-03-23T09:43:50","slug":"oferta-publiczna-akcji","status":"publish","type":"page","link":"https:\/\/zrembchojnice.pl\/index.php\/relacje-inwestorskie\/oferta-publiczna-akcji\/","title":{"rendered":"Oferta publiczna akcji"},"content":{"rendered":"\t\t<div data-elementor-type=\"wp-page\" data-elementor-id=\"9374\" class=\"elementor elementor-9374\" data-elementor-post-type=\"page\">\n\t\t\t\t\t\t<section class=\"elementor-section elementor-top-section elementor-element elementor-element-c25d032 elementor-section-full_width elementor-section-height-default elementor-section-height-default\" data-id=\"c25d032\" data-element_type=\"section\" data-e-type=\"section\">\n\t\t\t\t\t\t<div class=\"elementor-container elementor-column-gap-default\">\n\t\t\t\t\t<div class=\"elementor-column elementor-col-100 elementor-top-column elementor-element elementor-element-e5d7e41\" data-id=\"e5d7e41\" data-element_type=\"column\" data-e-type=\"column\">\n\t\t\t<div class=\"elementor-widget-wrap\">\n\t\t\t\t\t\t\t<\/div>\n\t\t<\/div>\n\t\t\t\t\t<\/div>\n\t\t<\/section>\n\t\t\t\t<section class=\"elementor-section elementor-top-section elementor-element elementor-element-1f4954b elementor-section-full_width elementor-section-height-default elementor-section-height-default\" data-id=\"1f4954b\" data-element_type=\"section\" data-e-type=\"section\">\n\t\t\t\t\t\t<div class=\"elementor-container elementor-column-gap-no\">\n\t\t\t\t\t<div class=\"elementor-column elementor-col-100 elementor-top-column elementor-element elementor-element-1b2543ac\" data-id=\"1b2543ac\" data-element_type=\"column\" data-e-type=\"column\">\n\t\t\t<div class=\"elementor-widget-wrap elementor-element-populated\">\n\t\t\t\t\t\t<div class=\"elementor-element elementor-element-91a0924 elementor--h-position-center elementor--v-position-middle elementor-arrows-position-inside elementor-pagination-position-inside elementor-widget elementor-widget-slides\" data-id=\"91a0924\" data-element_type=\"widget\" data-e-type=\"widget\" data-settings=\"{&quot;navigation&quot;:&quot;both&quot;,&quot;autoplay&quot;:&quot;yes&quot;,&quot;pause_on_hover&quot;:&quot;yes&quot;,&quot;pause_on_interaction&quot;:&quot;yes&quot;,&quot;autoplay_speed&quot;:5000,&quot;infinite&quot;:&quot;yes&quot;,&quot;transition&quot;:&quot;slide&quot;,&quot;transition_speed&quot;:500}\" data-widget_type=\"slides.default\">\n\t\t\t\t<div class=\"elementor-widget-container\">\n\t\t\t\t\t\t\t\t\t<div class=\"elementor-swiper\">\n\t\t\t\t\t<div class=\"elementor-slides-wrapper elementor-main-swiper swiper\" role=\"region\" aria-roledescription=\"carousel\" aria-label=\"Slajdy\" dir=\"ltr\" data-animation=\"fadeInUp\">\n\t\t\t\t<div class=\"swiper-wrapper elementor-slides\">\n\t\t\t\t\t\t\t\t\t\t<div class=\"elementor-repeater-item-8549eeb swiper-slide\" role=\"group\" aria-roledescription=\"slide\"><div class=\"swiper-slide-bg\" role=\"img\" aria-label=\"gielda\"><\/div><div class=\"swiper-slide-inner\" ><div class=\"swiper-slide-contents\"><\/div><\/div><\/div>\t\t\t\t<\/div>\n\t\t\t\t\t\t\t<\/div>\n\t\t\t\t<\/div>\n\t\t\t\t\t\t\t\t<\/div>\n\t\t\t\t<\/div>\n\t\t\t\t\t<\/div>\n\t\t<\/div>\n\t\t\t\t\t<\/div>\n\t\t<\/section>\n\t\t\t\t<section class=\"elementor-section elementor-top-section elementor-element elementor-element-fa7d44d elementor-section-boxed elementor-section-height-default elementor-section-height-default\" data-id=\"fa7d44d\" data-element_type=\"section\" data-e-type=\"section\">\n\t\t\t\t\t\t<div class=\"elementor-container elementor-column-gap-wider\">\n\t\t\t\t\t<div class=\"elementor-column elementor-col-100 elementor-top-column elementor-element elementor-element-a932380\" data-id=\"a932380\" data-element_type=\"column\" data-e-type=\"column\">\n\t\t\t<div class=\"elementor-widget-wrap elementor-element-populated\">\n\t\t\t\t\t\t<div class=\"elementor-element elementor-element-53c15b8 elementor-widget elementor-widget-heading\" data-id=\"53c15b8\" data-element_type=\"widget\" data-e-type=\"widget\" data-widget_type=\"heading.default\">\n\t\t\t\t<div class=\"elementor-widget-container\">\n\t\t\t\t\t<h2 class=\"elementor-heading-title elementor-size-default\">Oferta publiczna akcji<\/h2>\t\t\t\t<\/div>\n\t\t\t\t<\/div>\n\t\t\t\t\t<\/div>\n\t\t<\/div>\n\t\t\t\t\t<\/div>\n\t\t<\/section>\n\t\t\t\t<section class=\"elementor-section elementor-top-section elementor-element elementor-element-cb1207a elementor-section-boxed elementor-section-height-default elementor-section-height-default\" data-id=\"cb1207a\" data-element_type=\"section\" data-e-type=\"section\">\n\t\t\t\t\t\t<div class=\"elementor-container elementor-column-gap-wider\">\n\t\t\t\t\t<div class=\"elementor-column elementor-col-100 elementor-top-column elementor-element elementor-element-c394eeb elementor-invisible\" data-id=\"c394eeb\" data-element_type=\"column\" data-e-type=\"column\" data-settings=\"{&quot;animation&quot;:&quot;slideInRight&quot;}\">\n\t\t\t<div class=\"elementor-widget-wrap elementor-element-populated\">\n\t\t\t\t\t\t<div class=\"elementor-element elementor-element-4868a42 elementor-widget elementor-widget-text-editor\" data-id=\"4868a42\" data-element_type=\"widget\" data-e-type=\"widget\" data-widget_type=\"text-editor.default\">\n\t\t\t\t<div class=\"elementor-widget-container\">\n\t\t\t\t\t\t\t\t\t<p>Prospekt Emisyjny zosta\u0142 sporz\u0105dzony w zwi\u0105zku z:<\/p><ul><li>Ofert\u0105 publiczn\u0105 206.855 Akcji:<br \/>\u2013 zwyk\u0142ych na okaziciela Serii B (156.855) o warto\u015bci nominalnej 10 z\u0142 ka\u017cda<br \/>\u2013 zwyk\u0142ych na okaziciela Serii D ( 50.000 ) o warto\u015bci nominalnej 10 z\u0142 ka\u017cda<\/li><li>Dopuszczeniem do obrotu na rynku regulowanym Akcji serii A, B, C oraz D a tak\u017ce praw do Akcji Serii D.<\/li><\/ul><p><br \/>Publiczna oferta Akcji Serii D odby\u0142a si\u0119 na podstawie Uchwa\u0142y nr 07\/09\/07 Nadzwyczajnego Walnego Zgromadzenia Akcjonariuszy ZBM \u201eZREMB-CHOJNICE\u201d S.A. z dnia 10 wrze\u015bnia 2007r. i by\u0142a przeprowadzana w drodze subskrypcji otwartej, o kt\u00f3rej mowa w art. 431 \u00a7 2 pkt 3 KSH.<br \/><br \/>Cena Akcji zosta\u0142a ustalona przez Zarz\u0105d wsp\u00f3lnie z Rad\u0105 Nadzorcz\u0105 oraz Wprowadzaj\u0105cym i wynios\u0142a 130 z\u0142 za jedn\u0105 Akcj\u0119.<br \/>Zapisy na Akcje przyjmowane by\u0142y w dniach 9 \u2013 11 kwietnia 2008 roku w POK Oferuj\u0105cego i uczestnik\u00f3w konsorcjum dystrybucyjnego (wymienionych w Za\u0142\u0105czniku nr 5 do Prospektu).<\/p><p><strong>Harmonogram Oferty Publicznej.<br \/><\/strong><br \/>Postanowieniem NWZA, decyzj\u0105 Zarz\u0105du dzia\u0142aj\u0105cego na mocy upowa\u017cnienia udzielonego w Uchwale nr 07\/09\/07 NWZA z dnia 10 wrze\u015bnia 2007 r. i decyzj\u0105 Wprowadzaj\u0105cego, ustalono nast\u0119puj\u0105cy harmonogram budowania Ksi\u0119gi Popytu, przyjmowania zapis\u00f3w na Akcje oraz pozosta\u0142ych dzia\u0142a\u0144 podporz\u0105dkowanych przeprowadzeniu oferty Akcji:<br \/><strong><br \/>Do 8 kwietnia 2008 r.<\/strong> \u2013 podanie do publicznej wiadomo\u015bci ceny Akcji;<br \/><strong>9 kwietnia 2008 r.<\/strong> \u2013 otwarcie subskrypcji\/sprzeda\u017cy Akcji;<br \/><strong>9 \u2013 11 kwietnia 2008 r.<\/strong> \u2013 przyjmowanie zapis\u00f3w;<br \/><strong>15\u201316 kwietnia 2008r.<\/strong> \u2013 ewentualne przyjmowanie zapis\u00f3w od Inwestor\u00f3w wytypowanych przez Zarz\u0105d i Wprowadzaj\u0105cego;<br \/><strong>do 16 kwietnia 2008 r.<\/strong> \u2013 zamkni\u0119cie subskrypcji\/sprzeda\u017cy.<\/p><p>W dniu 18 kwietnia 2008r. Zarz\u0105d Emitenta dokona\u0142 przydzia\u0142u 50.000 akcji nowej emisji serii D.<br \/>Na Akcje serii A,B,C nie z\u0142o\u017cono zapis\u00f3w.<\/p><p>Akcje wprowadzono do obrotu gie\u0142dowego na rynku r\u00f3wnoleg\u0142ym w dniu 25 kwietnia 2008r.<\/p>\t\t\t\t\t\t\t\t<\/div>\n\t\t\t\t<\/div>\n\t\t\t\t\t<\/div>\n\t\t<\/div>\n\t\t\t\t\t<\/div>\n\t\t<\/section>\n\t\t\t\t<\/div>\n\t\t","protected":false},"excerpt":{"rendered":"<p>Oferta publiczna akcji Prospekt Emisyjny zosta\u0142 sporz\u0105dzony w zwi\u0105zku z: Ofert\u0105 publiczn\u0105 206.855 Akcji:\u2013 zwyk\u0142ych na okaziciela Serii B (156.855) o warto\u015bci nominalnej 10 z\u0142 ka\u017cda\u2013 zwyk\u0142ych na okaziciela Serii D ( 50.000 ) o warto\u015bci nominalnej 10 z\u0142 ka\u017cda Dopuszczeniem do obrotu na rynku regulowanym Akcji serii A, B, C oraz D a tak\u017ce [&hellip;]<\/p>\n","protected":false},"author":1,"featured_media":0,"parent":4648,"menu_order":7,"comment_status":"closed","ping_status":"closed","template":"","meta":{"footnotes":""},"class_list":["post-9374","page","type-page","status-publish","hentry"],"_links":{"self":[{"href":"https:\/\/zrembchojnice.pl\/index.php\/wp-json\/wp\/v2\/pages\/9374","targetHints":{"allow":["GET"]}}],"collection":[{"href":"https:\/\/zrembchojnice.pl\/index.php\/wp-json\/wp\/v2\/pages"}],"about":[{"href":"https:\/\/zrembchojnice.pl\/index.php\/wp-json\/wp\/v2\/types\/page"}],"author":[{"embeddable":true,"href":"https:\/\/zrembchojnice.pl\/index.php\/wp-json\/wp\/v2\/users\/1"}],"replies":[{"embeddable":true,"href":"https:\/\/zrembchojnice.pl\/index.php\/wp-json\/wp\/v2\/comments?post=9374"}],"version-history":[{"count":6,"href":"https:\/\/zrembchojnice.pl\/index.php\/wp-json\/wp\/v2\/pages\/9374\/revisions"}],"predecessor-version":[{"id":9772,"href":"https:\/\/zrembchojnice.pl\/index.php\/wp-json\/wp\/v2\/pages\/9374\/revisions\/9772"}],"up":[{"embeddable":true,"href":"https:\/\/zrembchojnice.pl\/index.php\/wp-json\/wp\/v2\/pages\/4648"}],"wp:attachment":[{"href":"https:\/\/zrembchojnice.pl\/index.php\/wp-json\/wp\/v2\/media?parent=9374"}],"curies":[{"name":"wp","href":"https:\/\/api.w.org\/{rel}","templated":true}]}}