{"id":9359,"date":"2022-02-13T22:36:11","date_gmt":"2022-02-13T21:36:11","guid":{"rendered":"https:\/\/zrembchojnice.pl\/?page_id=9359"},"modified":"2025-07-29T09:03:08","modified_gmt":"2025-07-29T07:03:08","slug":"akcjonariat-2","status":"publish","type":"page","link":"https:\/\/zrembchojnice.pl\/index.php\/relacje-inwestorskie\/akcjonariat-2\/","title":{"rendered":"Akcjonariat"},"content":{"rendered":"\t\t<div data-elementor-type=\"wp-page\" data-elementor-id=\"9359\" class=\"elementor elementor-9359\" data-elementor-post-type=\"page\">\n\t\t\t\t\t\t<section class=\"elementor-section elementor-top-section elementor-element elementor-element-d659589 elementor-section-boxed elementor-section-height-default elementor-section-height-default\" data-id=\"d659589\" data-element_type=\"section\" data-e-type=\"section\">\n\t\t\t\t\t\t<div class=\"elementor-container elementor-column-gap-default\">\n\t\t\t\t\t<div class=\"elementor-column elementor-col-100 elementor-top-column elementor-element elementor-element-6f7c89f\" data-id=\"6f7c89f\" data-element_type=\"column\" data-e-type=\"column\">\n\t\t\t<div class=\"elementor-widget-wrap\">\n\t\t\t\t\t\t\t<\/div>\n\t\t<\/div>\n\t\t\t\t\t<\/div>\n\t\t<\/section>\n\t\t\t\t<section class=\"elementor-section elementor-top-section elementor-element elementor-element-746c48b elementor-section-full_width elementor-section-height-default elementor-section-height-default\" data-id=\"746c48b\" data-element_type=\"section\" data-e-type=\"section\">\n\t\t\t\t\t\t<div class=\"elementor-container elementor-column-gap-no\">\n\t\t\t\t\t<div class=\"elementor-column elementor-col-100 elementor-top-column elementor-element elementor-element-65a39f9\" data-id=\"65a39f9\" data-element_type=\"column\" data-e-type=\"column\">\n\t\t\t<div class=\"elementor-widget-wrap elementor-element-populated\">\n\t\t\t\t\t\t<div class=\"elementor-element elementor-element-b09ca05 elementor--h-position-center elementor--v-position-middle elementor-arrows-position-inside elementor-pagination-position-inside elementor-widget elementor-widget-slides\" data-id=\"b09ca05\" data-element_type=\"widget\" data-e-type=\"widget\" data-settings=\"{&quot;navigation&quot;:&quot;both&quot;,&quot;autoplay&quot;:&quot;yes&quot;,&quot;pause_on_hover&quot;:&quot;yes&quot;,&quot;pause_on_interaction&quot;:&quot;yes&quot;,&quot;autoplay_speed&quot;:5000,&quot;infinite&quot;:&quot;yes&quot;,&quot;transition&quot;:&quot;slide&quot;,&quot;transition_speed&quot;:500}\" data-widget_type=\"slides.default\">\n\t\t\t\t<div class=\"elementor-widget-container\">\n\t\t\t\t\t\t\t\t\t<div class=\"elementor-swiper\">\n\t\t\t\t\t<div class=\"elementor-slides-wrapper elementor-main-swiper swiper\" role=\"region\" aria-roledescription=\"carousel\" aria-label=\"Slajdy\" dir=\"ltr\" data-animation=\"fadeInUp\">\n\t\t\t\t<div class=\"swiper-wrapper elementor-slides\">\n\t\t\t\t\t\t\t\t\t\t<div class=\"elementor-repeater-item-636acf8 swiper-slide\" role=\"group\" aria-roledescription=\"slide\"><div class=\"swiper-slide-bg\" role=\"img\" aria-label=\"gielda\"><\/div><div class=\"swiper-slide-inner\" ><div class=\"swiper-slide-contents\"><\/div><\/div><\/div>\t\t\t\t<\/div>\n\t\t\t\t\t\t\t<\/div>\n\t\t\t\t<\/div>\n\t\t\t\t\t\t\t\t<\/div>\n\t\t\t\t<\/div>\n\t\t\t\t\t<\/div>\n\t\t<\/div>\n\t\t\t\t\t<\/div>\n\t\t<\/section>\n\t\t\t\t<section class=\"elementor-section elementor-top-section elementor-element elementor-element-8c791aa elementor-section-boxed elementor-section-height-default elementor-section-height-default\" data-id=\"8c791aa\" data-element_type=\"section\" data-e-type=\"section\">\n\t\t\t\t\t\t<div class=\"elementor-container elementor-column-gap-default\">\n\t\t\t\t\t<div class=\"elementor-column elementor-col-100 elementor-top-column elementor-element elementor-element-8860e4f\" data-id=\"8860e4f\" data-element_type=\"column\" data-e-type=\"column\">\n\t\t\t<div class=\"elementor-widget-wrap elementor-element-populated\">\n\t\t\t\t\t\t<div class=\"elementor-element elementor-element-4e63ff9 elementor-widget elementor-widget-heading\" data-id=\"4e63ff9\" data-element_type=\"widget\" data-e-type=\"widget\" data-widget_type=\"heading.default\">\n\t\t\t\t<div class=\"elementor-widget-container\">\n\t\t\t\t\t<h2 class=\"elementor-heading-title elementor-size-default\">Struktura w\u0142asno\u015bciowa<\/h2>\t\t\t\t<\/div>\n\t\t\t\t<\/div>\n\t\t\t\t\t<\/div>\n\t\t<\/div>\n\t\t\t\t\t<\/div>\n\t\t<\/section>\n\t\t\t\t<section class=\"elementor-section elementor-top-section elementor-element elementor-element-653fb57 elementor-section-boxed elementor-section-height-default elementor-section-height-default\" data-id=\"653fb57\" data-element_type=\"section\" data-e-type=\"section\">\n\t\t\t\t\t\t<div class=\"elementor-container elementor-column-gap-default\">\n\t\t\t\t\t<div class=\"elementor-column elementor-col-100 elementor-top-column elementor-element elementor-element-1a7ef22\" data-id=\"1a7ef22\" data-element_type=\"column\" data-e-type=\"column\">\n\t\t\t<div class=\"elementor-widget-wrap elementor-element-populated\">\n\t\t\t\t\t\t<div class=\"elementor-element elementor-element-135797a elementor-widget elementor-widget-text-editor\" data-id=\"135797a\" data-element_type=\"widget\" data-e-type=\"widget\" data-widget_type=\"text-editor.default\">\n\t\t\t\t<div class=\"elementor-widget-container\">\n\t\t\t\t\t\t\t\t\t<p><strong>Emitent informuje, \u017ce akcjonariusze posiadaj\u0105cy powy\u017cej 5% akcji w kapitale zak\u0142adowym Sp\u00f3\u0142ki zobowi\u0105zani s\u0105 do przekazywania informacji o zmianach w stanie posiadania akcji.<\/strong><\/p>\n<p>Liczba akcji poszczeg\u00f3lnych akcjonariuszy jest wynikiem podzielenia dotychczasowej liczby posiadanych akcji (zgodnie z zawiadomieniami).\u00a0<\/p>\n<p><!-- \/wp:paragraph --><\/p>\t\t\t\t\t\t\t\t<\/div>\n\t\t\t\t<\/div>\n\t\t\t\t\t<\/div>\n\t\t<\/div>\n\t\t\t\t\t<\/div>\n\t\t<\/section>\n\t\t\t\t<section class=\"elementor-section elementor-top-section elementor-element elementor-element-bc7f876 elementor-section-boxed elementor-section-height-default elementor-section-height-default\" data-id=\"bc7f876\" data-element_type=\"section\" data-e-type=\"section\" data-settings=\"{&quot;background_background&quot;:&quot;classic&quot;}\">\n\t\t\t\t\t\t<div class=\"elementor-container elementor-column-gap-default\">\n\t\t\t\t\t<div class=\"elementor-column elementor-col-100 elementor-top-column elementor-element elementor-element-fa584f0\" data-id=\"fa584f0\" data-element_type=\"column\" data-e-type=\"column\">\n\t\t\t<div class=\"elementor-widget-wrap elementor-element-populated\">\n\t\t\t\t\t\t<div class=\"elementor-element elementor-element-93de6d6 elementor-widget elementor-widget-text-editor\" data-id=\"93de6d6\" data-element_type=\"widget\" data-e-type=\"widget\" data-widget_type=\"text-editor.default\">\n\t\t\t\t<div class=\"elementor-widget-container\">\n\t\t\t\t\t\t\t\t\t<figure class=\"wp-block-table aligncenter is-style-regular\" style=\"margin-bottom: 0px;\"><table class=\"has-fixed-layout\" style=\"margin: 0px 0px 25px; width: 1080px; border: 1px solid #eeeeee;\"><tbody><tr style=\"border-bottom-width: 1px; border-bottom-style: solid; border-bottom-color: #eeeeee;\"><th style=\"padding: 0.8rem; border-color: #eeeeee;\">Akcjonariusz<\/th><th style=\"padding: 0.8rem; border-color: #eeeeee; text-align: left;\">Liczba Akcji\u00a0\u00a0 \u00a0\u00a0<\/th><th style=\"padding: 0.8rem; border-color: #eeeeee; text-align: left;\">Udzia\u0142 w strukturze akcjonariatu,<br \/>udzia\u0142 g\u0142os\u00f3w WZA<\/th><th style=\"padding: 0.8rem; border-color: #eeeeee; text-align: left;\">Stan posiadania na\u00a0podstawie informacji\u00a0przekazanych do Sp\u00f3\u0142ki\u00a0 wg stanu na dzie\u0144<\/th><\/tr><tr style=\"border-bottom-width: 1px; border-bottom-style: solid; border-bottom-color: #eeeeee;\"><td style=\"padding: 0.8rem; border-color: #eeeeee;\">Krzysztof Kosiorek-Sobolewski\u00a0\u00a0\u00a0\u00a0\u00a0\u00a0\u00a0\u00a0\u00a0\u00a0\u00a0\u00a0\u00a0\u00a0\u00a0\u00a0\u00a0\u00a0\u00a0\u00a0\u00a0\u00a0\u00a0\u00a0<\/td><td style=\"padding: 0.8rem; border-color: #eeeeee;\">2 160 000\u00a0<\/td><td style=\"padding: 0.8rem; border-color: #eeeeee;\">15,43 %<\/td><td style=\"padding: 0.8rem; border-color: #eeeeee;\">05.06.2025 r.<\/td><\/tr><tr style=\"border-bottom-width: 1px; border-bottom-style: solid; border-bottom-color: #eeeeee;\"><td style=\"padding: 0.8rem; border-color: #eeeeee;\">Marcin Garus<\/td><td style=\"padding: 0.8rem; border-color: #eeeeee;\">719 873<\/td><td style=\"padding: 0.8rem; border-color: #eeeeee;\">5,14%<\/td><td style=\"padding: 0.8rem; border-color: #eeeeee;\">24.07.2025 r.<\/td><\/tr><tr style=\"border-bottom-width: 1px; border-bottom-style: solid; border-bottom-color: #eeeeee;\"><td style=\"padding: 0.8rem; border-color: #eeeeee;\"><p>POLAKSA Fundacja Rodzinna<\/p><\/td><td style=\"padding: 0.8rem; border-color: #eeeeee;\">1 000 000<\/td><td style=\"padding: 0.8rem; border-color: #eeeeee;\">7,14%<\/td><td style=\"padding: 0.8rem; border-color: #eeeeee;\">\u00a005.06.2025 r.<\/td><\/tr><tr style=\"border-bottom-width: 1px; border-bottom-style: solid; border-bottom-color: #eeeeee;\"><td style=\"padding: 0.8rem; border-color: #eeeeee;\"><p>GARUS Fundacja Rodzinna w organizacji<\/p><\/td><td style=\"padding: 0.8rem; border-color: #eeeeee;\">750 000<\/td><td style=\"padding: 0.8rem; border-color: #eeeeee;\">5,36%<\/td><td style=\"padding: 0.8rem; border-color: #eeeeee;\">24.07.2025 r.<\/td><\/tr><tr style=\"border-bottom-width: 1px; border-bottom-style: solid; border-bottom-color: #eeeeee;\"><td style=\"padding: 0.8rem; border-color: #eeeeee;\">Pozostali akcjonariusze<\/td><td style=\"padding: 0.8rem; border-color: #eeeeee;\">9 370 127<\/td><td style=\"padding: 0.8rem; border-color: #eeeeee;\">66,93%<\/td><td style=\"padding: 0.8rem; border-color: #eeeeee;\">\u00a0<\/td><\/tr><tr style=\"border-bottom-width: 1px; border-bottom-style: solid; border-bottom-color: #eeeeee;\"><td style=\"padding: 0.8rem; border-color: #eeeeee;\">\u0141\u0105cznie<\/td><td style=\"padding: 0.8rem; border-color: #eeeeee;\">14 000 000<\/td><td style=\"padding: 0.8rem; border-color: #eeeeee;\">100%<\/td><\/tr><\/tbody><\/table><\/figure><p><!-- \/wp:paragraph --><\/p>\t\t\t\t\t\t\t\t<\/div>\n\t\t\t\t<\/div>\n\t\t\t\t<div class=\"elementor-element elementor-element-4175649 elementor-widget elementor-widget-text-editor\" data-id=\"4175649\" data-element_type=\"widget\" data-e-type=\"widget\" data-widget_type=\"text-editor.default\">\n\t\t\t\t<div class=\"elementor-widget-container\">\n\t\t\t\t\t\t\t\t\t<p><strong>Aktualna wysoko\u015b\u0107 kapita\u0142u zak\u0142adowego<\/strong> wynosi 7.000.00,00 z\u0142otych i dzieli si\u0119 na 14.000.000 akcji zwyk\u0142ych na okaziciela o warto\u015bci nominalnej 50 groszy ka\u017cda:<\/p>\t\t\t\t\t\t\t\t<\/div>\n\t\t\t\t<\/div>\n\t\t\t\t<section class=\"elementor-section elementor-inner-section elementor-element elementor-element-e63711a elementor-section-boxed elementor-section-height-default elementor-section-height-default\" data-id=\"e63711a\" data-element_type=\"section\" data-e-type=\"section\" data-settings=\"{&quot;background_background&quot;:&quot;classic&quot;}\">\n\t\t\t\t\t\t<div class=\"elementor-container elementor-column-gap-default\">\n\t\t\t\t\t<div class=\"elementor-column elementor-col-50 elementor-inner-column elementor-element elementor-element-549e4d9\" data-id=\"549e4d9\" data-element_type=\"column\" data-e-type=\"column\">\n\t\t\t<div class=\"elementor-widget-wrap elementor-element-populated\">\n\t\t\t\t\t\t<div class=\"elementor-element elementor-element-a5004cd elementor-widget elementor-widget-text-editor\" data-id=\"a5004cd\" data-element_type=\"widget\" data-e-type=\"widget\" data-widget_type=\"text-editor.default\">\n\t\t\t\t<div class=\"elementor-widget-container\">\n\t\t\t\t\t\t\t\t\t<ul><li>400.000 akcji serii A<\/li><li>4.000.000 akcji serii B<\/li><li>900.000 akcji serii C<\/li><li>1.000.000 akcji serii D<\/li><li>\u00a0280.000 akcji serii E<\/li><li>320.000 akcji serii F1<\/li><li>497.600 akcji serii F2<\/li><\/ul>\t\t\t\t\t\t\t\t<\/div>\n\t\t\t\t<\/div>\n\t\t\t\t\t<\/div>\n\t\t<\/div>\n\t\t\t\t<div class=\"elementor-column elementor-col-50 elementor-inner-column elementor-element elementor-element-44162c2\" data-id=\"44162c2\" data-element_type=\"column\" data-e-type=\"column\">\n\t\t\t<div class=\"elementor-widget-wrap elementor-element-populated\">\n\t\t\t\t\t\t<div class=\"elementor-element elementor-element-4d8fff4 elementor-widget elementor-widget-text-editor\" data-id=\"4d8fff4\" data-element_type=\"widget\" data-e-type=\"widget\" data-widget_type=\"text-editor.default\">\n\t\t\t\t<div class=\"elementor-widget-container\">\n\t\t\t\t\t\t\t\t\t<ul><li>1.182.400 akcji serii F3<\/li><li>142.500 akcji serii G<\/li><li>2.754.589 akcji serii H<\/li><li>1.122.911 akcji serii I<\/li><li>400.000 akcji serii I1<\/li><li>700.000 akcji serii J<\/li><li>300.000 akcji serii K<\/li><\/ul>\t\t\t\t\t\t\t\t<\/div>\n\t\t\t\t<\/div>\n\t\t\t\t\t<\/div>\n\t\t<\/div>\n\t\t\t\t\t<\/div>\n\t\t<\/section>\n\t\t\t\t\t<\/div>\n\t\t<\/div>\n\t\t\t\t\t<\/div>\n\t\t<\/section>\n\t\t\t\t<\/div>\n\t\t","protected":false},"excerpt":{"rendered":"<p>Struktura w\u0142asno\u015bciowa Emitent informuje, \u017ce akcjonariusze posiadaj\u0105cy powy\u017cej 5% akcji w kapitale zak\u0142adowym Sp\u00f3\u0142ki zobowi\u0105zani s\u0105 do przekazywania informacji o zmianach w stanie posiadania akcji. Liczba akcji poszczeg\u00f3lnych akcjonariuszy jest wynikiem podzielenia dotychczasowej liczby posiadanych akcji (zgodnie z zawiadomieniami).\u00a0 Akcjonariusz Liczba Akcji\u00a0\u00a0 \u00a0\u00a0 Udzia\u0142 w strukturze akcjonariatu,udzia\u0142 g\u0142os\u00f3w WZA Stan posiadania na\u00a0podstawie informacji\u00a0przekazanych do Sp\u00f3\u0142ki\u00a0 [&hellip;]<\/p>\n","protected":false},"author":1,"featured_media":0,"parent":4648,"menu_order":0,"comment_status":"closed","ping_status":"closed","template":"","meta":{"footnotes":""},"class_list":["post-9359","page","type-page","status-publish","hentry"],"_links":{"self":[{"href":"https:\/\/zrembchojnice.pl\/index.php\/wp-json\/wp\/v2\/pages\/9359","targetHints":{"allow":["GET"]}}],"collection":[{"href":"https:\/\/zrembchojnice.pl\/index.php\/wp-json\/wp\/v2\/pages"}],"about":[{"href":"https:\/\/zrembchojnice.pl\/index.php\/wp-json\/wp\/v2\/types\/page"}],"author":[{"embeddable":true,"href":"https:\/\/zrembchojnice.pl\/index.php\/wp-json\/wp\/v2\/users\/1"}],"replies":[{"embeddable":true,"href":"https:\/\/zrembchojnice.pl\/index.php\/wp-json\/wp\/v2\/comments?post=9359"}],"version-history":[{"count":50,"href":"https:\/\/zrembchojnice.pl\/index.php\/wp-json\/wp\/v2\/pages\/9359\/revisions"}],"predecessor-version":[{"id":12954,"href":"https:\/\/zrembchojnice.pl\/index.php\/wp-json\/wp\/v2\/pages\/9359\/revisions\/12954"}],"up":[{"embeddable":true,"href":"https:\/\/zrembchojnice.pl\/index.php\/wp-json\/wp\/v2\/pages\/4648"}],"wp:attachment":[{"href":"https:\/\/zrembchojnice.pl\/index.php\/wp-json\/wp\/v2\/media?parent=9359"}],"curies":[{"name":"wp","href":"https:\/\/api.w.org\/{rel}","templated":true}]}}