{"id":4645,"date":"2020-06-05T12:20:07","date_gmt":"2020-06-05T10:20:07","guid":{"rendered":"https:\/\/zrembchojnice.pl\/?page_id=4645"},"modified":"2025-06-11T09:38:44","modified_gmt":"2025-06-11T07:38:44","slug":"kontakt","status":"publish","type":"page","link":"https:\/\/zrembchojnice.pl\/index.php\/kontakt\/","title":{"rendered":"Kontakt"},"content":{"rendered":"\t\t<div data-elementor-type=\"wp-page\" data-elementor-id=\"4645\" class=\"elementor elementor-4645\" data-elementor-post-type=\"page\">\n\t\t\t\t\t\t<section class=\"elementor-section elementor-top-section elementor-element elementor-element-c25d032 elementor-section-full_width elementor-section-height-default elementor-section-height-default\" data-id=\"c25d032\" data-element_type=\"section\" data-e-type=\"section\">\n\t\t\t\t\t\t<div class=\"elementor-container elementor-column-gap-default\">\n\t\t\t\t\t<div class=\"elementor-column elementor-col-100 elementor-top-column elementor-element elementor-element-e5d7e41\" data-id=\"e5d7e41\" data-element_type=\"column\" data-e-type=\"column\">\n\t\t\t<div class=\"elementor-widget-wrap\">\n\t\t\t\t\t\t\t<\/div>\n\t\t<\/div>\n\t\t\t\t\t<\/div>\n\t\t<\/section>\n\t\t\t\t<section class=\"elementor-section elementor-top-section elementor-element elementor-element-1f4954b elementor-section-full_width elementor-section-height-default elementor-section-height-default\" data-id=\"1f4954b\" data-element_type=\"section\" data-e-type=\"section\">\n\t\t\t\t\t\t<div class=\"elementor-container elementor-column-gap-no\">\n\t\t\t\t\t<div class=\"elementor-column elementor-col-100 elementor-top-column elementor-element elementor-element-1b2543ac\" data-id=\"1b2543ac\" data-element_type=\"column\" data-e-type=\"column\">\n\t\t\t<div class=\"elementor-widget-wrap elementor-element-populated\">\n\t\t\t\t\t\t<div class=\"elementor-element elementor-element-91a0924 elementor--h-position-center elementor--v-position-middle elementor-arrows-position-inside elementor-pagination-position-inside elementor-widget elementor-widget-slides\" data-id=\"91a0924\" data-element_type=\"widget\" data-e-type=\"widget\" data-settings=\"{&quot;navigation&quot;:&quot;both&quot;,&quot;autoplay&quot;:&quot;yes&quot;,&quot;pause_on_hover&quot;:&quot;yes&quot;,&quot;pause_on_interaction&quot;:&quot;yes&quot;,&quot;autoplay_speed&quot;:5000,&quot;infinite&quot;:&quot;yes&quot;,&quot;transition&quot;:&quot;slide&quot;,&quot;transition_speed&quot;:500}\" data-widget_type=\"slides.default\">\n\t\t\t\t<div class=\"elementor-widget-container\">\n\t\t\t\t\t\t\t\t\t<div class=\"elementor-swiper\">\n\t\t\t\t\t<div class=\"elementor-slides-wrapper elementor-main-swiper swiper\" role=\"region\" aria-roledescription=\"carousel\" aria-label=\"Slajdy\" dir=\"ltr\" data-animation=\"fadeInUp\">\n\t\t\t\t<div class=\"swiper-wrapper elementor-slides\">\n\t\t\t\t\t\t\t\t\t\t<div class=\"elementor-repeater-item-8549eeb swiper-slide\" role=\"group\" aria-roledescription=\"slide\"><div class=\"swiper-slide-bg\" role=\"img\" aria-label=\"rynek_chojnice\"><\/div><div class=\"swiper-slide-inner\" ><div class=\"swiper-slide-contents\"><\/div><\/div><\/div>\t\t\t\t<\/div>\n\t\t\t\t\t\t\t<\/div>\n\t\t\t\t<\/div>\n\t\t\t\t\t\t\t\t<\/div>\n\t\t\t\t<\/div>\n\t\t\t\t\t<\/div>\n\t\t<\/div>\n\t\t\t\t\t<\/div>\n\t\t<\/section>\n\t\t\t\t<section class=\"elementor-section elementor-top-section elementor-element elementor-element-fa7d44d elementor-section-boxed elementor-section-height-default elementor-section-height-default\" data-id=\"fa7d44d\" data-element_type=\"section\" data-e-type=\"section\">\n\t\t\t\t\t\t<div class=\"elementor-container elementor-column-gap-wider\">\n\t\t\t\t\t<div class=\"elementor-column elementor-col-100 elementor-top-column elementor-element elementor-element-a932380\" data-id=\"a932380\" data-element_type=\"column\" data-e-type=\"column\">\n\t\t\t<div class=\"elementor-widget-wrap elementor-element-populated\">\n\t\t\t\t\t\t<div class=\"elementor-element elementor-element-53c15b8 elementor-widget elementor-widget-heading\" data-id=\"53c15b8\" data-element_type=\"widget\" data-e-type=\"widget\" data-widget_type=\"heading.default\">\n\t\t\t\t<div class=\"elementor-widget-container\">\n\t\t\t\t\t<h2 class=\"elementor-heading-title elementor-size-default\">Kontakt<\/h2>\t\t\t\t<\/div>\n\t\t\t\t<\/div>\n\t\t\t\t\t<\/div>\n\t\t<\/div>\n\t\t\t\t\t<\/div>\n\t\t<\/section>\n\t\t\t\t<section class=\"elementor-section elementor-top-section elementor-element elementor-element-cb1207a elementor-section-boxed elementor-section-height-default elementor-section-height-default\" data-id=\"cb1207a\" data-element_type=\"section\" data-e-type=\"section\">\n\t\t\t\t\t\t<div class=\"elementor-container elementor-column-gap-wider\">\n\t\t\t\t\t<div class=\"elementor-column elementor-col-50 elementor-top-column elementor-element elementor-element-dcf1a5c elementor-invisible\" data-id=\"dcf1a5c\" data-element_type=\"column\" data-e-type=\"column\" data-settings=\"{&quot;animation&quot;:&quot;slideInLeft&quot;}\">\n\t\t\t<div class=\"elementor-widget-wrap elementor-element-populated\">\n\t\t\t\t\t\t<div class=\"elementor-element elementor-element-443785f elementor-button-align-stretch elementor-widget elementor-widget-form\" data-id=\"443785f\" data-element_type=\"widget\" data-e-type=\"widget\" data-settings=\"{&quot;step_next_label&quot;:&quot;Nast\\u0119pny&quot;,&quot;step_previous_label&quot;:&quot;Poprzedni&quot;,&quot;button_width&quot;:&quot;100&quot;,&quot;step_type&quot;:&quot;number_text&quot;,&quot;step_icon_shape&quot;:&quot;circle&quot;}\" data-widget_type=\"form.default\">\n\t\t\t\t<div class=\"elementor-widget-container\">\n\t\t\t\t\t\t\t<form class=\"elementor-form\" method=\"post\" name=\"Formularz kontaktowy\" aria-label=\"Formularz kontaktowy\">\n\t\t\t<input type=\"hidden\" name=\"post_id\" value=\"4645\"\/>\n\t\t\t<input type=\"hidden\" name=\"form_id\" value=\"443785f\"\/>\n\t\t\t<input type=\"hidden\" name=\"referer_title\" value=\"Kontakt\" \/>\n\n\t\t\t\t\t\t\t<input type=\"hidden\" name=\"queried_id\" value=\"4645\"\/>\n\t\t\t\n\t\t\t<div class=\"elementor-form-fields-wrapper elementor-labels-above\">\n\t\t\t\t\t\t\t\t<div class=\"elementor-field-type-text elementor-field-group elementor-column elementor-field-group-name elementor-col-100\">\n\t\t\t\t\t\t\t\t\t\t\t\t<label for=\"form-field-name\" class=\"elementor-field-label\">\n\t\t\t\t\t\t\t\tImi\u0119 i nazwisko*\t\t\t\t\t\t\t<\/label>\n\t\t\t\t\t\t\t\t\t\t\t\t\t\t<input size=\"1\" type=\"text\" name=\"form_fields[name]\" id=\"form-field-name\" class=\"elementor-field elementor-size-sm  elementor-field-textual\">\n\t\t\t\t\t\t\t\t\t\t\t<\/div>\n\t\t\t\t\t\t\t\t<div class=\"elementor-field-type-text elementor-field-group elementor-column elementor-field-group-field_16ebfa5 elementor-col-100\">\n\t\t\t\t\t\t\t\t\t\t\t\t<label for=\"form-field-field_16ebfa5\" class=\"elementor-field-label\">\n\t\t\t\t\t\t\t\tFirma\t\t\t\t\t\t\t<\/label>\n\t\t\t\t\t\t\t\t\t\t\t\t\t\t<input size=\"1\" type=\"text\" name=\"form_fields[field_16ebfa5]\" id=\"form-field-field_16ebfa5\" class=\"elementor-field elementor-size-sm  elementor-field-textual\">\n\t\t\t\t\t\t\t\t\t\t\t<\/div>\n\t\t\t\t\t\t\t\t<div class=\"elementor-field-type-email elementor-field-group elementor-column elementor-field-group-email elementor-col-100 elementor-field-required\">\n\t\t\t\t\t\t\t\t\t\t\t\t<label for=\"form-field-email\" class=\"elementor-field-label\">\n\t\t\t\t\t\t\t\tE-mail*\t\t\t\t\t\t\t<\/label>\n\t\t\t\t\t\t\t\t\t\t\t\t\t\t<input size=\"1\" type=\"email\" name=\"form_fields[email]\" id=\"form-field-email\" class=\"elementor-field elementor-size-sm  elementor-field-textual\" required=\"required\">\n\t\t\t\t\t\t\t\t\t\t\t<\/div>\n\t\t\t\t\t\t\t\t<div class=\"elementor-field-type-textarea elementor-field-group elementor-column elementor-field-group-message elementor-col-100 elementor-field-required\">\n\t\t\t\t\t\t\t\t\t\t\t\t<label for=\"form-field-message\" class=\"elementor-field-label\">\n\t\t\t\t\t\t\t\tWiadomo\u015b\u0107*\t\t\t\t\t\t\t<\/label>\n\t\t\t\t\t\t<textarea class=\"elementor-field-textual elementor-field  elementor-size-sm\" name=\"form_fields[message]\" id=\"form-field-message\" rows=\"5\" required=\"required\"><\/textarea>\t\t\t\t<\/div>\n\t\t\t\t\t\t\t\t<div class=\"elementor-field-group elementor-column elementor-field-type-submit elementor-col-100 e-form__buttons\">\n\t\t\t\t\t<button class=\"elementor-button elementor-size-md elementor-animation-float\" type=\"submit\">\n\t\t\t\t\t\t<span class=\"elementor-button-content-wrapper\">\n\t\t\t\t\t\t\t\t\t\t\t\t\t\t\t\t\t\t\t\t\t\t<span class=\"elementor-button-text\">Wy\u015blij<\/span>\n\t\t\t\t\t\t\t\t\t\t\t\t\t<\/span>\n\t\t\t\t\t<\/button>\n\t\t\t\t<\/div>\n\t\t\t<\/div>\n\t\t<\/form>\n\t\t\t\t\t\t<\/div>\n\t\t\t\t<\/div>\n\t\t\t\t\t<\/div>\n\t\t<\/div>\n\t\t\t\t<div class=\"elementor-column elementor-col-50 elementor-top-column elementor-element elementor-element-c394eeb elementor-invisible\" data-id=\"c394eeb\" data-element_type=\"column\" data-e-type=\"column\" data-settings=\"{&quot;animation&quot;:&quot;slideInRight&quot;}\">\n\t\t\t<div class=\"elementor-widget-wrap elementor-element-populated\">\n\t\t\t\t\t\t<div class=\"elementor-element elementor-element-774fcd1 elementor-widget elementor-widget-text-editor\" data-id=\"774fcd1\" data-element_type=\"widget\" data-e-type=\"widget\" data-widget_type=\"text-editor.default\">\n\t\t\t\t<div class=\"elementor-widget-container\">\n\t\t\t\t\t\t\t\t\t<p><strong>Zak\u0142ad Budowy Maszyn \u201eZREMB\u2013CHOJNICE\u201d S.A.<br \/><\/strong>ul. Przemys\u0142owa 15,\u00a089-600 Chojnice, Polska\u00a0<\/p><p>telefon: +48 52\u00a0 39-65-710, fax +48 52 \u00a039-731 -63<br \/>e-mail: <a href=\"mailto:sekretariat@zrembchojnice.pl\">sekretariat@zrembchojnice.pl<\/a><\/p><p>e-mail: <a href=\"mailto:marketing@zrembchojnice.pl\">marketing@zrembchojnice.pl<\/a>\u00a0<\/p>\t\t\t\t\t\t\t\t<\/div>\n\t\t\t\t<\/div>\n\t\t\t\t<div class=\"elementor-element elementor-element-4868a42 elementor-widget elementor-widget-text-editor\" data-id=\"4868a42\" data-element_type=\"widget\" data-e-type=\"widget\" data-widget_type=\"text-editor.default\">\n\t\t\t\t<div class=\"elementor-widget-container\">\n\t\t\t\t\t\t\t\t\t<p>Sp\u00f3\u0142ka wpisana do Rejestru Przedsi\u0119biorc\u00f3w prowadzonego przez S\u0105d Rejonowy Gda\u0144sk-P\u00f3\u0142noc w Gda\u0144sku, VIII Wydzia\u0142 Gospodarczy Krajowego Rejestru S\u0105dowego.<\/p><p>Nr\u00a0<strong>KRS<\/strong> 0000078076,\u00a0<strong>NIP<\/strong> 555-15-64-913,\u00a0<strong>REGON<\/strong> 091343195<\/p><p>Wysoko\u015b\u0107 kapita\u0142u zak\u0142adowego: 7.000.000,00 z\u0142<br \/>Wysoko\u015b\u0107 kapita\u0142u wp\u0142aconego: 7.000.000,00 z\u0142<\/p>\t\t\t\t\t\t\t\t<\/div>\n\t\t\t\t<\/div>\n\t\t\t\t\t<\/div>\n\t\t<\/div>\n\t\t\t\t\t<\/div>\n\t\t<\/section>\n\t\t\t\t<section class=\"elementor-section elementor-top-section elementor-element elementor-element-67ab6e0 elementor-section-boxed elementor-section-height-default elementor-section-height-default\" data-id=\"67ab6e0\" data-element_type=\"section\" data-e-type=\"section\" data-settings=\"{&quot;background_background&quot;:&quot;classic&quot;}\">\n\t\t\t\t\t\t<div class=\"elementor-container elementor-column-gap-wider\">\n\t\t\t\t\t<div class=\"elementor-column elementor-col-100 elementor-top-column elementor-element elementor-element-99775e5\" data-id=\"99775e5\" data-element_type=\"column\" data-e-type=\"column\">\n\t\t\t<div class=\"elementor-widget-wrap elementor-element-populated\">\n\t\t\t\t\t\t<div class=\"elementor-element elementor-element-3328ff0 elementor-widget elementor-widget-heading\" data-id=\"3328ff0\" data-element_type=\"widget\" data-e-type=\"widget\" data-widget_type=\"heading.default\">\n\t\t\t\t<div class=\"elementor-widget-container\">\n\t\t\t\t\t<h2 class=\"elementor-heading-title elementor-size-default\">Dzia\u0142y<\/h2>\t\t\t\t<\/div>\n\t\t\t\t<\/div>\n\t\t\t\t\t<\/div>\n\t\t<\/div>\n\t\t\t\t\t<\/div>\n\t\t<\/section>\n\t\t\t\t<section class=\"elementor-section elementor-top-section elementor-element elementor-element-8d97d6f elementor-section-boxed elementor-section-height-default elementor-section-height-default\" data-id=\"8d97d6f\" data-element_type=\"section\" data-e-type=\"section\" data-settings=\"{&quot;background_background&quot;:&quot;classic&quot;}\">\n\t\t\t\t\t\t<div class=\"elementor-container elementor-column-gap-default\">\n\t\t\t\t\t<div class=\"elementor-column elementor-col-100 elementor-top-column elementor-element elementor-element-efaa413\" data-id=\"efaa413\" data-element_type=\"column\" data-e-type=\"column\">\n\t\t\t<div class=\"elementor-widget-wrap elementor-element-populated\">\n\t\t\t\t\t\t<div class=\"elementor-element elementor-element-e4bc6bf elementor-widget elementor-widget-text-editor\" data-id=\"e4bc6bf\" data-element_type=\"widget\" data-e-type=\"widget\" data-widget_type=\"text-editor.default\">\n\t\t\t\t<div class=\"elementor-widget-container\">\n\t\t\t\t\t\t\t\t\t<table><tbody><tr><td><strong>Symbol<\/strong><\/td><td><strong>Dzia\u0142\/Stanowisko<\/strong><\/td><td><strong>Imi\u0119 i nazwisko <\/strong><\/td><td><strong>Telefon <\/strong><\/td><\/tr><tr><td>NBZ<\/td><td>Asystentka Zarz\u0105du\/Specjalista ds. GPW<\/td><td><a href=\"mailto:agnieszka.zakrzewska@zrembchojnice.pl\">Agnieszka Zakrzewska<\/a><\/td><td>52 396 57 10<\/td><\/tr><tr><td>\u00a0<\/td><td>Portiernia<\/td><td>Wartownia\/Centrala<\/td><td>52 396 57 11<\/td><\/tr><tr><td>DF<\/td><td>Ksi\u0119gowo\u015b\u0107<\/td><td><a href=\"mailto:paula.krause@zrembchojnice.pl\">Paula Krause<\/a><\/td><td>52 396 57 31<\/td><\/tr><tr><td>NS<\/td><td>Marketing<\/td><td><a href=\"mailto:lukasz.kuklinski@zrembchojnice.pl\">\u0141ukasz Kukli\u0144ski<\/a>\/<a href=\"mailto:magdalena.heydebreck@zrembchojnice.pl\">Magdalena Heydebreck<\/a><\/td><td>52 396 57 19<\/td><\/tr><tr><td>NKP<\/td><td>Dzia\u0142 Kadr i P\u0142ac<\/td><td><a href=\"mailto:agnieszka.pujanek@zrembchojnice.pl\">Agnieszka Pujanek<\/a> \/\u00a0<a href=\"mailto:katarzyna.kuklewska@zrembchojnice.pl\">Katarzyna Kuklewska<\/a><\/td><td>52 396 57 18<\/td><\/tr><tr><td>DF<\/td><td>G\u0142\u00f3wna Ksi\u0119gowa<\/td><td><a href=\"mailto:emanuela.sikorska@zrembchojnice.pl\" target=\"_blank\" rel=\"noreferrer noopener\" aria-label=\" (otwiera si\u0119 na nowej zak\u0142adce)\">Emanuela Sikorska<\/a><\/td><td>52 396 57 43<\/td><\/tr><tr><td>DPR<\/td><td>Szef Produkcji<\/td><td><a href=\"mailto:mariusz.owsnicki@zrembchojnice.pl\">Mariusz Ow\u015bnicki<\/a><\/td><td>52 396 57 61<\/td><\/tr><tr><td>NZ<\/td><td>Kierownik Dzia\u0142u Zaopatrzenia i Kooperacji<\/td><td><a href=\"mailto:artur.sprengel@zrembchojnice.pl\">Artur Sprengel<\/a><\/td><td>52 396 57 49<\/td><\/tr><tr><td>NZ<\/td><td>Dzia\u0142 Zaopatrzenia i Kooperacji\/ transport<\/td><td><a href=\"mailto:radoslaw.smaglinski@zrembchojnice.pl\">Rados\u0142aw Smagli\u0144ski<\/a><\/td><td>52 396 57 49<\/td><\/tr><tr><td>NBHP<\/td><td>Specjalista ds. BHP i P.PO\u017b<\/td><td><a href=\"mailto:tomasz.gawin@zrembchojnice.pl\">Tomasz Gawin<br \/><\/a><\/td><td>52 396 57 79<\/td><\/tr><tr><td>NKJ<\/td><td>Kierownik Kontroli Jako\u015bci<\/td><td><a href=\"mailto:krzysztof.wilk@zrembchojnice.pl\">Krzysztof Wilk<\/a><\/td><td>52 396 57 30<\/td><\/tr><tr><td>DUR<\/td><td>Dzia\u0142 Utrzymania Ruchu<\/td><td><a href=\"mailto:andrzej.tajl@zrembchojnice.pl\">Andrzej Tajl<\/a><\/td><td>52 396 57 46<\/td><\/tr><tr><td>NKS<\/td><td>Dzia\u0142 G\u0142\u00f3wnego Spawalnika<\/td><td><a href=\"mailto:krzysztof.wilk@zrembchojnice.pl\">Krzysztof Wilk <\/a><\/td><td>52 396 57 30<\/td><\/tr><\/tbody><\/table>\t\t\t\t\t\t\t\t<\/div>\n\t\t\t\t<\/div>\n\t\t\t\t\t<\/div>\n\t\t<\/div>\n\t\t\t\t\t<\/div>\n\t\t<\/section>\n\t\t\t\t<section class=\"elementor-section elementor-top-section elementor-element elementor-element-3e13a11 elementor-section-full_width elementor-section-height-default elementor-section-height-default\" data-id=\"3e13a11\" data-element_type=\"section\" data-e-type=\"section\">\n\t\t\t\t\t\t<div class=\"elementor-container elementor-column-gap-no\">\n\t\t\t\t\t<div class=\"elementor-column elementor-col-100 elementor-top-column elementor-element elementor-element-085353f\" data-id=\"085353f\" data-element_type=\"column\" data-e-type=\"column\">\n\t\t\t<div class=\"elementor-widget-wrap elementor-element-populated\">\n\t\t\t\t\t\t<div class=\"elementor-element elementor-element-39c33f6 elementor-widget elementor-widget-global elementor-global-8911 elementor-widget-google_maps\" data-id=\"39c33f6\" data-element_type=\"widget\" data-e-type=\"widget\" data-widget_type=\"google_maps.default\">\n\t\t\t\t<div class=\"elementor-widget-container\">\n\t\t\t\t\t\t\t<div class=\"elementor-custom-embed\">\n\t\t\t<iframe loading=\"lazy\"\n\t\t\t\t\tsrc=\"https:\/\/maps.google.com\/maps?q=ZREMB%20CHOJNICE&#038;t=m&#038;z=10&#038;output=embed&#038;iwloc=near\"\n\t\t\t\t\ttitle=\"ZREMB CHOJNICE\"\n\t\t\t\t\taria-label=\"ZREMB CHOJNICE\"\n\t\t\t><\/iframe>\n\t\t<\/div>\n\t\t\t\t\t\t<\/div>\n\t\t\t\t<\/div>\n\t\t\t\t\t<\/div>\n\t\t<\/div>\n\t\t\t\t\t<\/div>\n\t\t<\/section>\n\t\t\t\t<\/div>\n\t\t","protected":false},"excerpt":{"rendered":"<p>Kontakt Zak\u0142ad Budowy Maszyn \u201eZREMB\u2013CHOJNICE\u201d S.A.ul. Przemys\u0142owa 15,\u00a089-600 Chojnice, Polska\u00a0 telefon: +48 52\u00a0 39-65-710, fax +48 52 \u00a039-731 -63e-mail: sekretariat@zrembchojnice.pl e-mail: marketing@zrembchojnice.pl\u00a0 Sp\u00f3\u0142ka wpisana do Rejestru Przedsi\u0119biorc\u00f3w prowadzonego przez S\u0105d Rejonowy Gda\u0144sk-P\u00f3\u0142noc w Gda\u0144sku, VIII Wydzia\u0142 Gospodarczy Krajowego Rejestru S\u0105dowego. Nr\u00a0KRS 0000078076,\u00a0NIP 555-15-64-913,\u00a0REGON 091343195 Wysoko\u015b\u0107 kapita\u0142u zak\u0142adowego: 7.000.000,00 z\u0142Wysoko\u015b\u0107 kapita\u0142u wp\u0142aconego: 7.000.000,00 z\u0142 Dzia\u0142y Symbol [&hellip;]<\/p>\n","protected":false},"author":1,"featured_media":0,"parent":0,"menu_order":7,"comment_status":"closed","ping_status":"closed","template":"","meta":{"footnotes":""},"class_list":["post-4645","page","type-page","status-publish","hentry"],"_links":{"self":[{"href":"https:\/\/zrembchojnice.pl\/index.php\/wp-json\/wp\/v2\/pages\/4645","targetHints":{"allow":["GET"]}}],"collection":[{"href":"https:\/\/zrembchojnice.pl\/index.php\/wp-json\/wp\/v2\/pages"}],"about":[{"href":"https:\/\/zrembchojnice.pl\/index.php\/wp-json\/wp\/v2\/types\/page"}],"author":[{"embeddable":true,"href":"https:\/\/zrembchojnice.pl\/index.php\/wp-json\/wp\/v2\/users\/1"}],"replies":[{"embeddable":true,"href":"https:\/\/zrembchojnice.pl\/index.php\/wp-json\/wp\/v2\/comments?post=4645"}],"version-history":[{"count":72,"href":"https:\/\/zrembchojnice.pl\/index.php\/wp-json\/wp\/v2\/pages\/4645\/revisions"}],"predecessor-version":[{"id":12785,"href":"https:\/\/zrembchojnice.pl\/index.php\/wp-json\/wp\/v2\/pages\/4645\/revisions\/12785"}],"wp:attachment":[{"href":"https:\/\/zrembchojnice.pl\/index.php\/wp-json\/wp\/v2\/media?parent=4645"}],"curies":[{"name":"wp","href":"https:\/\/api.w.org\/{rel}","templated":true}]}}