{"id":3321,"date":"2019-08-08T15:08:13","date_gmt":"2019-08-08T13:08:13","guid":{"rendered":"https:\/\/zrembchojnice.pl\/?page_id=3321"},"modified":"2019-08-08T15:08:13","modified_gmt":"2019-08-08T13:08:13","slug":"projekty-ue","status":"publish","type":"page","link":"https:\/\/zrembchojnice.pl\/index.php\/projekty-ue\/","title":{"rendered":"Projekty UE"},"content":{"rendered":"\n<figure class=\"wp-block-image\"><img fetchpriority=\"high\" decoding=\"async\" width=\"1024\" height=\"73\" src=\"https:\/\/zrembchojnice.pl\/wp-content\/uploads\/2019\/09\/EFSnaglowek-1024x73.jpg\" alt=\"\" class=\"wp-image-3513\" srcset=\"https:\/\/zrembchojnice.pl\/wp-content\/uploads\/2019\/09\/EFSnaglowek-1024x73.jpg 1024w, https:\/\/zrembchojnice.pl\/wp-content\/uploads\/2019\/09\/EFSnaglowek-300x21.jpg 300w, https:\/\/zrembchojnice.pl\/wp-content\/uploads\/2019\/09\/EFSnaglowek-768x55.jpg 768w, https:\/\/zrembchojnice.pl\/wp-content\/uploads\/2019\/09\/EFSnaglowek.jpg 1140w\" sizes=\"(max-width: 1024px) 100vw, 1024px\" \/><\/figure>\n\n\n\n<div class=\"wp-block-image\"><figure class=\"aligncenter size-large\"><img decoding=\"async\" width=\"563\" height=\"62\" src=\"https:\/\/zrembchojnice.pl\/wp-content\/uploads\/2020\/08\/image.png\" alt=\"\" class=\"wp-image-4736\" srcset=\"https:\/\/zrembchojnice.pl\/wp-content\/uploads\/2020\/08\/image.png 563w, https:\/\/zrembchojnice.pl\/wp-content\/uploads\/2020\/08\/image-300x33.png 300w\" sizes=\"(max-width: 563px) 100vw, 563px\" \/><\/figure><\/div>\n\n\n\n<p><a href=\"https:\/\/zrembchojnice.pl\/zaklad-budowy-maszyn-zremb-chojnice-s-a-z-siedziba-w-chojnicach-korzysta-ze-wsparcia-w-postaci-uslug-doradczych-w-ramach-projektu-spektrum-pomorski-system-uslug-doradczych-finansowanego-ze\/\">-&gt;Projekt w ramach projektu grantowego \u201eSPEKTRUM. Pomorski System Us\u0142ug Doradczych\u201d<\/a><\/p>\n\n\n\n<p><a href=\"https:\/\/zrembchojnice.pl\/projekt-wspolfinansowany-z-europejskiego-funduszu-rozwoju-regionalnego-w-ramach-dzialania-3-4-dotacje-na-kapital-obrotowy-programu-operacyjnego-inteligentny-rozwoj-2014-2020\/\">-&gt; Projekt wsp\u00f3\u0142finansowany z Europejskiego Funduszu Rozwoju Regionalnego w ramach dzia\u0142ania 3.4  Dotacje na kapita\u0142 obrotowy Programu Operacyjnego Inteligentny Rozw\u00f3j 2014-2020<\/a><\/p>\n\n\n\n<p> <a href=\"https:\/\/zrembchojnice.pl\/zapytania-ofertowe\/\">&#8211;<\/a><a href=\"https:\/\/zrembchojnice.pl\/projekt-wspolfinansowany-z-europejskiego-funduszu-w-ramach-w-ramach-programu-operacyjny-inteligentny-rozwoj-2014-2020-poddzialanie-2-3-5-design-dla-przedsiebiorcow\/\">>  Projekt w ramach programu &#8222;Operacyjny Inteligentny Rozw\u00f3j 2014-2020 &#8211; poddzia\u0142anie 2.3.5 Design dla przedsi\u0119biorc\u00f3w&#8221;.<\/a><\/p>\n\n\n\n<p><a href=\"https:\/\/zrembchojnice.pl\/projekt-w-ramach-poddzialania-3-2-1-badania-na-rynek-programu-operacyjnego-inteligentny-rozwoj-2014-2020\/\"> -&gt; Projekt w ramach Poddzia\u0142ania 3.2.1 Badania na rynek Programu operacyjnego Inteligentny Rozw\u00f3j 2014-2020.<\/a><\/p>\n\n\n\n<p><a href=\"https:\/\/zrembchojnice.pl\/projekt-pn-wiedza-i-umiejetnosci-szansa-na-prace\/\">-&gt; Projekt pn.: \u201eWiedza i umiej\u0119tno\u015bci szans\u0105 na prac\u0119\u201d<\/a><\/p>\n\n\n\n<p><a href=\"https:\/\/zrembchojnice.pl\/zapytania-ofertowe\/\">-&gt; Zapytania ofertowe<\/a><\/p>\n\n\n\n<p> <br><br><\/p>\n","protected":false},"excerpt":{"rendered":"<p>-&gt;Projekt w ramach projektu grantowego \u201eSPEKTRUM. Pomorski System Us\u0142ug Doradczych\u201d -&gt; Projekt wsp\u00f3\u0142finansowany z Europejskiego Funduszu Rozwoju Regionalnego w ramach dzia\u0142ania 3.4 Dotacje na kapita\u0142 obrotowy Programu Operacyjnego Inteligentny Rozw\u00f3j 2014-2020 &#8211;> Projekt w ramach programu &#8222;Operacyjny Inteligentny Rozw\u00f3j 2014-2020 &#8211; poddzia\u0142anie 2.3.5 Design dla przedsi\u0119biorc\u00f3w&#8221;. -&gt; Projekt w ramach Poddzia\u0142ania 3.2.1 Badania na rynek [&hellip;]<\/p>\n","protected":false},"author":1,"featured_media":0,"parent":0,"menu_order":9,"comment_status":"closed","ping_status":"closed","template":"","meta":{"footnotes":""},"class_list":["post-3321","page","type-page","status-publish","hentry"],"_links":{"self":[{"href":"https:\/\/zrembchojnice.pl\/index.php\/wp-json\/wp\/v2\/pages\/3321","targetHints":{"allow":["GET"]}}],"collection":[{"href":"https:\/\/zrembchojnice.pl\/index.php\/wp-json\/wp\/v2\/pages"}],"about":[{"href":"https:\/\/zrembchojnice.pl\/index.php\/wp-json\/wp\/v2\/types\/page"}],"author":[{"embeddable":true,"href":"https:\/\/zrembchojnice.pl\/index.php\/wp-json\/wp\/v2\/users\/1"}],"replies":[{"embeddable":true,"href":"https:\/\/zrembchojnice.pl\/index.php\/wp-json\/wp\/v2\/comments?post=3321"}],"version-history":[{"count":0,"href":"https:\/\/zrembchojnice.pl\/index.php\/wp-json\/wp\/v2\/pages\/3321\/revisions"}],"wp:attachment":[{"href":"https:\/\/zrembchojnice.pl\/index.php\/wp-json\/wp\/v2\/media?parent=3321"}],"curies":[{"name":"wp","href":"https:\/\/api.w.org\/{rel}","templated":true}]}}