{"id":154,"date":"2019-07-03T12:24:07","date_gmt":"2019-07-03T10:24:07","guid":{"rendered":"https:\/\/zrembchojnice.pl\/?page_id=154"},"modified":"2025-05-12T15:13:57","modified_gmt":"2025-05-12T13:13:57","slug":"rada-nadzorcza","status":"publish","type":"page","link":"https:\/\/zrembchojnice.pl\/index.php\/organy-spolki\/rada-nadzorcza\/","title":{"rendered":"Rada Nadzorcza"},"content":{"rendered":"\t\t<div data-elementor-type=\"wp-page\" data-elementor-id=\"154\" class=\"elementor elementor-154\" data-elementor-post-type=\"page\">\n\t\t\t\t\t\t<section class=\"elementor-section elementor-top-section elementor-element elementor-element-625dfd97 elementor-section-boxed elementor-section-height-default elementor-section-height-default\" data-id=\"625dfd97\" data-element_type=\"section\" data-e-type=\"section\">\n\t\t\t\t\t\t<div class=\"elementor-container elementor-column-gap-default\">\n\t\t\t\t\t<div class=\"elementor-column elementor-col-100 elementor-top-column elementor-element elementor-element-77a20c49\" data-id=\"77a20c49\" data-element_type=\"column\" data-e-type=\"column\">\n\t\t\t<div class=\"elementor-widget-wrap\">\n\t\t\t\t\t\t\t<\/div>\n\t\t<\/div>\n\t\t\t\t\t<\/div>\n\t\t<\/section>\n\t\t\t\t<section class=\"elementor-section elementor-top-section elementor-element elementor-element-d7298a4 elementor-section-full_width elementor-section-height-default elementor-section-height-default\" data-id=\"d7298a4\" data-element_type=\"section\" data-e-type=\"section\">\n\t\t\t\t\t\t<div class=\"elementor-container elementor-column-gap-no\">\n\t\t\t\t\t<div class=\"elementor-column elementor-col-100 elementor-top-column elementor-element elementor-element-0d74a97\" data-id=\"0d74a97\" data-element_type=\"column\" data-e-type=\"column\">\n\t\t\t<div class=\"elementor-widget-wrap elementor-element-populated\">\n\t\t\t\t\t\t<div class=\"elementor-element elementor-element-6ccfaff elementor--h-position-center elementor--v-position-middle elementor-arrows-position-inside elementor-pagination-position-inside elementor-widget elementor-widget-slides\" data-id=\"6ccfaff\" data-element_type=\"widget\" data-e-type=\"widget\" data-settings=\"{&quot;navigation&quot;:&quot;both&quot;,&quot;autoplay&quot;:&quot;yes&quot;,&quot;pause_on_hover&quot;:&quot;yes&quot;,&quot;pause_on_interaction&quot;:&quot;yes&quot;,&quot;autoplay_speed&quot;:5000,&quot;infinite&quot;:&quot;yes&quot;,&quot;transition&quot;:&quot;slide&quot;,&quot;transition_speed&quot;:500}\" data-widget_type=\"slides.default\">\n\t\t\t\t<div class=\"elementor-widget-container\">\n\t\t\t\t\t\t\t\t\t<div class=\"elementor-swiper\">\n\t\t\t\t\t<div class=\"elementor-slides-wrapper elementor-main-swiper swiper\" role=\"region\" aria-roledescription=\"carousel\" aria-label=\"Slajdy\" dir=\"ltr\" data-animation=\"fadeInUp\">\n\t\t\t\t<div class=\"swiper-wrapper elementor-slides\">\n\t\t\t\t\t\t\t\t\t\t<div class=\"elementor-repeater-item-a4111a7 swiper-slide\" role=\"group\" aria-roledescription=\"slide\"><div class=\"swiper-slide-bg\" role=\"img\" aria-label=\"rada\"><\/div><div class=\"swiper-slide-inner\" ><div class=\"swiper-slide-contents\"><\/div><\/div><\/div>\t\t\t\t<\/div>\n\t\t\t\t\t\t\t<\/div>\n\t\t\t\t<\/div>\n\t\t\t\t\t\t\t\t<\/div>\n\t\t\t\t<\/div>\n\t\t\t\t\t<\/div>\n\t\t<\/div>\n\t\t\t\t\t<\/div>\n\t\t<\/section>\n\t\t\t\t<section class=\"elementor-section elementor-top-section elementor-element elementor-element-4f422ab elementor-section-boxed elementor-section-height-default elementor-section-height-default\" data-id=\"4f422ab\" data-element_type=\"section\" data-e-type=\"section\">\n\t\t\t\t\t\t<div class=\"elementor-container elementor-column-gap-default\">\n\t\t\t\t\t<div class=\"elementor-column elementor-col-100 elementor-top-column elementor-element elementor-element-77f8eab\" data-id=\"77f8eab\" data-element_type=\"column\" data-e-type=\"column\">\n\t\t\t<div class=\"elementor-widget-wrap elementor-element-populated\">\n\t\t\t\t\t\t<div class=\"elementor-element elementor-element-c5ec76f elementor-widget elementor-widget-heading\" data-id=\"c5ec76f\" data-element_type=\"widget\" data-e-type=\"widget\" data-widget_type=\"heading.default\">\n\t\t\t\t<div class=\"elementor-widget-container\">\n\t\t\t\t\t<h2 class=\"elementor-heading-title elementor-size-default\">Rada Nadzorcza<\/h2>\t\t\t\t<\/div>\n\t\t\t\t<\/div>\n\t\t\t\t\t<\/div>\n\t\t<\/div>\n\t\t\t\t\t<\/div>\n\t\t<\/section>\n\t\t\t\t<section class=\"elementor-section elementor-top-section elementor-element elementor-element-afe080d elementor-section-boxed elementor-section-height-default elementor-section-height-default\" data-id=\"afe080d\" data-element_type=\"section\" data-e-type=\"section\">\n\t\t\t\t\t\t<div class=\"elementor-container elementor-column-gap-default\">\n\t\t\t\t\t<div class=\"elementor-column elementor-col-100 elementor-top-column elementor-element elementor-element-68c058a\" data-id=\"68c058a\" data-element_type=\"column\" data-e-type=\"column\">\n\t\t\t<div class=\"elementor-widget-wrap elementor-element-populated\">\n\t\t\t\t\t\t<div class=\"elementor-element elementor-element-d435c59 elementor-invisible elementor-widget elementor-widget-accordion\" data-id=\"d435c59\" data-element_type=\"widget\" data-e-type=\"widget\" data-settings=\"{&quot;_animation&quot;:&quot;slideInUp&quot;}\" data-widget_type=\"accordion.default\">\n\t\t\t\t<div class=\"elementor-widget-container\">\n\t\t\t\t\t\t\t<div class=\"elementor-accordion\">\n\t\t\t\t\t\t\t<div class=\"elementor-accordion-item\">\n\t\t\t\t\t<div id=\"elementor-tab-title-2221\" class=\"elementor-tab-title\" data-tab=\"1\" role=\"button\" aria-controls=\"elementor-tab-content-2221\" aria-expanded=\"false\">\n\t\t\t\t\t\t\t\t\t\t\t\t\t<span class=\"elementor-accordion-icon elementor-accordion-icon-left\" aria-hidden=\"true\">\n\t\t\t\t\t\t\t\t\t\t\t\t\t\t\t<span class=\"elementor-accordion-icon-closed\"><i class=\"fas fa-chevron-down\"><\/i><\/span>\n\t\t\t\t\t\t\t\t<span class=\"elementor-accordion-icon-opened\"><i class=\"fas fa-minus\"><\/i><\/span>\n\t\t\t\t\t\t\t\t\t\t\t\t\t\t<\/span>\n\t\t\t\t\t\t\t\t\t\t\t\t<a class=\"elementor-accordion-title\" tabindex=\"0\">Arkadiusz Domi\u0144czak - Przewodnicz\u0105cy Rady Nadzorczej<\/a>\n\t\t\t\t\t<\/div>\n\t\t\t\t\t<div id=\"elementor-tab-content-2221\" class=\"elementor-tab-content elementor-clearfix\" data-tab=\"1\" role=\"region\" aria-labelledby=\"elementor-tab-title-2221\"><p><strong>Kwalifikacje i do\u015bwiadczenie zawodowe:<\/strong><\/p><p>Mgr. Prawa \u2013 Uniwersytet Warszawski, Wydzia\u0142 Prawa i Administracji [10.1995 \u2013 III. 2000];<br \/>Radca prawny w Okr\u0119gowej Izbie Radc\u00f3w Prawnych w Warszawie [WA 5800] \u2013 wpisany na list\u0119 radc\u00f3w prawnych w 2006 roku [aplikacja w okresie II. 2002 \u2013 XII. 2005];<br \/>Od roku 2006 \u2013 wsp\u00f3lnik\/wsp\u00f3\u0142w\u0142a\u015bciciel w Juszkiewicz, W\u00f3jcik, Domi\u0144czak Zalewski Kancelaria Adwokacko \u2013 Radcowska sp. p. [obecnie od roku 2014 (od kwietnia) dzia\u0142aj\u0105ca pod firm\u0105 DFF Domi\u0144czak i Partnerzy Radcowie Prawni Sp. p.]<\/p><p><strong>Przebieg pracy zawodowej:<\/strong><\/p><ul><li>od kwietnia 2006 do dzi\u015b wsp\u00f3lnik\/wsp\u00f3\u0142w\u0142a\u015bciciel w DFF Domi\u0144czak i Partnerzy Radcowie Prawni Sp. p. [w okresie od kwietnia 2006 do roku sp\u00f3\u0142ka dzia\u0142a\u0142a pierwotnie pod firm\u0105 Juszkiewicz, W\u00f3jcik, Domi\u0144czak Zalewski Kancelaria Adwokacko \u2013 Radcowska sp. p., a p\u00f3\u017aniej Juszkiewicz, W\u00f3jcik,Domi\u0144czak Kancelaria Adwokacko \u2013 Radcowska sp. p. (do kwietnia 2014 roku].<\/li><li>od czerwca 2000 do marca 2006 prawnik w Juszkiewicz W\u00f3jcik Kancelaria Adwokacko \u2013 Radcowska sp. p. [wcze\u015bniej dzia\u0142aj\u0105ca pod firm\u0105 Juszkiewicz W\u00f3jcik Juszkiewicz Kancelaria Adwokacko \u2013 Radcowska s.c.];<\/li><li>od marca 1998 do maja 2005 m\u0142odszy prawnik w BSM B\u0105k Marsza\u0142ek Szczepankowski i Wsp\u00f3lnicy s.c. w Warszawie,<\/li><li>od czerwca 1998 do czerwca 1999 konsultant w Biurze Pe\u0142nomocnika Rz\u0105du ds. reformy zabezpieczenia spo\u0142ecznego [Ministerstwo Pracy i Polityki Spo\u0142ecznej];<\/li><\/ul><\/div>\n\t\t\t\t<\/div>\n\t\t\t\t\t\t\t<div class=\"elementor-accordion-item\">\n\t\t\t\t\t<div id=\"elementor-tab-title-2222\" class=\"elementor-tab-title\" data-tab=\"2\" role=\"button\" aria-controls=\"elementor-tab-content-2222\" aria-expanded=\"false\">\n\t\t\t\t\t\t\t\t\t\t\t\t\t<span class=\"elementor-accordion-icon elementor-accordion-icon-left\" aria-hidden=\"true\">\n\t\t\t\t\t\t\t\t\t\t\t\t\t\t\t<span class=\"elementor-accordion-icon-closed\"><i class=\"fas fa-chevron-down\"><\/i><\/span>\n\t\t\t\t\t\t\t\t<span class=\"elementor-accordion-icon-opened\"><i class=\"fas fa-minus\"><\/i><\/span>\n\t\t\t\t\t\t\t\t\t\t\t\t\t\t<\/span>\n\t\t\t\t\t\t\t\t\t\t\t\t<a class=\"elementor-accordion-title\" tabindex=\"0\">Kamil Paduch \u2013 Wiceprzewodnicz\u0105cy Rady Nadzorczej\u200b<\/a>\n\t\t\t\t\t<\/div>\n\t\t\t\t\t<div id=\"elementor-tab-content-2222\" class=\"elementor-tab-content elementor-clearfix\" data-tab=\"2\" role=\"region\" aria-labelledby=\"elementor-tab-title-2222\"><p><strong>Kwalifikacje i do\u015bwiadczenie zawodowe:<\/strong><br \/>Radca Prawny \u2013 Okr\u0119gowa Izba Radc\u00f3w Prawnych w Gda\u0144sku;<br \/>Magister prawa \u2013 Uniwersytet im. Adama Mickiewicza w Poznaniu &#8211; Wydzia\u0142 Prawa i\u00a0 Administracji,<br \/>L.L. M &#8211; Master of European Studies\u00a0 &#8211; Uniwersytet Europejski Viadrina we Frankfurcie nad Odr\u0105\u00a0 \u2013 Wydzia\u0142 Prawa<\/p><p><strong>Przebieg pracy zawodowej<\/strong><\/p><ul><li>2000 &#8211; 2001 KPMG Polska Audit sp. z o.o. \u2013 kontrola prawna, kontrola sprawozda\u0144 finansowych w dziale German Desk<\/li><li>2001 &#8211; 2004 Kancelaria Haarmann Hemmelrath Polska sp. z o.o. \u2013 prawnik<\/li><li>2004 &#8211; 2006 Michalik Dziedzic D\u0142uska i Partnerzy sp. z o.o. \u2013 prawnik<\/li><li>2006 &#8211; 2017 Gda\u0144sk Shipyard Group Sp. z o.o.\u00a0 GSG Towers, ISD Polska sp. z o.o.\u00a0 \u2013 prawnik\/radca prawny\/ nadz\u00f3r nad sprawozdawczo\u015bci\u0105 finansow\u0105, Stocznia Gda\u0144sk SA &#8211; Szef Zespo\u0142u Obs\u0142ugi Prawnej,<\/li><li>2017 \u2013 2020 PGZ Stocznia Wojenna sp. z o.o. &#8211; kierownik dzia\u0142u prawnego\/radca prawny<\/li><li>2021 \u2013 Inspektorat Uzbrojenia MON \u2013 radca prawny<\/li><li>Od 07\/2021 Polska Grupa Zbrojeniowa SA \u2013 radca prawny\/kierownik Dzia\u0142u Um\u00f3w w Biurze Zarz\u0105dzania Programem MIECZNIK<\/li><\/ul><\/div>\n\t\t\t\t<\/div>\n\t\t\t\t\t\t\t<div class=\"elementor-accordion-item\">\n\t\t\t\t\t<div id=\"elementor-tab-title-2223\" class=\"elementor-tab-title\" data-tab=\"3\" role=\"button\" aria-controls=\"elementor-tab-content-2223\" aria-expanded=\"false\">\n\t\t\t\t\t\t\t\t\t\t\t\t\t<span class=\"elementor-accordion-icon elementor-accordion-icon-left\" aria-hidden=\"true\">\n\t\t\t\t\t\t\t\t\t\t\t\t\t\t\t<span class=\"elementor-accordion-icon-closed\"><i class=\"fas fa-chevron-down\"><\/i><\/span>\n\t\t\t\t\t\t\t\t<span class=\"elementor-accordion-icon-opened\"><i class=\"fas fa-minus\"><\/i><\/span>\n\t\t\t\t\t\t\t\t\t\t\t\t\t\t<\/span>\n\t\t\t\t\t\t\t\t\t\t\t\t<a class=\"elementor-accordion-title\" tabindex=\"0\">Joanna Kosiorek-Sobolewska \u2013 Cz\u0142onek Rady Nadzorczej\u200b<\/a>\n\t\t\t\t\t<\/div>\n\t\t\t\t\t<div id=\"elementor-tab-content-2223\" class=\"elementor-tab-content elementor-clearfix\" data-tab=\"3\" role=\"region\" aria-labelledby=\"elementor-tab-title-2223\"><p><strong>Kwalifikacje i do\u015bwiadczenie zawodowe:<\/strong><\/p><p>Wykszta\u0142cenie wy\u017csze ekonomiczne:<\/p><p>Studia ekonomiczne kierunek finanse i bankowo\u015b\u0107 w Wy\u017cszej Szkole Ekonomicznej Almamer w Warszawie.<br \/>Studia podyplomowe na Uniwersytecie Gda\u0144skim o kierunku ekonomicznym\u2013 Controlling w zarz\u0105dzaniu przedsi\u0119biorstwem.<\/p><p><strong>Przebieg pracy zawodowej:<\/strong><\/p><ul><li>W 2006 roku\u00a0zatrudniona w sieci Bestseller Retail Sp. z o.o.<\/li><li>W roku 2007r. podj\u0119\u0142a prac\u0119 w Banku Nordea S.A. na stanowisku asystenta ds.obs\u0142ugi klienta.<\/li><li>W latach 2007-2009 pracowa\u0142a w Banku Millennium S.A. jako konsultant ds. obs\u0142ugi kredyt\u00f3w hipotecznych.<\/li><li>Od 2009 roku jest zatrudniona w firmie Patron Sp.j. jako dyrektor ds. sprzeda\u017cy.<\/li><li>Od 2012 roku do nadal cz\u0142onek Rady Nadzorczej w sp\u00f3\u0142ce Navimor-Invest S.A.<\/li><\/ul><\/div>\n\t\t\t\t<\/div>\n\t\t\t\t\t\t\t<div class=\"elementor-accordion-item\">\n\t\t\t\t\t<div id=\"elementor-tab-title-2224\" class=\"elementor-tab-title\" data-tab=\"4\" role=\"button\" aria-controls=\"elementor-tab-content-2224\" aria-expanded=\"false\">\n\t\t\t\t\t\t\t\t\t\t\t\t\t<span class=\"elementor-accordion-icon elementor-accordion-icon-left\" aria-hidden=\"true\">\n\t\t\t\t\t\t\t\t\t\t\t\t\t\t\t<span class=\"elementor-accordion-icon-closed\"><i class=\"fas fa-chevron-down\"><\/i><\/span>\n\t\t\t\t\t\t\t\t<span class=\"elementor-accordion-icon-opened\"><i class=\"fas fa-minus\"><\/i><\/span>\n\t\t\t\t\t\t\t\t\t\t\t\t\t\t<\/span>\n\t\t\t\t\t\t\t\t\t\t\t\t<a class=\"elementor-accordion-title\" tabindex=\"0\">Marcin Okuniewski - Cz\u0142onek Rady Nadzorczej<\/a>\n\t\t\t\t\t<\/div>\n\t\t\t\t\t<div id=\"elementor-tab-content-2224\" class=\"elementor-tab-content elementor-clearfix\" data-tab=\"4\" role=\"region\" aria-labelledby=\"elementor-tab-title-2224\"><p><strong>Kwalifikacje\u00a0 i do\u015bwiadczenie zawodowe:<\/strong><\/p><ul><li>Uniwersytet Gda\u0144ski, Wydzia\u0142 Ekonomiczny, Finanse Mi\u0119dzynarodowe i Bankowo\u015b\u0107 (studia dzienne magisterskie)<\/li><li>Uniwersytet Gda\u0144ski, Wydzia\u0142 Nauk Spo\u0142ecznych, Politologia Samorz\u0105dowo-Ustrojowa (studia dzienne magisterskie)<\/li><li>Copenhagen Business School, Ekonomia (stypendysta)<\/li><li>Szko\u0142a G\u0142\u00f3wna Handlowa, Zarz\u0105dzanie Ryzykiem w Instytucjach Finansowych (studia podyplomowe)<\/li><li>Stowarzyszenie Zarz\u0105dzania Ryzykiem POLRISK, Certyfikat Mened\u017cera Ryzyka zgodny z FERMA<\/li><li>Komisja Nadzoru Finansowego, Egzamin Brokera Ubezpieczeniowego<\/li><\/ul><p>\u00a0<\/p><p><strong>Przebieg pracy zawodowej:<\/strong><\/p><p>2003-2006 KPMG, Audytor \/ Starszy Konsultant<\/p><p>2007-2009 Grupa Ergo Hestia, Mened\u017cer Ryzyka \/ Mened\u017cer Projektu<\/p><p>2009-2011 STBU Brokerzy Ubezpieczeniowi Sp. z o.o., Kierownik Zespo\u0142u Zarz\u0105dzania Projektami \/ Doradca Cz\u0142onka Zarz\u0105du ds. Finansowych<\/p><p>2011-2014 Gda\u0144sk Shipyard Group Sp. z o.o., Zast\u0119pca Dyrektora Finansowego<\/p><p>2012-2013 Stocznia Gda\u0144sk SA Oddzia\u0142 Mostostal Chojnice, Dyrektor Finansowy<\/p><p>2014-2017 Sevenet SA, Dyrektor finansowy<\/p><p>Od 2027 W\u0142asna dzia\u0142alno\u015b\u0107 gospodarcza w zakresie: doradztwa finansowego, restrukturyzacji, pozyskiwania finansowania, interim CFO, fuzji i przej\u0119\u0107, wyceny przedsi\u0119biorstw, doradztwa strategicznego. Realizuj\u0105c zlecenie dla mi\u0119dzy innymi:<\/p><p>PKN Orlen SA,<\/p><p>Energa SA<\/p><p>Morska Agencja Gdynia Sp. z o.o.<\/p><p>MAG Offshore Sp. z o.o.<\/p><p>Techno Service Sp. z o.o.<\/p><p>AirHelp Ltd<\/p><p>Sunreef Venture Sp. z o.o.<\/p><\/div>\n\t\t\t\t<\/div>\n\t\t\t\t\t\t\t<div class=\"elementor-accordion-item\">\n\t\t\t\t\t<div id=\"elementor-tab-title-2225\" class=\"elementor-tab-title\" data-tab=\"5\" role=\"button\" aria-controls=\"elementor-tab-content-2225\" aria-expanded=\"false\">\n\t\t\t\t\t\t\t\t\t\t\t\t\t<span class=\"elementor-accordion-icon elementor-accordion-icon-left\" aria-hidden=\"true\">\n\t\t\t\t\t\t\t\t\t\t\t\t\t\t\t<span class=\"elementor-accordion-icon-closed\"><i class=\"fas fa-chevron-down\"><\/i><\/span>\n\t\t\t\t\t\t\t\t<span class=\"elementor-accordion-icon-opened\"><i class=\"fas fa-minus\"><\/i><\/span>\n\t\t\t\t\t\t\t\t\t\t\t\t\t\t<\/span>\n\t\t\t\t\t\t\t\t\t\t\t\t<a class=\"elementor-accordion-title\" tabindex=\"0\">Aleksandra Kucharska - Cz\u0142onek Rady Nadzorczej<\/a>\n\t\t\t\t\t<\/div>\n\t\t\t\t\t<div id=\"elementor-tab-content-2225\" class=\"elementor-tab-content elementor-clearfix\" data-tab=\"5\" role=\"region\" aria-labelledby=\"elementor-tab-title-2225\"><p>Wykszta\u0142cenie wy\u017csze ekonomiczne, Akademia Ekonomiczna w Katowicach, kierunek: Finanse i Bankowo\u015b\u0107, specjalizacja: Rachunkowo\u015b\u0107<\/p><p><strong>Przebieg pracy zawodowej:<\/strong><\/p><ul><li>od marca 2018 do dzi\u015b \u201eArcelorMittal Comercial Long Polska\u201d, Stanowisko: Order Manager<\/li><li>od lipca 2013 do marca 2018 \u201eArcelorMittal Shared Service Center Europe\u201d, Stanowisko: Specjalista.<\/li><li>od pa\u017adziernika 2011 do marca 2013 \u201eKucharski Consulting\u201d, stanowisko: Office Manager<\/li><li>od kwietnia 2006 do wrze\u015bnia 2009 \u201eHuta Kr\u00f3lewska\u201d Sp. z o.o. \/ ArcelorMittal Poland S.A\u201d, stanowisko: Kierownik dzia\u0142u Handlu Wyrobami Walcowni<\/li><li>od listopada 2005 do lutego 2007 \u201eAleksandra Kucharska Firma Ubezpieczeniowa\u201d \u2013 w\u0142asna dzia\u0142alno\u015b\u0107 gospodarcza<\/li><\/ul><\/div>\n\t\t\t\t<\/div>\n\t\t\t\t\t\t\t<div class=\"elementor-accordion-item\">\n\t\t\t\t\t<div id=\"elementor-tab-title-2226\" class=\"elementor-tab-title\" data-tab=\"6\" role=\"button\" aria-controls=\"elementor-tab-content-2226\" aria-expanded=\"false\">\n\t\t\t\t\t\t\t\t\t\t\t\t\t<span class=\"elementor-accordion-icon elementor-accordion-icon-left\" aria-hidden=\"true\">\n\t\t\t\t\t\t\t\t\t\t\t\t\t\t\t<span class=\"elementor-accordion-icon-closed\"><i class=\"fas fa-chevron-down\"><\/i><\/span>\n\t\t\t\t\t\t\t\t<span class=\"elementor-accordion-icon-opened\"><i class=\"fas fa-minus\"><\/i><\/span>\n\t\t\t\t\t\t\t\t\t\t\t\t\t\t<\/span>\n\t\t\t\t\t\t\t\t\t\t\t\t<a class=\"elementor-accordion-title\" tabindex=\"0\">Damian Riegelski - Cz\u0142onek Rady Nadzorczej<\/a>\n\t\t\t\t\t<\/div>\n\t\t\t\t\t<div id=\"elementor-tab-content-2226\" class=\"elementor-tab-content elementor-clearfix\" data-tab=\"6\" role=\"region\" aria-labelledby=\"elementor-tab-title-2226\"><p><strong>Kwalifikacje i do\u015bwiadczenie zawodowe:<\/strong><\/p><p>1985 do 1989 &#8211; ZESP\u00d3\u0141 SZK\u00d3\u0141 MECHANICZNO-BUDOWLANYCH specjalno\u015b\u0107 MECHANIKA MASZYN I URZ\u0104DZE\u0143 PRZEMYS\u0141OWYCH<\/p><p><strong>Przebieg pracy zawodowej:<\/strong><\/p><p>1989 do 2001 \u2013 Mostostal Zabrze Holding S.A. \u2013 Dzia\u0142 Bada\u0144 Nieniszcz\u0105cych &#8211; Kontrola<\/p><p>2001 do 2006 \u2013 Mostostal Chojnice S.A. \u2013 Kierownik Laboratorium i Kontroli Jako\u015bci<\/p><p>2006 do 2022 \u2013 Ultra NDT S.C. \u2013 Wsp\u00f3\u0142w\u0142a\u015bciciel Zak\u0142adu Us\u0142ug Technicznych<\/p><p>2016 do nadal DR-Lab &#8211; W\u0142a\u015bciciel Laboratorium bada\u0144 technicznych NDT i DT<\/p><p>Uprawnienia do prowadzenia, oraz nadzorowania prac badawczych w dziedzinie NDT w metodach:<\/p><p>VT, MT, PT, UT, RT, ET w stopniu III wg EN ISO 9712<\/p><\/div>\n\t\t\t\t<\/div>\n\t\t\t\t\t\t\t\t<\/div>\n\t\t\t\t\t\t<\/div>\n\t\t\t\t<\/div>\n\t\t\t\t\t<\/div>\n\t\t<\/div>\n\t\t\t\t\t<\/div>\n\t\t<\/section>\n\t\t\t\t<section class=\"elementor-section elementor-top-section elementor-element elementor-element-3a7dace elementor-section-boxed elementor-section-height-default elementor-section-height-default\" data-id=\"3a7dace\" data-element_type=\"section\" data-e-type=\"section\">\n\t\t\t\t\t\t<div class=\"elementor-container elementor-column-gap-default\">\n\t\t\t\t\t<div class=\"elementor-column elementor-col-100 elementor-top-column elementor-element elementor-element-da0c3a5\" data-id=\"da0c3a5\" data-element_type=\"column\" data-e-type=\"column\">\n\t\t\t<div class=\"elementor-widget-wrap\">\n\t\t\t\t\t\t\t<\/div>\n\t\t<\/div>\n\t\t\t\t\t<\/div>\n\t\t<\/section>\n\t\t\t\t<\/div>\n\t\t","protected":false},"excerpt":{"rendered":"<p>Rada Nadzorcza Arkadiusz Domi\u0144czak &#8211; Przewodnicz\u0105cy Rady Nadzorczej Kwalifikacje i do\u015bwiadczenie zawodowe: Mgr. Prawa \u2013 Uniwersytet Warszawski, Wydzia\u0142 Prawa i Administracji [10.1995 \u2013 III. 2000];Radca prawny w Okr\u0119gowej Izbie Radc\u00f3w Prawnych w Warszawie [WA 5800] \u2013 wpisany na list\u0119 radc\u00f3w prawnych w 2006 roku [aplikacja w okresie II. 2002 \u2013 XII. 2005];Od roku 2006 \u2013 [&hellip;]<\/p>\n","protected":false},"author":1,"featured_media":0,"parent":152,"menu_order":0,"comment_status":"closed","ping_status":"closed","template":"","meta":{"footnotes":""},"class_list":["post-154","page","type-page","status-publish","hentry"],"_links":{"self":[{"href":"https:\/\/zrembchojnice.pl\/index.php\/wp-json\/wp\/v2\/pages\/154","targetHints":{"allow":["GET"]}}],"collection":[{"href":"https:\/\/zrembchojnice.pl\/index.php\/wp-json\/wp\/v2\/pages"}],"about":[{"href":"https:\/\/zrembchojnice.pl\/index.php\/wp-json\/wp\/v2\/types\/page"}],"author":[{"embeddable":true,"href":"https:\/\/zrembchojnice.pl\/index.php\/wp-json\/wp\/v2\/users\/1"}],"replies":[{"embeddable":true,"href":"https:\/\/zrembchojnice.pl\/index.php\/wp-json\/wp\/v2\/comments?post=154"}],"version-history":[{"count":109,"href":"https:\/\/zrembchojnice.pl\/index.php\/wp-json\/wp\/v2\/pages\/154\/revisions"}],"predecessor-version":[{"id":12657,"href":"https:\/\/zrembchojnice.pl\/index.php\/wp-json\/wp\/v2\/pages\/154\/revisions\/12657"}],"up":[{"embeddable":true,"href":"https:\/\/zrembchojnice.pl\/index.php\/wp-json\/wp\/v2\/pages\/152"}],"wp:attachment":[{"href":"https:\/\/zrembchojnice.pl\/index.php\/wp-json\/wp\/v2\/media?parent=154"}],"curies":[{"name":"wp","href":"https:\/\/api.w.org\/{rel}","templated":true}]}}