{"id":153,"date":"2019-07-03T12:24:06","date_gmt":"2019-07-03T10:24:06","guid":{"rendered":"https:\/\/zrembchojnice.pl\/?page_id=153"},"modified":"2024-06-21T10:00:27","modified_gmt":"2024-06-21T08:00:27","slug":"zarzad","status":"publish","type":"page","link":"https:\/\/zrembchojnice.pl\/index.php\/organy-spolki\/zarzad\/","title":{"rendered":"Zarz\u0105d"},"content":{"rendered":"\t\t<div data-elementor-type=\"wp-page\" data-elementor-id=\"153\" class=\"elementor elementor-153\" data-elementor-post-type=\"page\">\n\t\t\t\t\t\t<section class=\"elementor-section elementor-top-section elementor-element elementor-element-3a993f5d elementor-section-boxed elementor-section-height-default elementor-section-height-default\" data-id=\"3a993f5d\" data-element_type=\"section\" data-e-type=\"section\">\n\t\t\t\t\t\t<div class=\"elementor-container elementor-column-gap-default\">\n\t\t\t\t\t<div class=\"elementor-column elementor-col-100 elementor-top-column elementor-element elementor-element-4d26489e\" data-id=\"4d26489e\" data-element_type=\"column\" data-e-type=\"column\">\n\t\t\t<div class=\"elementor-widget-wrap\">\n\t\t\t\t\t\t\t<\/div>\n\t\t<\/div>\n\t\t\t\t\t<\/div>\n\t\t<\/section>\n\t\t\t\t<section class=\"elementor-section elementor-top-section elementor-element elementor-element-c5d3691 elementor-section-full_width elementor-section-height-default elementor-section-height-default\" data-id=\"c5d3691\" data-element_type=\"section\" data-e-type=\"section\" data-settings=\"{&quot;background_background&quot;:&quot;classic&quot;}\">\n\t\t\t\t\t\t<div class=\"elementor-container elementor-column-gap-no\">\n\t\t\t\t\t<div class=\"elementor-column elementor-col-100 elementor-top-column elementor-element elementor-element-d856180\" data-id=\"d856180\" data-element_type=\"column\" data-e-type=\"column\">\n\t\t\t<div class=\"elementor-widget-wrap elementor-element-populated\">\n\t\t\t\t\t\t<div class=\"elementor-element elementor-element-a26374a elementor--h-position-center elementor--v-position-middle elementor-arrows-position-inside elementor-pagination-position-inside elementor-widget elementor-widget-slides\" data-id=\"a26374a\" data-element_type=\"widget\" data-e-type=\"widget\" data-settings=\"{&quot;navigation&quot;:&quot;both&quot;,&quot;autoplay&quot;:&quot;yes&quot;,&quot;pause_on_hover&quot;:&quot;yes&quot;,&quot;pause_on_interaction&quot;:&quot;yes&quot;,&quot;autoplay_speed&quot;:5000,&quot;infinite&quot;:&quot;yes&quot;,&quot;transition&quot;:&quot;slide&quot;,&quot;transition_speed&quot;:500}\" data-widget_type=\"slides.default\">\n\t\t\t\t<div class=\"elementor-widget-container\">\n\t\t\t\t\t\t\t\t\t<div class=\"elementor-swiper\">\n\t\t\t\t\t<div class=\"elementor-slides-wrapper elementor-main-swiper swiper\" role=\"region\" aria-roledescription=\"carousel\" aria-label=\"Slajdy\" dir=\"ltr\" data-animation=\"fadeInUp\">\n\t\t\t\t<div class=\"swiper-wrapper elementor-slides\">\n\t\t\t\t\t\t\t\t\t\t<div class=\"elementor-repeater-item-d2d247f swiper-slide\" role=\"group\" aria-roledescription=\"slide\"><div class=\"swiper-slide-bg\" role=\"img\" aria-label=\"rada\"><\/div><div class=\"swiper-slide-inner\" ><div class=\"swiper-slide-contents\"><\/div><\/div><\/div>\t\t\t\t<\/div>\n\t\t\t\t\t\t\t<\/div>\n\t\t\t\t<\/div>\n\t\t\t\t\t\t\t\t<\/div>\n\t\t\t\t<\/div>\n\t\t\t\t\t<\/div>\n\t\t<\/div>\n\t\t\t\t\t<\/div>\n\t\t<\/section>\n\t\t\t\t<section class=\"elementor-section elementor-top-section elementor-element elementor-element-563bf18 elementor-section-boxed elementor-section-height-default elementor-section-height-default\" data-id=\"563bf18\" data-element_type=\"section\" data-e-type=\"section\">\n\t\t\t\t\t\t<div class=\"elementor-container elementor-column-gap-default\">\n\t\t\t\t\t<div class=\"elementor-column elementor-col-100 elementor-top-column elementor-element elementor-element-9b0ec07\" data-id=\"9b0ec07\" data-element_type=\"column\" data-e-type=\"column\">\n\t\t\t<div class=\"elementor-widget-wrap elementor-element-populated\">\n\t\t\t\t\t\t<div class=\"elementor-element elementor-element-4f6e2bb elementor-widget elementor-widget-heading\" data-id=\"4f6e2bb\" data-element_type=\"widget\" data-e-type=\"widget\" data-widget_type=\"heading.default\">\n\t\t\t\t<div class=\"elementor-widget-container\">\n\t\t\t\t\t<h2 class=\"elementor-heading-title elementor-size-default\">Zarz\u0105d<\/h2>\t\t\t\t<\/div>\n\t\t\t\t<\/div>\n\t\t\t\t\t<\/div>\n\t\t<\/div>\n\t\t\t\t\t<\/div>\n\t\t<\/section>\n\t\t\t\t<section class=\"elementor-section elementor-top-section elementor-element elementor-element-55865ba elementor-section-boxed elementor-section-height-default elementor-section-height-default\" data-id=\"55865ba\" data-element_type=\"section\" data-e-type=\"section\">\n\t\t\t\t\t\t<div class=\"elementor-container elementor-column-gap-wider\">\n\t\t\t\t\t<div class=\"elementor-column elementor-col-50 elementor-top-column elementor-element elementor-element-f2e9587\" data-id=\"f2e9587\" data-element_type=\"column\" data-e-type=\"column\">\n\t\t\t<div class=\"elementor-widget-wrap elementor-element-populated\">\n\t\t\t\t\t\t<div class=\"elementor-element elementor-element-f165ef4 elementor-widget elementor-widget-heading\" data-id=\"f165ef4\" data-element_type=\"widget\" data-e-type=\"widget\" data-widget_type=\"heading.default\">\n\t\t\t\t<div class=\"elementor-widget-container\">\n\t\t\t\t\t<h2 class=\"elementor-heading-title elementor-size-default\">Krzysztof Kosiorek-Sobolewski - Prezes Zarz\u0105du<\/h2>\t\t\t\t<\/div>\n\t\t\t\t<\/div>\n\t\t\t\t<div class=\"elementor-element elementor-element-c0f384b elementor-widget elementor-widget-text-editor\" data-id=\"c0f384b\" data-element_type=\"widget\" data-e-type=\"widget\" data-widget_type=\"text-editor.default\">\n\t\t\t\t<div class=\"elementor-widget-container\">\n\t\t\t\t\t\t\t\t\t<p><strong>Wykszta\u0142cenie:<\/strong><\/p><p>Absolwent Wydzia\u0142u In\u017cynierii Materia\u0142owej Politechniki Warszawskiej \u00a0oraz Wy\u017cszej Szko\u0142y Zarz\u0105dzania i Marketingu w Warszawie- Studia Podyplomowe.<\/p><p><strong>Do\u015bwiadczenie zawodowe:<\/strong><\/p><ul><li>Od 2019 roku do dzi\u015b- w\u0142asna dzia\u0142alno\u015b\u0107 gospodarcza w zakresie consultingu i doradztwa pod nazw\u0105 Krzysztof Kosiorek-Sobolewski Consulting z siedzib\u0105 w Warszawie<\/li><li>od 02.2010r do dzi\u015b \u2013 Prezes Zarz\u0105du ZBM Zremb-Chojnice S.A.<\/li><li>od 11.2023- Prezes Zarz\u0105du RED DEV STUDIO S.A.<\/li><li>od 09.2023 Przewodnicz\u0105cy Rady Nadzorczej Polski Holding Rozwoju S.A.<\/li><li>od 08.2022- Prezes Zarz\u0105du TERRAEN-MAGAZYNY ENERGII Sp. z o.o.<\/li><li>od 05.2022- Prezes Zarz\u0105du ZREHOUSE Sp. z o.o.<\/li><li>od 11.2017 do dzi\u015b Prezes Zarz\u0105du Zremb-Chojnice Sp. z o.o.<\/li><li>od 07.2010 Przewodnicz\u0105cy Rady Nadzorczej Stocznia Tczew S.A.<\/li><li>od 01.2014 do 04.2017 Prezes Zarz\u0105du Navimor-Z Sp. z o.o.<\/li><li>od 07.2012 do 02.2018 Prezes Zarz\u0105du Navimor-Invest S.A.<\/li><li>od 08.2010 do 04.2020 Prezes Zarz\u0105du Iraq-Poland Trade and Investment Sp. z o. o.<\/li><li>od 04.2010 do 07.2012 \u2013 Cz\u0142onek a nast\u0119pnie Przewodnicz\u0105cy Rady Nadzorczej Navimor-Invest S.A.<\/li><li>od 07.2007 do 03.2010 Prezes Zarz\u0105du S 1 Sp. z o.o.<\/li><li>od 10.2007 do 03.2010 Prezes Zarz\u0105du STORMM S.A.<\/li><li>od 05. 2007 do 02.2010 \u2013 Cz\u0142onek Rady Nadzorczej ZBM Zremb-Chojnice S.A.<\/li><li>od 04.2006 do 10.2007 Prezes Zarz\u0105du Mostostal-Export Dom Sp. z o.o.<\/li><li>od 02.2006 do 05.2008 Cz\u0142onek Rady Nadzorczej Budopol Wroc\u0142aw S.A.<\/li><li>od 2004 do 2011 roku wsp\u00f3lnik Sp\u00f3\u0142ki Cywilnej nast\u0119pnie Sp\u00f3\u0142ki Jawnej zajmuj\u0105cej si\u0119 dystrybucj\u0105.<\/li><\/ul><p>Ponadto uczestniczy\u0142 w Radach Nadzorczych takich sp\u00f3\u0142ek jak: Family Frost Polska S.A., Jago S.A., Jago Logistyka S.A., Henczke Budownictwo Sp.\u00a0 z o.o.<\/p>\t\t\t\t\t\t\t\t<\/div>\n\t\t\t\t<\/div>\n\t\t\t\t\t<\/div>\n\t\t<\/div>\n\t\t\t\t<div class=\"elementor-column elementor-col-50 elementor-top-column elementor-element elementor-element-0bd30d4\" data-id=\"0bd30d4\" data-element_type=\"column\" data-e-type=\"column\">\n\t\t\t<div class=\"elementor-widget-wrap elementor-element-populated\">\n\t\t\t\t\t\t<div class=\"elementor-element elementor-element-c41dbe6 elementor-widget elementor-widget-image\" data-id=\"c41dbe6\" data-element_type=\"widget\" data-e-type=\"widget\" data-settings=\"{&quot;motion_fx_motion_fx_scrolling&quot;:&quot;yes&quot;,&quot;motion_fx_scale_effect&quot;:&quot;yes&quot;,&quot;motion_fx_scale_direction&quot;:&quot;out-in&quot;,&quot;motion_fx_scale_speed&quot;:{&quot;unit&quot;:&quot;px&quot;,&quot;size&quot;:4,&quot;sizes&quot;:[]},&quot;motion_fx_scale_range&quot;:{&quot;unit&quot;:&quot;%&quot;,&quot;size&quot;:&quot;&quot;,&quot;sizes&quot;:{&quot;start&quot;:20,&quot;end&quot;:80}},&quot;motion_fx_devices&quot;:[&quot;desktop&quot;,&quot;tablet&quot;,&quot;mobile&quot;]}\" data-widget_type=\"image.default\">\n\t\t\t\t<div class=\"elementor-widget-container\">\n\t\t\t\t\t\t\t\t\t\t\t\t\t\t\t<img fetchpriority=\"high\" decoding=\"async\" width=\"800\" height=\"800\" src=\"https:\/\/zrembchojnice.pl\/wp-content\/uploads\/2022\/02\/kkosiorek.png\" class=\"attachment-large size-large wp-image-9218\" alt=\"\" srcset=\"https:\/\/zrembchojnice.pl\/wp-content\/uploads\/2022\/02\/kkosiorek.png 930w, https:\/\/zrembchojnice.pl\/wp-content\/uploads\/2022\/02\/kkosiorek-300x300.png 300w, https:\/\/zrembchojnice.pl\/wp-content\/uploads\/2022\/02\/kkosiorek-150x150.png 150w, https:\/\/zrembchojnice.pl\/wp-content\/uploads\/2022\/02\/kkosiorek-768x768.png 768w\" sizes=\"(max-width: 800px) 100vw, 800px\" \/>\t\t\t\t\t\t\t\t\t\t\t\t\t\t\t<\/div>\n\t\t\t\t<\/div>\n\t\t\t\t\t<\/div>\n\t\t<\/div>\n\t\t\t\t\t<\/div>\n\t\t<\/section>\n\t\t\t\t<section class=\"elementor-section elementor-top-section elementor-element elementor-element-6ebfe19 elementor-section-boxed elementor-section-height-default elementor-section-height-default\" data-id=\"6ebfe19\" data-element_type=\"section\" data-e-type=\"section\" data-settings=\"{&quot;background_background&quot;:&quot;classic&quot;}\">\n\t\t\t\t\t\t<div class=\"elementor-container elementor-column-gap-wider\">\n\t\t\t\t\t<div class=\"elementor-column elementor-col-50 elementor-top-column elementor-element elementor-element-9a60c5f\" data-id=\"9a60c5f\" data-element_type=\"column\" data-e-type=\"column\">\n\t\t\t<div class=\"elementor-widget-wrap elementor-element-populated\">\n\t\t\t\t\t\t<div class=\"elementor-element elementor-element-3b5084a elementor-widget elementor-widget-image\" data-id=\"3b5084a\" data-element_type=\"widget\" data-e-type=\"widget\" data-settings=\"{&quot;motion_fx_motion_fx_scrolling&quot;:&quot;yes&quot;,&quot;motion_fx_scale_effect&quot;:&quot;yes&quot;,&quot;motion_fx_scale_direction&quot;:&quot;out-in&quot;,&quot;motion_fx_scale_speed&quot;:{&quot;unit&quot;:&quot;px&quot;,&quot;size&quot;:4,&quot;sizes&quot;:[]},&quot;motion_fx_scale_range&quot;:{&quot;unit&quot;:&quot;%&quot;,&quot;size&quot;:&quot;&quot;,&quot;sizes&quot;:{&quot;start&quot;:20,&quot;end&quot;:80}},&quot;motion_fx_devices&quot;:[&quot;desktop&quot;,&quot;tablet&quot;,&quot;mobile&quot;]}\" data-widget_type=\"image.default\">\n\t\t\t\t<div class=\"elementor-widget-container\">\n\t\t\t\t\t\t\t\t\t\t\t\t\t\t\t<img decoding=\"async\" width=\"800\" height=\"800\" src=\"https:\/\/zrembchojnice.pl\/wp-content\/uploads\/2022\/02\/mgarus-1.png\" class=\"attachment-large size-large wp-image-9220\" alt=\"\" srcset=\"https:\/\/zrembchojnice.pl\/wp-content\/uploads\/2022\/02\/mgarus-1.png 930w, https:\/\/zrembchojnice.pl\/wp-content\/uploads\/2022\/02\/mgarus-1-300x300.png 300w, https:\/\/zrembchojnice.pl\/wp-content\/uploads\/2022\/02\/mgarus-1-150x150.png 150w, https:\/\/zrembchojnice.pl\/wp-content\/uploads\/2022\/02\/mgarus-1-768x768.png 768w\" sizes=\"(max-width: 800px) 100vw, 800px\" \/>\t\t\t\t\t\t\t\t\t\t\t\t\t\t\t<\/div>\n\t\t\t\t<\/div>\n\t\t\t\t\t<\/div>\n\t\t<\/div>\n\t\t\t\t<div class=\"elementor-column elementor-col-50 elementor-top-column elementor-element elementor-element-d21a4e6\" data-id=\"d21a4e6\" data-element_type=\"column\" data-e-type=\"column\">\n\t\t\t<div class=\"elementor-widget-wrap elementor-element-populated\">\n\t\t\t\t\t\t<div class=\"elementor-element elementor-element-3680400 elementor-widget elementor-widget-heading\" data-id=\"3680400\" data-element_type=\"widget\" data-e-type=\"widget\" data-widget_type=\"heading.default\">\n\t\t\t\t<div class=\"elementor-widget-container\">\n\t\t\t\t\t<h2 class=\"elementor-heading-title elementor-size-default\">Marcin Garus \u2013 Wiceprezes Zarz\u0105du<\/h2>\t\t\t\t<\/div>\n\t\t\t\t<\/div>\n\t\t\t\t<div class=\"elementor-element elementor-element-74cc5f4 elementor-widget elementor-widget-text-editor\" data-id=\"74cc5f4\" data-element_type=\"widget\" data-e-type=\"widget\" data-widget_type=\"text-editor.default\">\n\t\t\t\t<div class=\"elementor-widget-container\">\n\t\t\t\t\t\t\t\t\t<p><strong>Wykszta\u0142cenie:<\/strong><\/p><p>Absolwent Wydzia\u0142u Zarz\u0105dzania Uniwersytetu Ekonomicznego w Katowicach (1995-98), w latach 1994-95 In\u017cynieria Materia\u0142owa na Politechnice \u015al\u0105skiej.<span class=\"Apple-converted-space\">\u00a0<\/span><\/p><p><strong>Do\u015bwiadczenie zawodowe:<\/strong><\/p><ul><li>\u00a0Lipiec 2015 do dzisiaj\u00a0 \u2013 W\u0142asna dzia\u0142alno\u015b\u0107 gospodarcza Marcin Garus Consulting\u00a0<span style=\"color: var( --e-global-color-text ); font-family: var( --e-global-typography-primary-font-family ), Sans-serif; font-size: var( --e-global-typography-primary-font-size ); background-color: var( --e-global-color-510c400 );\">Doradztwo, dzia\u0142alno\u015b\u0107 agencyjna\u00a0<\/span><\/li><li>Marzec 2017 do dzisiaj Wiceprezes Zarz\u0105du ZBM \u201eZREMB-CHOJNICE\u201d S.A.<\/li><li>Listopad 2023 do dzisiaj Wiceprzewodnicz\u0105cy Rady Nadzorczej RED DEV STUDIO S.A.<\/li><li>Marzec 2017 do dzisiaj Wiceprezes Zarz\u0105du ZBM \u201eZREMB-CHOJNICE\u201d S.A.<\/li><li><span style=\"color: var( --e-global-color-text ); font-family: var( --e-global-typography-primary-font-family ), Sans-serif; font-size: var( --e-global-typography-primary-font-size ); background-color: var( --e-global-color-510c400 );\">\u00a0Sierpie\u0144\u00a0 2014 do maj 2015 \u2013 FAMAK S.A. Kluczbork\u00a0 (grupa TDJ),\u00a0<\/span><span style=\"color: var( --e-global-color-text ); font-family: var( --e-global-typography-primary-font-family ), Sans-serif; font-size: var( --e-global-typography-primary-font-size ); background-color: var( --e-global-color-510c400 );\">Dyrektor Techniczny<\/span><\/li><li><span style=\"color: var( --e-global-color-text ); font-family: var( --e-global-typography-primary-font-family ), Sans-serif; font-size: var( --e-global-typography-primary-font-size ); background-color: var( --e-global-color-510c400 );\">Stycze\u0144\u00a0 2014 do lipiec 2014 -ZAMET INDUSTRY S.A\u00a0 oddzia\u0142 MOSTOSTAL CHOJNICE (grupa TDJ),<\/span><span style=\"color: var( --e-global-color-text ); font-family: var( --e-global-typography-primary-font-family ), Sans-serif; font-size: var( --e-global-typography-primary-font-size ); background-color: var( --e-global-color-510c400 );\">Dyrektor Oddzia\u0142u,\u00a0<\/span><span style=\"color: var( --e-global-color-text ); font-family: var( --e-global-typography-primary-font-family ), Sans-serif; font-size: var( --e-global-typography-primary-font-size ); background-color: var( --e-global-color-510c400 );\">G\u0142\u00f3wny Ekonomista \u2013 Prokurent, Cz\u0142onek Zarz\u0105du:\u00a0 Dyr. Finansowy, Dyr. Produkcyjny, Dyr. Zarz\u0105dzaj\u0105cy.<\/span><\/li><li><span style=\"color: var( --e-global-color-text ); font-family: var( --e-global-typography-primary-font-family ), Sans-serif; font-size: var( --e-global-typography-primary-font-size ); background-color: var( --e-global-color-510c400 );\">Grudzie\u0144 2011 do 31 grudzie\u0144 2013 \u2013 STOCZNIA GDA\u0143SK S.A\u00a0 oddzia\u0142 MOSTOSTAL CHOJNICE,\u00a0<\/span><span style=\"color: var( --e-global-color-text ); font-family: var( --e-global-typography-primary-font-family ), Sans-serif; font-size: var( --e-global-typography-primary-font-size ); background-color: var( --e-global-color-510c400 );\">Dyrektor Oddzia\u0142u\u00a0<\/span><\/li><li><span style=\"color: var( --e-global-color-text ); font-family: var( --e-global-typography-primary-font-family ), Sans-serif; font-size: var( --e-global-typography-primary-font-size ); background-color: var( --e-global-color-510c400 );\">Stycze\u0144 1999 r. do listopad 2011 \u2013 MOSTOSTAL CHOJNICE S.A.\u00a0<\/span><span style=\"color: var( --e-global-color-text ); font-family: var( --e-global-typography-primary-font-family ), Sans-serif; font-size: var( --e-global-typography-primary-font-size ); background-color: var( --e-global-color-510c400 );\">Prezes Zarz\u0105du,\u00a0<\/span><span style=\"color: var( --e-global-color-text ); font-family: var( --e-global-typography-primary-font-family ), Sans-serif; font-size: var( --e-global-typography-primary-font-size ); background-color: var( --e-global-color-510c400 );\">G\u0142\u00f3wny Ekonomista \u2013 Prokurent, Cz\u0142onek Zarz\u0105du:\u00a0 Dyrektor Finansowy, Dyrektor Produkcyjny, Dyrektor Zarz\u0105dzaj\u0105cy.<\/span><\/li><li><span style=\"color: var( --e-global-color-text ); font-family: var( --e-global-typography-primary-font-family ), Sans-serif; font-size: var( --e-global-typography-primary-font-size ); background-color: var( --e-global-color-510c400 );\">Od Roku 2008 do dzisiaj \u2013 Polska Izba Konstrukcji Stalowych,\u00a0<\/span><span style=\"color: var( --e-global-color-text ); font-family: var( --e-global-typography-primary-font-family ), Sans-serif; font-size: var( --e-global-typography-primary-font-size ); background-color: var( --e-global-color-510c400 );\">Cz\u0142onek Rady Izby &#8211; Aktywny prelegent na r\u00f3\u017cnych spotkaniach i targach budowlanych w Polsce i zagranic\u0105.<\/span><\/li><li><span style=\"color: var( --e-global-color-text ); font-family: var( --e-global-typography-primary-font-family ), Sans-serif; font-size: var( --e-global-typography-primary-font-size ); background-color: var( --e-global-color-510c400 );\">Lipiec 1997 \u2013 31 grudnia 1998r. \u2013 MOSTOSTAL ZABRZE HOLDING S.A.,<\/span><span style=\"color: var( --e-global-color-text ); font-family: var( --e-global-typography-primary-font-family ), Sans-serif; font-size: var( --e-global-typography-primary-font-size ); background-color: var( --e-global-color-510c400 );\">Analityk ds. analiz ekonomiczno \u2013 finansowych w Dziale Nadzoru W\u0142a\u015bcicielskiego<\/span><\/li><\/ul>\t\t\t\t\t\t\t\t<\/div>\n\t\t\t\t<\/div>\n\t\t\t\t\t<\/div>\n\t\t<\/div>\n\t\t\t\t\t<\/div>\n\t\t<\/section>\n\t\t\t\t<\/div>\n\t\t","protected":false},"excerpt":{"rendered":"<p>Zarz\u0105d Krzysztof Kosiorek-Sobolewski &#8211; Prezes Zarz\u0105du Wykszta\u0142cenie: Absolwent Wydzia\u0142u In\u017cynierii Materia\u0142owej Politechniki Warszawskiej \u00a0oraz Wy\u017cszej Szko\u0142y Zarz\u0105dzania i Marketingu w Warszawie- Studia Podyplomowe. Do\u015bwiadczenie zawodowe: Od 2019 roku do dzi\u015b- w\u0142asna dzia\u0142alno\u015b\u0107 gospodarcza w zakresie consultingu i doradztwa pod nazw\u0105 Krzysztof Kosiorek-Sobolewski Consulting z siedzib\u0105 w Warszawie od 02.2010r do dzi\u015b \u2013 Prezes Zarz\u0105du ZBM [&hellip;]<\/p>\n","protected":false},"author":1,"featured_media":0,"parent":152,"menu_order":1,"comment_status":"closed","ping_status":"closed","template":"","meta":{"footnotes":""},"class_list":["post-153","page","type-page","status-publish","hentry"],"_links":{"self":[{"href":"https:\/\/zrembchojnice.pl\/index.php\/wp-json\/wp\/v2\/pages\/153","targetHints":{"allow":["GET"]}}],"collection":[{"href":"https:\/\/zrembchojnice.pl\/index.php\/wp-json\/wp\/v2\/pages"}],"about":[{"href":"https:\/\/zrembchojnice.pl\/index.php\/wp-json\/wp\/v2\/types\/page"}],"author":[{"embeddable":true,"href":"https:\/\/zrembchojnice.pl\/index.php\/wp-json\/wp\/v2\/users\/1"}],"replies":[{"embeddable":true,"href":"https:\/\/zrembchojnice.pl\/index.php\/wp-json\/wp\/v2\/comments?post=153"}],"version-history":[{"count":28,"href":"https:\/\/zrembchojnice.pl\/index.php\/wp-json\/wp\/v2\/pages\/153\/revisions"}],"predecessor-version":[{"id":12335,"href":"https:\/\/zrembchojnice.pl\/index.php\/wp-json\/wp\/v2\/pages\/153\/revisions\/12335"}],"up":[{"embeddable":true,"href":"https:\/\/zrembchojnice.pl\/index.php\/wp-json\/wp\/v2\/pages\/152"}],"wp:attachment":[{"href":"https:\/\/zrembchojnice.pl\/index.php\/wp-json\/wp\/v2\/media?parent=153"}],"curies":[{"name":"wp","href":"https:\/\/api.w.org\/{rel}","templated":true}]}}