{"id":151,"date":"2019-07-03T12:24:06","date_gmt":"2019-07-03T10:24:06","guid":{"rendered":"https:\/\/zrembchojnice.pl\/?page_id=151"},"modified":"2025-06-11T10:37:23","modified_gmt":"2025-06-11T08:37:23","slug":"o-firmie","status":"publish","type":"page","link":"https:\/\/zrembchojnice.pl\/index.php\/o-firmie\/","title":{"rendered":"O firmie"},"content":{"rendered":"\t\t<div data-elementor-type=\"wp-page\" data-elementor-id=\"151\" class=\"elementor elementor-151\" data-elementor-post-type=\"page\">\n\t\t\t\t\t\t<section class=\"elementor-section elementor-top-section elementor-element elementor-element-d659589 elementor-section-boxed elementor-section-height-default elementor-section-height-default\" data-id=\"d659589\" data-element_type=\"section\" data-e-type=\"section\">\n\t\t\t\t\t\t<div class=\"elementor-container elementor-column-gap-default\">\n\t\t\t\t\t<div class=\"elementor-column elementor-col-100 elementor-top-column elementor-element elementor-element-6f7c89f\" data-id=\"6f7c89f\" data-element_type=\"column\" data-e-type=\"column\">\n\t\t\t<div class=\"elementor-widget-wrap\">\n\t\t\t\t\t\t\t<\/div>\n\t\t<\/div>\n\t\t\t\t\t<\/div>\n\t\t<\/section>\n\t\t\t\t<section class=\"elementor-section elementor-top-section elementor-element elementor-element-746c48b elementor-section-full_width elementor-section-height-default elementor-section-height-default\" data-id=\"746c48b\" data-element_type=\"section\" data-e-type=\"section\">\n\t\t\t\t\t\t<div class=\"elementor-container elementor-column-gap-no\">\n\t\t\t\t\t<div class=\"elementor-column elementor-col-100 elementor-top-column elementor-element elementor-element-65a39f9\" data-id=\"65a39f9\" data-element_type=\"column\" data-e-type=\"column\">\n\t\t\t<div class=\"elementor-widget-wrap elementor-element-populated\">\n\t\t\t\t\t\t<div class=\"elementor-element elementor-element-b09ca05 elementor--h-position-center elementor--v-position-middle elementor-arrows-position-inside elementor-pagination-position-inside elementor-widget elementor-widget-slides\" data-id=\"b09ca05\" data-element_type=\"widget\" data-e-type=\"widget\" data-settings=\"{&quot;navigation&quot;:&quot;both&quot;,&quot;autoplay&quot;:&quot;yes&quot;,&quot;pause_on_hover&quot;:&quot;yes&quot;,&quot;pause_on_interaction&quot;:&quot;yes&quot;,&quot;autoplay_speed&quot;:5000,&quot;infinite&quot;:&quot;yes&quot;,&quot;transition&quot;:&quot;slide&quot;,&quot;transition_speed&quot;:500}\" data-widget_type=\"slides.default\">\n\t\t\t\t<div class=\"elementor-widget-container\">\n\t\t\t\t\t\t\t\t\t<div class=\"elementor-swiper\">\n\t\t\t\t\t<div class=\"elementor-slides-wrapper elementor-main-swiper swiper\" role=\"region\" aria-roledescription=\"carousel\" aria-label=\"Slajdy\" dir=\"ltr\" data-animation=\"fadeInUp\">\n\t\t\t\t<div class=\"swiper-wrapper elementor-slides\">\n\t\t\t\t\t\t\t\t\t\t<div class=\"elementor-repeater-item-636acf8 swiper-slide\" role=\"group\" aria-roledescription=\"slide\"><div class=\"swiper-slide-bg\" role=\"img\" aria-label=\"korytarz\"><\/div><div class=\"swiper-slide-inner\" ><div class=\"swiper-slide-contents\"><\/div><\/div><\/div>\t\t\t\t<\/div>\n\t\t\t\t\t\t\t<\/div>\n\t\t\t\t<\/div>\n\t\t\t\t\t\t\t\t<\/div>\n\t\t\t\t<\/div>\n\t\t\t\t\t<\/div>\n\t\t<\/div>\n\t\t\t\t\t<\/div>\n\t\t<\/section>\n\t\t\t\t<section class=\"elementor-section elementor-top-section elementor-element elementor-element-8c791aa elementor-section-boxed elementor-section-height-default elementor-section-height-default\" data-id=\"8c791aa\" data-element_type=\"section\" data-e-type=\"section\">\n\t\t\t\t\t\t<div class=\"elementor-container elementor-column-gap-default\">\n\t\t\t\t\t<div class=\"elementor-column elementor-col-100 elementor-top-column elementor-element elementor-element-8860e4f\" data-id=\"8860e4f\" data-element_type=\"column\" data-e-type=\"column\">\n\t\t\t<div class=\"elementor-widget-wrap elementor-element-populated\">\n\t\t\t\t\t\t<div class=\"elementor-element elementor-element-4e63ff9 elementor-widget elementor-widget-heading\" data-id=\"4e63ff9\" data-element_type=\"widget\" data-e-type=\"widget\" data-widget_type=\"heading.default\">\n\t\t\t\t<div class=\"elementor-widget-container\">\n\t\t\t\t\t<h2 class=\"elementor-heading-title elementor-size-default\">Historia<\/h2>\t\t\t\t<\/div>\n\t\t\t\t<\/div>\n\t\t\t\t\t<\/div>\n\t\t<\/div>\n\t\t\t\t\t<\/div>\n\t\t<\/section>\n\t\t\t\t<section class=\"elementor-section elementor-top-section elementor-element elementor-element-653fb57 elementor-section-boxed elementor-section-height-default elementor-section-height-default\" data-id=\"653fb57\" data-element_type=\"section\" data-e-type=\"section\">\n\t\t\t\t\t\t<div class=\"elementor-container elementor-column-gap-default\">\n\t\t\t\t\t<div class=\"elementor-column elementor-col-100 elementor-top-column elementor-element elementor-element-1a7ef22\" data-id=\"1a7ef22\" data-element_type=\"column\" data-e-type=\"column\">\n\t\t\t<div class=\"elementor-widget-wrap elementor-element-populated\">\n\t\t\t\t\t\t<div class=\"elementor-element elementor-element-135797a elementor-widget elementor-widget-text-editor\" data-id=\"135797a\" data-element_type=\"widget\" data-e-type=\"widget\" data-widget_type=\"text-editor.default\">\n\t\t\t\t<div class=\"elementor-widget-container\">\n\t\t\t\t\t\t\t\t\t<p><strong>Zak\u0142ad Budowy Maszyn \u201eZREMB &#8211; CHOJNICE&#8221;<\/strong> S.A. w Chojnicach zosta\u0142 oddany do eksploatacji 2 stycznia 1973 r. Pocz\u0105tkowo wchodzi\u0142 w sk\u0142ad Kombinatu Kujawskich Zak\u0142ad\u00f3w Maszyn Budowlanych \u201eZREMB&#8221; Solec Kujawski, nast\u0119pnie w 1977r. wszed\u0142 w sk\u0142ad Pomorskiego Kombinatu Maszyn Budowlanych \u201eZREMB-MAKRUM&#8221; w Bydgoszczy.<\/p>\n<p><!-- \/wp:paragraph --><\/p>\n<p><!-- wp:paragraph --><\/p>\n<p>Od 1982 r. funkcjonuje jako niezale\u017cne i samodzielnie finansuj\u0105ce si\u0119\u00a0przedsi\u0119biorstwo. Pocz\u0105tkowo zak\u0142ad produkowa\u0142 osinobusy &#8211; zabudowy\u00a0autobusowe na bazie samochodu ci\u0119\u017carowego, przyczepy &#8211; wywrotki dla\u00a0budownictwa, zamaszynowanie wytw\u00f3rni beton\u00f3w kom\u00f3rkowych, maszyny do\u00a0rob\u00f3t ti. indamentowych \u2014 kafary. P\u00f3\u017aniej produkowano tunele grzewcze\u00a0dla fabryk, dom\u00f3w oraz r\u00f3\u017cne typy naczep-NB 61, ND 160, N 162. W latach\u00a080-tych rozszerzono asortyment o produkcj\u0119 maszyn dla rolnictwa:\u00a0kultywatory i kopaczki konne, zbieracze pokos\u00f3w. Obecnie firma produkuje\u00a0g\u0142\u00f3wnie kontenery i konstrukcje stalowe.<\/p>\n<p><!-- \/wp:paragraph --><\/p>\n<p><!-- wp:paragraph --><\/p>\n<p>W lutym 1997r. w wyniku prywatyzacji firm\u0119 przekszta\u0142cono w Sp\u00f3\u0142k\u0119\u00a0Akcyjn\u0105 pod nazw\u0105 Zak\u0142ad Budowy Maszyn \u201eZREMB -CHOJNICE&#8221; S.A., kt\u00f3rej\u00a0wi\u0119kszo\u015bciowym akcjonariuszem by\u0142 \u201eMostostal-Export&#8221; S.A. W marcu 2007\u00a0roku \u201eMostostal-Export&#8221; S.A. sprzeda\u0142 akcje \u201eZREMB-CHOJNICE\u201d sp\u00f3\u0142ce\u00a0Mostostal-Export-Dom Sp. z o.o. Wskutek przej\u0119cia w pa\u017adzierniku 2007\u00a0roku Mostostalu-Exportu-Dom Sp. z o.o. przez STORMM S.A. z siedzib\u0105 w\u00a0Warszawie, STORMM S.A. sta\u0142 si\u0119 naszym akcjonariuszem.<\/p>\n<p><!-- \/wp:paragraph --><\/p>\n<p><!-- wp:paragraph --><\/p>\n<p>W kwietniu 2008 roku ZBM \u201eZREMB-CHOJNICE\u201d S.A. zadebiutowa\u0142 na warszawskiej Gie\u0142dzie Papier\u00f3w Warto\u015bciowych.<\/p>\n<p><!-- \/wp:paragraph --><\/p>\n<p><!-- wp:paragraph --><\/p>\n<p>W 2009 roku Sp\u00f3\u0142ka rozpocz\u0119\u0142a budowanie Grupy Kapita\u0142owej, w sk\u0142ad kt\u00f3rej obecnie wchodzi poza ZREMB:<\/p>\n<p><!-- \/wp:paragraph --><\/p>\n<p><!-- wp:list --><\/p>\n<ul>\n<li><a href=\"http:\/\/www.navimorinvest.eu\">NAVIMOR &#8211; INVEST S.A.<\/a>\u00a0w upad\u0142o\u015bci<\/li>\n<li>ZBM &#8222;ZREMB-CHOJNICE&#8221; Sp. z o.o.<\/li>\n<\/ul>\n<p><!-- \/wp:paragraph --><\/p>\t\t\t\t\t\t\t\t<\/div>\n\t\t\t\t<\/div>\n\t\t\t\t\t<\/div>\n\t\t<\/div>\n\t\t\t\t\t<\/div>\n\t\t<\/section>\n\t\t\t\t<section class=\"elementor-section elementor-top-section elementor-element elementor-element-652743d elementor-section-boxed elementor-section-height-default elementor-section-height-default\" data-id=\"652743d\" data-element_type=\"section\" data-e-type=\"section\" data-settings=\"{&quot;background_background&quot;:&quot;classic&quot;}\">\n\t\t\t\t\t\t<div class=\"elementor-container elementor-column-gap-default\">\n\t\t\t\t\t<div class=\"elementor-column elementor-col-100 elementor-top-column elementor-element elementor-element-0d8fcfe\" data-id=\"0d8fcfe\" data-element_type=\"column\" data-e-type=\"column\">\n\t\t\t<div class=\"elementor-widget-wrap elementor-element-populated\">\n\t\t\t\t\t\t<div class=\"elementor-element elementor-element-61ad41c elementor-widget elementor-widget-heading\" data-id=\"61ad41c\" data-element_type=\"widget\" data-e-type=\"widget\" data-widget_type=\"heading.default\">\n\t\t\t\t<div class=\"elementor-widget-container\">\n\t\t\t\t\t<h2 class=\"elementor-heading-title elementor-size-default\">ZREMB Chojnice dzi\u015b<\/h2>\t\t\t\t<\/div>\n\t\t\t\t<\/div>\n\t\t\t\t\t<\/div>\n\t\t<\/div>\n\t\t\t\t\t<\/div>\n\t\t<\/section>\n\t\t\t\t<section class=\"elementor-section elementor-top-section elementor-element elementor-element-bc7f876 elementor-section-boxed elementor-section-height-default elementor-section-height-default\" data-id=\"bc7f876\" data-element_type=\"section\" data-e-type=\"section\" data-settings=\"{&quot;background_background&quot;:&quot;classic&quot;}\">\n\t\t\t\t\t\t<div class=\"elementor-container elementor-column-gap-default\">\n\t\t\t\t\t<div class=\"elementor-column elementor-col-100 elementor-top-column elementor-element elementor-element-fa584f0\" data-id=\"fa584f0\" data-element_type=\"column\" data-e-type=\"column\">\n\t\t\t<div class=\"elementor-widget-wrap elementor-element-populated\">\n\t\t\t\t\t\t<div class=\"elementor-element elementor-element-364dada elementor-widget elementor-widget-heading\" data-id=\"364dada\" data-element_type=\"widget\" data-e-type=\"widget\" data-widget_type=\"heading.default\">\n\t\t\t\t<div class=\"elementor-widget-container\">\n\t\t\t\t\t<h2 class=\"elementor-heading-title elementor-size-default\">Aktualnie sp\u00f3\u0142ka produkuje:<\/h2>\t\t\t\t<\/div>\n\t\t\t\t<\/div>\n\t\t\t\t<div class=\"elementor-element elementor-element-93de6d6 elementor-widget elementor-widget-text-editor\" data-id=\"93de6d6\" data-element_type=\"widget\" data-e-type=\"widget\" data-widget_type=\"text-editor.default\">\n\t\t\t\t<div class=\"elementor-widget-container\">\n\t\t\t\t\t\t\t\t\t<ul>\n<li><a href=\"https:\/\/www.zremb-ch.com.pl\/pl\/kontenery_typu_offshore-67\">kontenery offshore<\/a>\u00a0(transport morski i na platformy wiertnicze),<\/li>\n<li><a href=\"https:\/\/www.zremb-ch.com.pl\/pl\/baskety_roznej_dlugosci-68\">kontenery rurowe<\/a>\u00a0(tzw. Baskety) do transportu oprzyrz\u0105dowania na platformy wiertnicze,<\/li>\n<li>kontenery \u0142adunkowe Mini \u2014 Mud i \u017cywno\u015bci (tzw. food containers) do<br \/>transportu wyposa\u017cenia i \u017cywno\u015bci dla za\u0142\u00f3g platform wiertniczych,<\/li>\n<li>kontenery typu Borekaks do transportu szlam\u00f3w z odwiert\u00f3w na platformach,<\/li>\n<li>kontenery specjalistyczne dla: warsztat\u00f3w mechanicznych, spr\u0119\u017carkowni, agregat\u00f3w pr\u0105dotw\u00f3rczych itp., -*<\/li>\n<li><a href=\"https:\/\/www.zremb-ch.com.pl\/pl\/kontenery_typu_3w1_i_2w1-66\">kontenery i platformy na wyposa\u017cenie wojsk<\/a>,<\/li>\n<li>kontenery na odpady radioaktywne,<\/li>\n<li>konstrukcje stalowe budowlane dach\u00f3w i fasad pod szk\u0142o oraz wiele<br \/>innych indy\u00adwidualnie projektowanych obiekt\u00f3w budowlanych i wyrob\u00f3w.<\/li>\n<\/ul>\n<p><!-- \/wp:list --><\/p>\n<p><!-- wp:paragraph --><\/p>\n<p><strong>Zak\u0142ad Budowy Maszyn \u201eZREMB\u2013CHOJNICE\u201d Sp\u00f3\u0142ka Akcyjna<\/strong><br \/>Producent konstrukcji stalowych i kontener\u00f3w zaprasza Pa\u0144stwa do odwiedzin w naszej Firmie<\/p>\n<p><strong>Sp\u00f3\u0142ka Akcyjna z siedzib\u0105 i pod adresem<\/strong><br \/>ul. Przemys\u0142owa 15,<br \/>89-600 CHOJNICE;<\/p>\n<p>Wpisana do Rejestru Przedsi\u0119biorc\u00f3w prowadzonego przez S\u0105d Rejonowy Gda\u0144sk-P\u00f3\u0142noc w Gda\u0144sku, VIII Wydzia\u0142 Gospodarczy Krajowego Rejestru S\u0105dowego &#8211; nr <strong>KRS<\/strong> 0000078076,\u00a0<strong style=\"color: var( --e-global-color-text ); font-family: var( --e-global-typography-text-font-family ), Sans-serif; font-size: var( --e-global-typography-text-font-size );\">NIP<\/strong><span style=\"color: var( --e-global-color-text ); font-family: var( --e-global-typography-text-font-family ), Sans-serif; font-size: var( --e-global-typography-text-font-size ); background-color: var( --e-global-color-510c400 );\"> 555-15-64-913, \u00a0<\/span><strong style=\"color: var( --e-global-color-text ); font-family: var( --e-global-typography-text-font-family ), Sans-serif; font-size: var( --e-global-typography-text-font-size );\">REGON<\/strong><span style=\"color: var( --e-global-color-text ); font-family: var( --e-global-typography-text-font-family ), Sans-serif; font-size: var( --e-global-typography-text-font-size ); background-color: var( --e-global-color-510c400 );\"> 091343195<\/span><\/p>\n<p>Wysoko\u015b\u0107 kapita\u0142u zak\u0142adowego: 7.000.000,00 z\u0142<br \/>Wysoko\u015b\u0107 kapita\u0142u wp\u0142aconego: 7.000.000,00 z\u0142<\/p>\n<p>telefon 52\u00a0 39-65-710, fax 52 \u00a039-731 -63<br \/>e-mail: <a href=\"mailto:sekretariat@zremb-ch.com.pl\">sekretariat@zrembchojnice.pl<\/a>, <a href=\"mailto:marketing@zremb-ch.com.pl\">marketing@zrembchojnice.pl<\/a><br \/>Konto : ING BANK \u015aL\u0104SKI S.A. 96 10 50 17 64 1000 0090 3294 3004<\/p>\n<p><!-- \/wp:paragraph --><\/p>\t\t\t\t\t\t\t\t<\/div>\n\t\t\t\t<\/div>\n\t\t\t\t\t<\/div>\n\t\t<\/div>\n\t\t\t\t\t<\/div>\n\t\t<\/section>\n\t\t\t\t<\/div>\n\t\t","protected":false},"excerpt":{"rendered":"<p>Historia Zak\u0142ad Budowy Maszyn \u201eZREMB &#8211; CHOJNICE&#8221; S.A. w Chojnicach zosta\u0142 oddany do eksploatacji 2 stycznia 1973 r. Pocz\u0105tkowo wchodzi\u0142 w sk\u0142ad Kombinatu Kujawskich Zak\u0142ad\u00f3w Maszyn Budowlanych \u201eZREMB&#8221; Solec Kujawski, nast\u0119pnie w 1977r. wszed\u0142 w sk\u0142ad Pomorskiego Kombinatu Maszyn Budowlanych \u201eZREMB-MAKRUM&#8221; w Bydgoszczy. Od 1982 r. funkcjonuje jako niezale\u017cne i samodzielnie finansuj\u0105ce si\u0119\u00a0przedsi\u0119biorstwo. Pocz\u0105tkowo zak\u0142ad [&hellip;]<\/p>\n","protected":false},"author":1,"featured_media":0,"parent":0,"menu_order":0,"comment_status":"closed","ping_status":"closed","template":"","meta":{"footnotes":""},"class_list":["post-151","page","type-page","status-publish","hentry"],"_links":{"self":[{"href":"https:\/\/zrembchojnice.pl\/index.php\/wp-json\/wp\/v2\/pages\/151","targetHints":{"allow":["GET"]}}],"collection":[{"href":"https:\/\/zrembchojnice.pl\/index.php\/wp-json\/wp\/v2\/pages"}],"about":[{"href":"https:\/\/zrembchojnice.pl\/index.php\/wp-json\/wp\/v2\/types\/page"}],"author":[{"embeddable":true,"href":"https:\/\/zrembchojnice.pl\/index.php\/wp-json\/wp\/v2\/users\/1"}],"replies":[{"embeddable":true,"href":"https:\/\/zrembchojnice.pl\/index.php\/wp-json\/wp\/v2\/comments?post=151"}],"version-history":[{"count":22,"href":"https:\/\/zrembchojnice.pl\/index.php\/wp-json\/wp\/v2\/pages\/151\/revisions"}],"predecessor-version":[{"id":12836,"href":"https:\/\/zrembchojnice.pl\/index.php\/wp-json\/wp\/v2\/pages\/151\/revisions\/12836"}],"wp:attachment":[{"href":"https:\/\/zrembchojnice.pl\/index.php\/wp-json\/wp\/v2\/media?parent=151"}],"curies":[{"name":"wp","href":"https:\/\/api.w.org\/{rel}","templated":true}]}}