{"id":13083,"date":"2025-01-16T07:32:51","date_gmt":"2025-01-16T06:32:51","guid":{"rendered":"https:\/\/zrembchojnice.pl\/?page_id=13083"},"modified":"2026-02-10T08:16:06","modified_gmt":"2026-02-10T07:16:06","slug":"raporty-biezace-2025","status":"publish","type":"page","link":"https:\/\/zrembchojnice.pl\/index.php\/relacje-inwestorskie\/raporty-biezace-2025\/","title":{"rendered":"Raporty bie\u017c\u0105ce 2025"},"content":{"rendered":"\t\t<div data-elementor-type=\"wp-page\" data-elementor-id=\"13083\" class=\"elementor elementor-13083\" data-elementor-post-type=\"page\">\n\t\t\t\t\t\t<section class=\"elementor-section elementor-top-section elementor-element elementor-element-d659589 elementor-section-boxed elementor-section-height-default elementor-section-height-default\" data-id=\"d659589\" data-element_type=\"section\" data-e-type=\"section\">\n\t\t\t\t\t\t<div class=\"elementor-container elementor-column-gap-default\">\n\t\t\t\t\t<div class=\"elementor-column elementor-col-100 elementor-top-column elementor-element elementor-element-6f7c89f\" data-id=\"6f7c89f\" data-element_type=\"column\" data-e-type=\"column\">\n\t\t\t<div class=\"elementor-widget-wrap\">\n\t\t\t\t\t\t\t<\/div>\n\t\t<\/div>\n\t\t\t\t\t<\/div>\n\t\t<\/section>\n\t\t\t\t<section class=\"elementor-section elementor-top-section elementor-element elementor-element-746c48b elementor-section-full_width elementor-section-height-default elementor-section-height-default\" data-id=\"746c48b\" data-element_type=\"section\" data-e-type=\"section\">\n\t\t\t\t\t\t<div class=\"elementor-container elementor-column-gap-no\">\n\t\t\t\t\t<div class=\"elementor-column elementor-col-100 elementor-top-column elementor-element elementor-element-65a39f9\" data-id=\"65a39f9\" data-element_type=\"column\" data-e-type=\"column\">\n\t\t\t<div class=\"elementor-widget-wrap elementor-element-populated\">\n\t\t\t\t\t\t<div class=\"elementor-element elementor-element-b09ca05 elementor--h-position-center elementor--v-position-middle elementor-arrows-position-inside elementor-pagination-position-inside elementor-widget elementor-widget-slides\" data-id=\"b09ca05\" data-element_type=\"widget\" data-e-type=\"widget\" data-settings=\"{&quot;navigation&quot;:&quot;both&quot;,&quot;autoplay&quot;:&quot;yes&quot;,&quot;pause_on_hover&quot;:&quot;yes&quot;,&quot;pause_on_interaction&quot;:&quot;yes&quot;,&quot;autoplay_speed&quot;:5000,&quot;infinite&quot;:&quot;yes&quot;,&quot;transition&quot;:&quot;slide&quot;,&quot;transition_speed&quot;:500}\" data-widget_type=\"slides.default\">\n\t\t\t\t<div class=\"elementor-widget-container\">\n\t\t\t\t\t\t\t\t\t<div class=\"elementor-swiper\">\n\t\t\t\t\t<div class=\"elementor-slides-wrapper elementor-main-swiper swiper\" role=\"region\" aria-roledescription=\"carousel\" aria-label=\"Slajdy\" dir=\"ltr\" data-animation=\"fadeInUp\">\n\t\t\t\t<div class=\"swiper-wrapper elementor-slides\">\n\t\t\t\t\t\t\t\t\t\t<div class=\"elementor-repeater-item-636acf8 swiper-slide\" role=\"group\" aria-roledescription=\"slide\"><div class=\"swiper-slide-bg\" role=\"img\" aria-label=\"gielda\"><\/div><div class=\"swiper-slide-inner\" ><div class=\"swiper-slide-contents\"><\/div><\/div><\/div>\t\t\t\t<\/div>\n\t\t\t\t\t\t\t<\/div>\n\t\t\t\t<\/div>\n\t\t\t\t\t\t\t\t<\/div>\n\t\t\t\t<\/div>\n\t\t\t\t\t<\/div>\n\t\t<\/div>\n\t\t\t\t\t<\/div>\n\t\t<\/section>\n\t\t\t\t<section class=\"elementor-section elementor-top-section elementor-element elementor-element-8c791aa elementor-section-boxed elementor-section-height-default elementor-section-height-default\" data-id=\"8c791aa\" data-element_type=\"section\" data-e-type=\"section\">\n\t\t\t\t\t\t<div class=\"elementor-container elementor-column-gap-default\">\n\t\t\t\t\t<div class=\"elementor-column elementor-col-100 elementor-top-column elementor-element elementor-element-8860e4f\" data-id=\"8860e4f\" data-element_type=\"column\" data-e-type=\"column\">\n\t\t\t<div class=\"elementor-widget-wrap elementor-element-populated\">\n\t\t\t\t\t\t<div class=\"elementor-element elementor-element-4e63ff9 elementor-widget elementor-widget-heading\" data-id=\"4e63ff9\" data-element_type=\"widget\" data-e-type=\"widget\" data-widget_type=\"heading.default\">\n\t\t\t\t<div class=\"elementor-widget-container\">\n\t\t\t\t\t<h2 class=\"elementor-heading-title elementor-size-default\">Raporty bie\u017c\u0105ce 2025<\/h2>\t\t\t\t<\/div>\n\t\t\t\t<\/div>\n\t\t\t\t\t<\/div>\n\t\t<\/div>\n\t\t\t\t\t<\/div>\n\t\t<\/section>\n\t\t\t\t<section class=\"elementor-section elementor-top-section elementor-element elementor-element-653fb57 elementor-section-boxed elementor-section-height-default elementor-section-height-default\" data-id=\"653fb57\" data-element_type=\"section\" data-e-type=\"section\">\n\t\t\t\t\t\t<div class=\"elementor-container elementor-column-gap-default\">\n\t\t\t\t\t<div class=\"elementor-column elementor-col-100 elementor-top-column elementor-element elementor-element-1a7ef22\" data-id=\"1a7ef22\" data-element_type=\"column\" data-e-type=\"column\">\n\t\t\t<div class=\"elementor-widget-wrap elementor-element-populated\">\n\t\t\t\t\t\t<div class=\"elementor-element elementor-element-d6d65ae elementor-grid-3 elementor-grid-tablet-2 elementor-grid-mobile-1 elementor-posts--thumbnail-top load-more-align-center elementor-widget elementor-widget-posts\" data-id=\"d6d65ae\" data-element_type=\"widget\" data-e-type=\"widget\" data-settings=\"{&quot;pagination_type&quot;:&quot;load_more_on_click&quot;,&quot;classic_columns&quot;:&quot;3&quot;,&quot;classic_columns_tablet&quot;:&quot;2&quot;,&quot;classic_columns_mobile&quot;:&quot;1&quot;,&quot;classic_row_gap&quot;:{&quot;unit&quot;:&quot;px&quot;,&quot;size&quot;:35,&quot;sizes&quot;:[]},&quot;classic_row_gap_tablet&quot;:{&quot;unit&quot;:&quot;px&quot;,&quot;size&quot;:&quot;&quot;,&quot;sizes&quot;:[]},&quot;classic_row_gap_mobile&quot;:{&quot;unit&quot;:&quot;px&quot;,&quot;size&quot;:&quot;&quot;,&quot;sizes&quot;:[]},&quot;load_more_spinner&quot;:{&quot;value&quot;:&quot;fas fa-spinner&quot;,&quot;library&quot;:&quot;fa-solid&quot;}}\" data-widget_type=\"posts.classic\">\n\t\t\t\t<div class=\"elementor-widget-container\">\n\t\t\t\t\t\t\t<div class=\"elementor-posts-container elementor-posts elementor-posts--skin-classic elementor-grid\" role=\"list\">\n\t\t\t\t<article class=\"elementor-post elementor-grid-item post-13063 post type-post status-publish format-standard hentry category-raporty-biezace-2025\" role=\"listitem\">\n\t\t\t\t<div class=\"elementor-post__text\">\n\t\t\t\t<h3 class=\"elementor-post__title\">\n\t\t\t<a href=\"https:\/\/zrembchojnice.pl\/index.php\/2025\/12\/22\/36-2025-wczesniejsza-splata-pozyczki-udzielonej-przez-agencje-rozwoju-przemyslu-s-a\/\" >\n\t\t\t\t36\/2025 Wcze\u015bniejsza sp\u0142ata po\u017cyczki udzielonej przez Agencj\u0119 Rozwoju Przemys\u0142u S.A.\t\t\t<\/a>\n\t\t<\/h3>\n\t\t\t\t<div class=\"elementor-post__meta-data\">\n\t\t\t\t\t<span class=\"elementor-post-date\">\n\t\t\t22 grudnia 2025\t\t<\/span>\n\t\t\t\t<\/div>\n\t\t\t\t<div class=\"elementor-post__excerpt\">\n\t\t\t<p>36\/2025 Wcze\u015bniejsza sp\u0142ata po\u017cyczki udzielonej przez Agencj\u0119 Rozwoju Przemys\u0142u S.A. Podstawa prawna: Art. 17 ust. 1 Rozporz\u0105dzenia MAR &#8211; informacje poufne Zarz\u0105d Zak\u0142adu Budowy Maszyn<\/p>\n\t\t<\/div>\n\t\t\n\t\t<a class=\"elementor-post__read-more\" href=\"https:\/\/zrembchojnice.pl\/index.php\/2025\/12\/22\/36-2025-wczesniejsza-splata-pozyczki-udzielonej-przez-agencje-rozwoju-przemyslu-s-a\/\" aria-label=\"Read more about 36\/2025 Wcze\u015bniejsza sp\u0142ata po\u017cyczki udzielonej przez Agencj\u0119 Rozwoju Przemys\u0142u S.A.\" tabindex=\"-1\" >\n\t\t\tCzytaj wi\u0119cej \u00bb\t\t<\/a>\n\n\t\t\t\t<\/div>\n\t\t\t\t<\/article>\n\t\t\t\t<article class=\"elementor-post elementor-grid-item post-13053 post type-post status-publish format-standard hentry category-raporty-biezace-2025\" role=\"listitem\">\n\t\t\t\t<div class=\"elementor-post__text\">\n\t\t\t\t<h3 class=\"elementor-post__title\">\n\t\t\t<a href=\"https:\/\/zrembchojnice.pl\/index.php\/2025\/11\/14\/35-2025-korekta-numeracji-raportu-nr-31-2025-z-dnia-14-listopada-2025-r\/\" >\n\t\t\t\t35\/2025 Korekta numeracji raportu nr 31\/2025 z dnia 14 listopada 2025 r.\t\t\t<\/a>\n\t\t<\/h3>\n\t\t\t\t<div class=\"elementor-post__meta-data\">\n\t\t\t\t\t<span class=\"elementor-post-date\">\n\t\t\t14 listopada 2025\t\t<\/span>\n\t\t\t\t<\/div>\n\t\t\t\t<div class=\"elementor-post__excerpt\">\n\t\t\t<p>35\/2025 Korekta numeracji raportu nr 31\/2025 z dnia 14 listopada 2025 r. Podstawa prawna: Art. 17 ust. 1 Rozporz\u0105dzenia MAR &#8211; informacje poufne Zarz\u0105d Zak\u0142adu<\/p>\n\t\t<\/div>\n\t\t\n\t\t<a class=\"elementor-post__read-more\" href=\"https:\/\/zrembchojnice.pl\/index.php\/2025\/11\/14\/35-2025-korekta-numeracji-raportu-nr-31-2025-z-dnia-14-listopada-2025-r\/\" aria-label=\"Read more about 35\/2025 Korekta numeracji raportu nr 31\/2025 z dnia 14 listopada 2025 r.\" tabindex=\"-1\" >\n\t\t\tCzytaj wi\u0119cej \u00bb\t\t<\/a>\n\n\t\t\t\t<\/div>\n\t\t\t\t<\/article>\n\t\t\t\t<article class=\"elementor-post elementor-grid-item post-13039 post type-post status-publish format-standard hentry category-raporty-biezace-2025\" role=\"listitem\">\n\t\t\t\t<div class=\"elementor-post__text\">\n\t\t\t\t<h3 class=\"elementor-post__title\">\n\t\t\t<a href=\"https:\/\/zrembchojnice.pl\/index.php\/2025\/11\/14\/31-2025-zawarcie-umowy-kredytowej-w-ramach-programu-kredyt-ekologiczny\/\" >\n\t\t\t\t31\/2025 Zawarcie umowy kredytowej w ramach programu &#8222;Kredyt ekologiczny&#8221;\t\t\t<\/a>\n\t\t<\/h3>\n\t\t\t\t<div class=\"elementor-post__meta-data\">\n\t\t\t\t\t<span class=\"elementor-post-date\">\n\t\t\t14 listopada 2025\t\t<\/span>\n\t\t\t\t<\/div>\n\t\t\t\t<div class=\"elementor-post__excerpt\">\n\t\t\t<p>31\/2025 Zawarcie umowy kredytowej w ramach programu &#8222;Kredyt ekologiczny&#8221; Podstawa prawna: Art. 17 ust. 1 Rozporz\u0105dzenia MAR &#8211; informacje poufne Zarz\u0105d Zak\u0142adu Budowy Maszyn &#8222;ZREMB-CHOJNICE&#8221;<\/p>\n\t\t<\/div>\n\t\t\n\t\t<a class=\"elementor-post__read-more\" href=\"https:\/\/zrembchojnice.pl\/index.php\/2025\/11\/14\/31-2025-zawarcie-umowy-kredytowej-w-ramach-programu-kredyt-ekologiczny\/\" aria-label=\"Read more about 31\/2025 Zawarcie umowy kredytowej w ramach programu &#8222;Kredyt ekologiczny&#8221;\" tabindex=\"-1\" >\n\t\t\tCzytaj wi\u0119cej \u00bb\t\t<\/a>\n\n\t\t\t\t<\/div>\n\t\t\t\t<\/article>\n\t\t\t\t<article class=\"elementor-post elementor-grid-item post-13040 post type-post status-publish format-standard hentry category-raporty-biezace-2025\" role=\"listitem\">\n\t\t\t\t<div class=\"elementor-post__text\">\n\t\t\t\t<h3 class=\"elementor-post__title\">\n\t\t\t<a href=\"https:\/\/zrembchojnice.pl\/index.php\/2025\/11\/14\/34-2025-korekta-raportu-biezacego-nr-34-2025-z-uwagi-na-omylkowo-zalaczony-plik\/\" >\n\t\t\t\t34\/2025 Korekta raportu bie\u017c\u0105cego nr 34\/2025 z uwagi na omy\u0142kowo za\u0142\u0105czony plik.\t\t\t<\/a>\n\t\t<\/h3>\n\t\t\t\t<div class=\"elementor-post__meta-data\">\n\t\t\t\t\t<span class=\"elementor-post-date\">\n\t\t\t14 listopada 2025\t\t<\/span>\n\t\t\t\t<\/div>\n\t\t\t\t<div class=\"elementor-post__excerpt\">\n\t\t\t<p>34\/2025 Korekta raportu bie\u017c\u0105cego nr 34\/2025 z uwagi na omy\u0142kowo za\u0142\u0105czony plik. Podstawa prawna: Art. 17 ust. 1 Rozporz\u0105dzenia MAR &#8211; informacje poufne Zarz\u0105d Zak\u0142adu<\/p>\n\t\t<\/div>\n\t\t\n\t\t<a class=\"elementor-post__read-more\" href=\"https:\/\/zrembchojnice.pl\/index.php\/2025\/11\/14\/34-2025-korekta-raportu-biezacego-nr-34-2025-z-uwagi-na-omylkowo-zalaczony-plik\/\" aria-label=\"Read more about 34\/2025 Korekta raportu bie\u017c\u0105cego nr 34\/2025 z uwagi na omy\u0142kowo za\u0142\u0105czony plik.\" tabindex=\"-1\" >\n\t\t\tCzytaj wi\u0119cej \u00bb\t\t<\/a>\n\n\t\t\t\t<\/div>\n\t\t\t\t<\/article>\n\t\t\t\t<article class=\"elementor-post elementor-grid-item post-13033 post type-post status-publish format-standard hentry category-raporty-biezace-2025\" role=\"listitem\">\n\t\t\t\t<div class=\"elementor-post__text\">\n\t\t\t\t<h3 class=\"elementor-post__title\">\n\t\t\t<a href=\"https:\/\/zrembchojnice.pl\/index.php\/2025\/11\/14\/34-2025-szacunkowe-wybrane-dane-finansowe-zbm-zremb-chojnices-a-za-okres-i-iii-kwartal-2025-roku\/\" >\n\t\t\t\t34\/2025 Szacunkowe wybrane dane finansowe ZBM &#8222;ZREMB-CHOJNICE&#8221;S.A. za okres I-III kwarta\u0142 2025 roku.\t\t\t<\/a>\n\t\t<\/h3>\n\t\t\t\t<div class=\"elementor-post__meta-data\">\n\t\t\t\t\t<span class=\"elementor-post-date\">\n\t\t\t14 listopada 2025\t\t<\/span>\n\t\t\t\t<\/div>\n\t\t\t\t<div class=\"elementor-post__excerpt\">\n\t\t\t<p>34\/2025 Szacunkowe wybrane dane finansowe ZBM &#8222;ZREMB-CHOJNICE&#8221;S.A. za okres I-III kwarta\u0142 2025 roku. Podstawa prawna: Art. 17 ust. 1 Rozporz\u0105dzenia MAR &#8211; informacje poufne Zarz\u0105d<\/p>\n\t\t<\/div>\n\t\t\n\t\t<a class=\"elementor-post__read-more\" href=\"https:\/\/zrembchojnice.pl\/index.php\/2025\/11\/14\/34-2025-szacunkowe-wybrane-dane-finansowe-zbm-zremb-chojnices-a-za-okres-i-iii-kwartal-2025-roku\/\" aria-label=\"Read more about 34\/2025 Szacunkowe wybrane dane finansowe ZBM &#8222;ZREMB-CHOJNICE&#8221;S.A. za okres I-III kwarta\u0142 2025 roku.\" tabindex=\"-1\" >\n\t\t\tCzytaj wi\u0119cej \u00bb\t\t<\/a>\n\n\t\t\t\t<\/div>\n\t\t\t\t<\/article>\n\t\t\t\t<article class=\"elementor-post elementor-grid-item post-13028 post type-post status-publish format-standard hentry category-raporty-biezace-2025\" role=\"listitem\">\n\t\t\t\t<div class=\"elementor-post__text\">\n\t\t\t\t<h3 class=\"elementor-post__title\">\n\t\t\t<a href=\"https:\/\/zrembchojnice.pl\/index.php\/2025\/11\/12\/33-2025-pozytywne-przejscie-certyfikacji-dotyczacej-norm-i-jakosci-produkcji\/\" >\n\t\t\t\t33\/2025 Pozytywne przej\u015bcie certyfikacji dotycz\u0105cej norm i jako\u015bci produkcji.\t\t\t<\/a>\n\t\t<\/h3>\n\t\t\t\t<div class=\"elementor-post__meta-data\">\n\t\t\t\t\t<span class=\"elementor-post-date\">\n\t\t\t12 listopada 2025\t\t<\/span>\n\t\t\t\t<\/div>\n\t\t\t\t<div class=\"elementor-post__excerpt\">\n\t\t\t<p>33\/2025 Pozytywne przej\u015bcie certyfikacji dotycz\u0105cej norm i jako\u015bci produkcji. Podstawa prawna: Art. 56 ust. 1 pkt 2 Ustawy o ofercie &#8211; informacje bie\u017c\u0105ce i okresowe<\/p>\n\t\t<\/div>\n\t\t\n\t\t<a class=\"elementor-post__read-more\" href=\"https:\/\/zrembchojnice.pl\/index.php\/2025\/11\/12\/33-2025-pozytywne-przejscie-certyfikacji-dotyczacej-norm-i-jakosci-produkcji\/\" aria-label=\"Read more about 33\/2025 Pozytywne przej\u015bcie certyfikacji dotycz\u0105cej norm i jako\u015bci produkcji.\" tabindex=\"-1\" >\n\t\t\tCzytaj wi\u0119cej \u00bb\t\t<\/a>\n\n\t\t\t\t<\/div>\n\t\t\t\t<\/article>\n\t\t\t\t<\/div>\n\t\t\t\t\t<span class=\"e-load-more-spinner\">\n\t\t\t\t<i aria-hidden=\"true\" class=\"fas fa-spinner\"><\/i>\t\t\t<\/span>\n\t\t\n\t\t\t\t<div class=\"e-load-more-anchor\" data-page=\"1\" data-max-page=\"7\" data-next-page=\"https:\/\/zrembchojnice.pl\/index.php\/wp-json\/wp\/v2\/pages\/13083\/page\/2\/\"><\/div>\n\t\t\t\t<div class=\"elementor-button-wrapper\">\n\t\t\t<a class=\"elementor-button elementor-size-sm\" role=\"button\">\n\t\t\t\t\t\t<span class=\"elementor-button-content-wrapper\">\n\t\t\t\t\t\t\t\t\t<span class=\"elementor-button-text\">Wczytaj wi\u0119cej<\/span>\n\t\t\t\t\t<\/span>\n\t\t\t\t\t<\/a>\n\t\t<\/div>\n\t\t\t\t<div class=\"e-load-more-message\">Koniec strony<\/div>\n\t\t\t\t\t\t<\/div>\n\t\t\t\t<\/div>\n\t\t\t\t\t<\/div>\n\t\t<\/div>\n\t\t\t\t\t<\/div>\n\t\t<\/section>\n\t\t\t\t<\/div>\n\t\t","protected":false},"excerpt":{"rendered":"<p>Raporty bie\u017c\u0105ce 2025<\/p>\n","protected":false},"author":1,"featured_media":0,"parent":4648,"menu_order":0,"comment_status":"closed","ping_status":"closed","template":"","meta":{"footnotes":""},"class_list":["post-13083","page","type-page","status-publish","hentry"],"_links":{"self":[{"href":"https:\/\/zrembchojnice.pl\/index.php\/wp-json\/wp\/v2\/pages\/13083","targetHints":{"allow":["GET"]}}],"collection":[{"href":"https:\/\/zrembchojnice.pl\/index.php\/wp-json\/wp\/v2\/pages"}],"about":[{"href":"https:\/\/zrembchojnice.pl\/index.php\/wp-json\/wp\/v2\/types\/page"}],"author":[{"embeddable":true,"href":"https:\/\/zrembchojnice.pl\/index.php\/wp-json\/wp\/v2\/users\/1"}],"replies":[{"embeddable":true,"href":"https:\/\/zrembchojnice.pl\/index.php\/wp-json\/wp\/v2\/comments?post=13083"}],"version-history":[{"count":3,"href":"https:\/\/zrembchojnice.pl\/index.php\/wp-json\/wp\/v2\/pages\/13083\/revisions"}],"predecessor-version":[{"id":13109,"href":"https:\/\/zrembchojnice.pl\/index.php\/wp-json\/wp\/v2\/pages\/13083\/revisions\/13109"}],"up":[{"embeddable":true,"href":"https:\/\/zrembchojnice.pl\/index.php\/wp-json\/wp\/v2\/pages\/4648"}],"wp:attachment":[{"href":"https:\/\/zrembchojnice.pl\/index.php\/wp-json\/wp\/v2\/media?parent=13083"}],"curies":[{"name":"wp","href":"https:\/\/api.w.org\/{rel}","templated":true}]}}