{"id":12550,"date":"2026-01-16T08:39:40","date_gmt":"2026-01-16T07:39:40","guid":{"rendered":"https:\/\/zrembchojnice.pl\/?page_id=12550"},"modified":"2026-02-10T10:52:10","modified_gmt":"2026-02-10T09:52:10","slug":"raporty-biezace-2026","status":"publish","type":"page","link":"https:\/\/zrembchojnice.pl\/index.php\/relacje-inwestorskie\/raporty-biezace-2026\/","title":{"rendered":"Raporty bie\u017c\u0105ce 2026"},"content":{"rendered":"\t\t<div data-elementor-type=\"wp-page\" data-elementor-id=\"12550\" class=\"elementor elementor-12550\" data-elementor-post-type=\"page\">\n\t\t\t\t\t\t<section class=\"elementor-section elementor-top-section elementor-element elementor-element-d659589 elementor-section-boxed elementor-section-height-default elementor-section-height-default\" data-id=\"d659589\" data-element_type=\"section\" data-e-type=\"section\">\n\t\t\t\t\t\t<div class=\"elementor-container elementor-column-gap-default\">\n\t\t\t\t\t<div class=\"elementor-column elementor-col-100 elementor-top-column elementor-element elementor-element-6f7c89f\" data-id=\"6f7c89f\" data-element_type=\"column\" data-e-type=\"column\">\n\t\t\t<div class=\"elementor-widget-wrap\">\n\t\t\t\t\t\t\t<\/div>\n\t\t<\/div>\n\t\t\t\t\t<\/div>\n\t\t<\/section>\n\t\t\t\t<section class=\"elementor-section elementor-top-section elementor-element elementor-element-746c48b elementor-section-full_width elementor-section-height-default elementor-section-height-default\" data-id=\"746c48b\" data-element_type=\"section\" data-e-type=\"section\">\n\t\t\t\t\t\t<div class=\"elementor-container elementor-column-gap-no\">\n\t\t\t\t\t<div class=\"elementor-column elementor-col-100 elementor-top-column elementor-element elementor-element-65a39f9\" data-id=\"65a39f9\" data-element_type=\"column\" data-e-type=\"column\">\n\t\t\t<div class=\"elementor-widget-wrap elementor-element-populated\">\n\t\t\t\t\t\t<div class=\"elementor-element elementor-element-b09ca05 elementor--h-position-center elementor--v-position-middle elementor-arrows-position-inside elementor-pagination-position-inside elementor-widget elementor-widget-slides\" data-id=\"b09ca05\" data-element_type=\"widget\" data-e-type=\"widget\" data-settings=\"{&quot;navigation&quot;:&quot;both&quot;,&quot;autoplay&quot;:&quot;yes&quot;,&quot;pause_on_hover&quot;:&quot;yes&quot;,&quot;pause_on_interaction&quot;:&quot;yes&quot;,&quot;autoplay_speed&quot;:5000,&quot;infinite&quot;:&quot;yes&quot;,&quot;transition&quot;:&quot;slide&quot;,&quot;transition_speed&quot;:500}\" data-widget_type=\"slides.default\">\n\t\t\t\t<div class=\"elementor-widget-container\">\n\t\t\t\t\t\t\t\t\t<div class=\"elementor-swiper\">\n\t\t\t\t\t<div class=\"elementor-slides-wrapper elementor-main-swiper swiper\" role=\"region\" aria-roledescription=\"carousel\" aria-label=\"Slajdy\" dir=\"ltr\" data-animation=\"fadeInUp\">\n\t\t\t\t<div class=\"swiper-wrapper elementor-slides\">\n\t\t\t\t\t\t\t\t\t\t<div class=\"elementor-repeater-item-636acf8 swiper-slide\" role=\"group\" aria-roledescription=\"slide\"><div class=\"swiper-slide-bg\" role=\"img\" aria-label=\"gielda\"><\/div><div class=\"swiper-slide-inner\" ><div class=\"swiper-slide-contents\"><\/div><\/div><\/div>\t\t\t\t<\/div>\n\t\t\t\t\t\t\t<\/div>\n\t\t\t\t<\/div>\n\t\t\t\t\t\t\t\t<\/div>\n\t\t\t\t<\/div>\n\t\t\t\t\t<\/div>\n\t\t<\/div>\n\t\t\t\t\t<\/div>\n\t\t<\/section>\n\t\t\t\t<section class=\"elementor-section elementor-top-section elementor-element elementor-element-8c791aa elementor-section-boxed elementor-section-height-default elementor-section-height-default\" data-id=\"8c791aa\" data-element_type=\"section\" data-e-type=\"section\">\n\t\t\t\t\t\t<div class=\"elementor-container elementor-column-gap-default\">\n\t\t\t\t\t<div class=\"elementor-column elementor-col-100 elementor-top-column elementor-element elementor-element-8860e4f\" data-id=\"8860e4f\" data-element_type=\"column\" data-e-type=\"column\">\n\t\t\t<div class=\"elementor-widget-wrap elementor-element-populated\">\n\t\t\t\t\t\t<div class=\"elementor-element elementor-element-4e63ff9 elementor-widget elementor-widget-heading\" data-id=\"4e63ff9\" data-element_type=\"widget\" data-e-type=\"widget\" data-widget_type=\"heading.default\">\n\t\t\t\t<div class=\"elementor-widget-container\">\n\t\t\t\t\t<h2 class=\"elementor-heading-title elementor-size-default\">Raporty bie\u017c\u0105ce 2026<\/h2>\t\t\t\t<\/div>\n\t\t\t\t<\/div>\n\t\t\t\t\t<\/div>\n\t\t<\/div>\n\t\t\t\t\t<\/div>\n\t\t<\/section>\n\t\t\t\t<section class=\"elementor-section elementor-top-section elementor-element elementor-element-653fb57 elementor-section-boxed elementor-section-height-default elementor-section-height-default\" data-id=\"653fb57\" data-element_type=\"section\" data-e-type=\"section\">\n\t\t\t\t\t\t<div class=\"elementor-container elementor-column-gap-default\">\n\t\t\t\t\t<div class=\"elementor-column elementor-col-100 elementor-top-column elementor-element elementor-element-1a7ef22\" data-id=\"1a7ef22\" data-element_type=\"column\" data-e-type=\"column\">\n\t\t\t<div class=\"elementor-widget-wrap elementor-element-populated\">\n\t\t\t\t\t\t<div class=\"elementor-element elementor-element-a2df504 elementor-grid-3 elementor-grid-tablet-2 elementor-grid-mobile-1 elementor-posts--thumbnail-top elementor-widget elementor-widget-posts\" data-id=\"a2df504\" data-element_type=\"widget\" data-e-type=\"widget\" data-settings=\"{&quot;classic_columns&quot;:&quot;3&quot;,&quot;classic_columns_tablet&quot;:&quot;2&quot;,&quot;classic_columns_mobile&quot;:&quot;1&quot;,&quot;classic_row_gap&quot;:{&quot;unit&quot;:&quot;px&quot;,&quot;size&quot;:35,&quot;sizes&quot;:[]},&quot;classic_row_gap_tablet&quot;:{&quot;unit&quot;:&quot;px&quot;,&quot;size&quot;:&quot;&quot;,&quot;sizes&quot;:[]},&quot;classic_row_gap_mobile&quot;:{&quot;unit&quot;:&quot;px&quot;,&quot;size&quot;:&quot;&quot;,&quot;sizes&quot;:[]}}\" data-widget_type=\"posts.classic\">\n\t\t\t\t<div class=\"elementor-widget-container\">\n\t\t\t\t\t\t\t<div class=\"elementor-posts-container elementor-posts elementor-posts--skin-classic elementor-grid\" role=\"list\">\n\t\t\t\t<article class=\"elementor-post elementor-grid-item post-13175 post type-post status-publish format-standard hentry category-raporty-biezace-2026\" role=\"listitem\">\n\t\t\t\t<div class=\"elementor-post__text\">\n\t\t\t\t<h3 class=\"elementor-post__title\">\n\t\t\t<a href=\"https:\/\/zrembchojnice.pl\/index.php\/2026\/03\/05\/6-2026-otrzymanie-zamowien-z-branzy-offshore\/\" >\n\t\t\t\t6\/2026 Otrzymanie zam\u00f3wie\u0144 z bran\u017cy offshore.\t\t\t<\/a>\n\t\t<\/h3>\n\t\t\t\t<div class=\"elementor-post__meta-data\">\n\t\t\t\t\t<span class=\"elementor-post-date\">\n\t\t\t5 marca 2026\t\t<\/span>\n\t\t\t\t<span class=\"elementor-post-avatar\">\n\t\t\tBrak komentarzy\t\t<\/span>\n\t\t\t\t<\/div>\n\t\t\t\t<div class=\"elementor-post__excerpt\">\n\t\t\t<p>6\/2026 Otrzymanie zam\u00f3wie\u0144 z bran\u017cy offshore. Podstawa prawna: Art. 17 ust. 1 Rozporz\u0105dzenia MAR &#8211; informacje poufne Zarz\u0105d Zarz\u0105d Zak\u0142adu Budowy Maszyn &#8222;ZREMB-CHOJNICE&#8221; S.A. _&#8221;Emitent&#8221;,<\/p>\n\t\t<\/div>\n\t\t\n\t\t<a class=\"elementor-post__read-more\" href=\"https:\/\/zrembchojnice.pl\/index.php\/2026\/03\/05\/6-2026-otrzymanie-zamowien-z-branzy-offshore\/\" aria-label=\"Read more about 6\/2026 Otrzymanie zam\u00f3wie\u0144 z bran\u017cy offshore.\" tabindex=\"-1\" >\n\t\t\tCzytaj wi\u0119cej \u00bb\t\t<\/a>\n\n\t\t\t\t<\/div>\n\t\t\t\t<\/article>\n\t\t\t\t<article class=\"elementor-post elementor-grid-item post-13167 post type-post status-publish format-standard hentry category-raporty-biezace-2026\" role=\"listitem\">\n\t\t\t\t<div class=\"elementor-post__text\">\n\t\t\t\t<h3 class=\"elementor-post__title\">\n\t\t\t<a href=\"https:\/\/zrembchojnice.pl\/index.php\/2026\/02\/20\/5-2026-otrzymanie-zamowien-na-wykonanie-specjalistycznych-kontenerow-wojskowych\/\" >\n\t\t\t\t5\/2026 Otrzymanie zam\u00f3wie\u0144 na wykonanie specjalistycznych kontener\u00f3w wojskowych.\t\t\t<\/a>\n\t\t<\/h3>\n\t\t\t\t<div class=\"elementor-post__meta-data\">\n\t\t\t\t\t<span class=\"elementor-post-date\">\n\t\t\t20 lutego 2026\t\t<\/span>\n\t\t\t\t<span class=\"elementor-post-avatar\">\n\t\t\tBrak komentarzy\t\t<\/span>\n\t\t\t\t<\/div>\n\t\t\t\t<div class=\"elementor-post__excerpt\">\n\t\t\t<p>5\/2026 Otrzymanie zam\u00f3wie\u0144 na wykonanie specjalistycznych kontener\u00f3w wojskowych. Podstawa prawna: Art. 17 ust. 1 Rozporz\u0105dzenia MAR &#8211; informacje poufne Zarz\u0105d Zak\u0142ad Budowy Maszyn &#8222;ZREMB-CHOJNICE&#8221; S.A.<\/p>\n\t\t<\/div>\n\t\t\n\t\t<a class=\"elementor-post__read-more\" href=\"https:\/\/zrembchojnice.pl\/index.php\/2026\/02\/20\/5-2026-otrzymanie-zamowien-na-wykonanie-specjalistycznych-kontenerow-wojskowych\/\" aria-label=\"Read more about 5\/2026 Otrzymanie zam\u00f3wie\u0144 na wykonanie specjalistycznych kontener\u00f3w wojskowych.\" tabindex=\"-1\" >\n\t\t\tCzytaj wi\u0119cej \u00bb\t\t<\/a>\n\n\t\t\t\t<\/div>\n\t\t\t\t<\/article>\n\t\t\t\t<article class=\"elementor-post elementor-grid-item post-13161 post type-post status-publish format-standard hentry category-raporty-biezace-2026\" role=\"listitem\">\n\t\t\t\t<div class=\"elementor-post__text\">\n\t\t\t\t<h3 class=\"elementor-post__title\">\n\t\t\t<a href=\"https:\/\/zrembchojnice.pl\/index.php\/2026\/02\/18\/4-2026-otrzymanie-zamowien-na-wykonanie-konstrukcji-stalowych\/\" >\n\t\t\t\t4\/2026 Otrzymanie zam\u00f3wie\u0144 na wykonanie konstrukcji stalowych.\t\t\t<\/a>\n\t\t<\/h3>\n\t\t\t\t<div class=\"elementor-post__meta-data\">\n\t\t\t\t\t<span class=\"elementor-post-date\">\n\t\t\t18 lutego 2026\t\t<\/span>\n\t\t\t\t<span class=\"elementor-post-avatar\">\n\t\t\tBrak komentarzy\t\t<\/span>\n\t\t\t\t<\/div>\n\t\t\t\t<div class=\"elementor-post__excerpt\">\n\t\t\t<p>4\/2026 Otrzymanie zam\u00f3wie\u0144 na wykonanie konstrukcji stalowych. Podstawa prawna: Art. 17 ust. 1 Rozporz\u0105dzenia MAR &#8211; informacje poufne Zarz\u0105d Zak\u0142adu Budowy Maszyn\u00a0\u201eZREMB-CHOJNICE\u201d S.A. (\u201eEmitent\u201d, \u201eSp\u00f3\u0142ka\u201d)<\/p>\n\t\t<\/div>\n\t\t\n\t\t<a class=\"elementor-post__read-more\" href=\"https:\/\/zrembchojnice.pl\/index.php\/2026\/02\/18\/4-2026-otrzymanie-zamowien-na-wykonanie-konstrukcji-stalowych\/\" aria-label=\"Read more about 4\/2026 Otrzymanie zam\u00f3wie\u0144 na wykonanie konstrukcji stalowych.\" tabindex=\"-1\" >\n\t\t\tCzytaj wi\u0119cej \u00bb\t\t<\/a>\n\n\t\t\t\t<\/div>\n\t\t\t\t<\/article>\n\t\t\t\t<article class=\"elementor-post elementor-grid-item post-13138 post type-post status-publish format-standard hentry category-raporty-biezace-2026\" role=\"listitem\">\n\t\t\t\t<div class=\"elementor-post__text\">\n\t\t\t\t<h3 class=\"elementor-post__title\">\n\t\t\t<a href=\"https:\/\/zrembchojnice.pl\/index.php\/2026\/02\/05\/3-2026-otrzymanie-zamowienia-na-wykonanie-kontenera-wodorowego\/\" >\n\t\t\t\t3\/2026 Otrzymanie zam\u00f3wienia na wykonanie kontenera wodorowego.\t\t\t<\/a>\n\t\t<\/h3>\n\t\t\t\t<div class=\"elementor-post__meta-data\">\n\t\t\t\t\t<span class=\"elementor-post-date\">\n\t\t\t5 lutego 2026\t\t<\/span>\n\t\t\t\t<span class=\"elementor-post-avatar\">\n\t\t\tBrak komentarzy\t\t<\/span>\n\t\t\t\t<\/div>\n\t\t\t\t<div class=\"elementor-post__excerpt\">\n\t\t\t<p>3\/2026 Otrzymanie zam\u00f3wienia na wykonanie kontenera wodorowego. Podstawa prawna: Art. 17 ust. 1 Rozporz\u0105dzenia MAR &#8211; informacje poufne Zarz\u0105d Zak\u0142adu Budowy Maszyn &#8222;ZREMB-CHOJNICE&#8221; S.A. z<\/p>\n\t\t<\/div>\n\t\t\n\t\t<a class=\"elementor-post__read-more\" href=\"https:\/\/zrembchojnice.pl\/index.php\/2026\/02\/05\/3-2026-otrzymanie-zamowienia-na-wykonanie-kontenera-wodorowego\/\" aria-label=\"Read more about 3\/2026 Otrzymanie zam\u00f3wienia na wykonanie kontenera wodorowego.\" tabindex=\"-1\" >\n\t\t\tCzytaj wi\u0119cej \u00bb\t\t<\/a>\n\n\t\t\t\t<\/div>\n\t\t\t\t<\/article>\n\t\t\t\t<article class=\"elementor-post elementor-grid-item post-13133 post type-post status-publish format-standard hentry category-raporty-biezace-2026\" role=\"listitem\">\n\t\t\t\t<div class=\"elementor-post__text\">\n\t\t\t\t<h3 class=\"elementor-post__title\">\n\t\t\t<a href=\"https:\/\/zrembchojnice.pl\/index.php\/2026\/01\/30\/2-2026-otrzymanie-decyzji-pomorskiej-specjalnej-strefy-ekonomicznej-o-wsparciu-w-zwiazku-z-planowana-inwestycja-emitenta\/\" >\n\t\t\t\t2\/2026 Otrzymanie decyzji Pomorskiej Specjalnej Strefy Ekonomicznej o wsparciu w zwi\u0105zku z planowan\u0105 inwestycj\u0105 Emitenta.\t\t\t<\/a>\n\t\t<\/h3>\n\t\t\t\t<div class=\"elementor-post__meta-data\">\n\t\t\t\t\t<span class=\"elementor-post-date\">\n\t\t\t30 stycznia 2026\t\t<\/span>\n\t\t\t\t<span class=\"elementor-post-avatar\">\n\t\t\tBrak komentarzy\t\t<\/span>\n\t\t\t\t<\/div>\n\t\t\t\t<div class=\"elementor-post__excerpt\">\n\t\t\t<p>2\/2026 Otrzymanie decyzji Pomorskiej Specjalnej Strefy Ekonomicznej o wsparciu w zwi\u0105zku z planowan\u0105 inwestycj\u0105 Emitenta. Podstawa prawna: Art. 17 ust. 1 Rozporz\u0105dzenia MAR &#8211; informacje<\/p>\n\t\t<\/div>\n\t\t\n\t\t<a class=\"elementor-post__read-more\" href=\"https:\/\/zrembchojnice.pl\/index.php\/2026\/01\/30\/2-2026-otrzymanie-decyzji-pomorskiej-specjalnej-strefy-ekonomicznej-o-wsparciu-w-zwiazku-z-planowana-inwestycja-emitenta\/\" aria-label=\"Read more about 2\/2026 Otrzymanie decyzji Pomorskiej Specjalnej Strefy Ekonomicznej o wsparciu w zwi\u0105zku z planowan\u0105 inwestycj\u0105 Emitenta.\" tabindex=\"-1\" >\n\t\t\tCzytaj wi\u0119cej \u00bb\t\t<\/a>\n\n\t\t\t\t<\/div>\n\t\t\t\t<\/article>\n\t\t\t\t<article class=\"elementor-post elementor-grid-item post-13118 post type-post status-publish format-standard hentry category-raporty-biezace-2026\" role=\"listitem\">\n\t\t\t\t<div class=\"elementor-post__text\">\n\t\t\t\t<h3 class=\"elementor-post__title\">\n\t\t\t<a href=\"https:\/\/zrembchojnice.pl\/index.php\/2026\/01\/22\/1-2026-terminy-publikacji-raportow-okresowych-w-2026-roku\/\" >\n\t\t\t\t1\/2026 Terminy publikacji raport\u00f3w okresowych w 2026 roku.\t\t\t<\/a>\n\t\t<\/h3>\n\t\t\t\t<div class=\"elementor-post__meta-data\">\n\t\t\t\t\t<span class=\"elementor-post-date\">\n\t\t\t22 stycznia 2026\t\t<\/span>\n\t\t\t\t<span class=\"elementor-post-avatar\">\n\t\t\tBrak komentarzy\t\t<\/span>\n\t\t\t\t<\/div>\n\t\t\t\t<div class=\"elementor-post__excerpt\">\n\t\t\t<p>1\/2026 Terminy publikacji raport\u00f3w okresowych w 2026 roku. Podstawa prawna: Art. 56 ust. 1 pkt 2 Ustawy o ofercie &#8211; informacje bie\u017c\u0105ce i okresowe Zarz\u0105d<\/p>\n\t\t<\/div>\n\t\t\n\t\t<a class=\"elementor-post__read-more\" href=\"https:\/\/zrembchojnice.pl\/index.php\/2026\/01\/22\/1-2026-terminy-publikacji-raportow-okresowych-w-2026-roku\/\" aria-label=\"Read more about 1\/2026 Terminy publikacji raport\u00f3w okresowych w 2026 roku.\" tabindex=\"-1\" >\n\t\t\tCzytaj wi\u0119cej \u00bb\t\t<\/a>\n\n\t\t\t\t<\/div>\n\t\t\t\t<\/article>\n\t\t\t\t<\/div>\n\t\t\n\t\t\t\t\t\t<\/div>\n\t\t\t\t<\/div>\n\t\t\t\t\t<\/div>\n\t\t<\/div>\n\t\t\t\t\t<\/div>\n\t\t<\/section>\n\t\t\t\t<\/div>\n\t\t","protected":false},"excerpt":{"rendered":"<p>Raporty bie\u017c\u0105ce 2026<\/p>\n","protected":false},"author":1,"featured_media":0,"parent":4648,"menu_order":0,"comment_status":"closed","ping_status":"closed","template":"","meta":{"footnotes":""},"class_list":["post-12550","page","type-page","status-publish","hentry"],"_links":{"self":[{"href":"https:\/\/zrembchojnice.pl\/index.php\/wp-json\/wp\/v2\/pages\/12550","targetHints":{"allow":["GET"]}}],"collection":[{"href":"https:\/\/zrembchojnice.pl\/index.php\/wp-json\/wp\/v2\/pages"}],"about":[{"href":"https:\/\/zrembchojnice.pl\/index.php\/wp-json\/wp\/v2\/types\/page"}],"author":[{"embeddable":true,"href":"https:\/\/zrembchojnice.pl\/index.php\/wp-json\/wp\/v2\/users\/1"}],"replies":[{"embeddable":true,"href":"https:\/\/zrembchojnice.pl\/index.php\/wp-json\/wp\/v2\/comments?post=12550"}],"version-history":[{"count":27,"href":"https:\/\/zrembchojnice.pl\/index.php\/wp-json\/wp\/v2\/pages\/12550\/revisions"}],"predecessor-version":[{"id":13128,"href":"https:\/\/zrembchojnice.pl\/index.php\/wp-json\/wp\/v2\/pages\/12550\/revisions\/13128"}],"up":[{"embeddable":true,"href":"https:\/\/zrembchojnice.pl\/index.php\/wp-json\/wp\/v2\/pages\/4648"}],"wp:attachment":[{"href":"https:\/\/zrembchojnice.pl\/index.php\/wp-json\/wp\/v2\/media?parent=12550"}],"curies":[{"name":"wp","href":"https:\/\/api.w.org\/{rel}","templated":true}]}}