{"id":11588,"date":"2023-12-19T16:46:15","date_gmt":"2023-12-19T15:46:15","guid":{"rendered":"https:\/\/zrembchojnice.pl\/?page_id=11588"},"modified":"2023-12-19T16:47:03","modified_gmt":"2023-12-19T15:47:03","slug":"periodical-reports-2023","status":"publish","type":"page","link":"https:\/\/zrembchojnice.pl\/index.php\/en\/periodical-reports-2023\/","title":{"rendered":"Periodical Reports 2023"},"content":{"rendered":"\t\t<div data-elementor-type=\"wp-page\" data-elementor-id=\"11588\" class=\"elementor elementor-11588\" data-elementor-post-type=\"page\">\n\t\t\t\t\t\t<section class=\"elementor-section elementor-top-section elementor-element elementor-element-d659589 elementor-section-boxed elementor-section-height-default elementor-section-height-default\" data-id=\"d659589\" data-element_type=\"section\" data-e-type=\"section\">\n\t\t\t\t\t\t<div class=\"elementor-container elementor-column-gap-default\">\n\t\t\t\t\t<div class=\"elementor-column elementor-col-100 elementor-top-column elementor-element elementor-element-6f7c89f\" data-id=\"6f7c89f\" data-element_type=\"column\" data-e-type=\"column\">\n\t\t\t<div class=\"elementor-widget-wrap\">\n\t\t\t\t\t\t\t<\/div>\n\t\t<\/div>\n\t\t\t\t\t<\/div>\n\t\t<\/section>\n\t\t\t\t<section class=\"elementor-section elementor-top-section elementor-element elementor-element-746c48b elementor-section-full_width elementor-section-height-default elementor-section-height-default\" data-id=\"746c48b\" data-element_type=\"section\" data-e-type=\"section\">\n\t\t\t\t\t\t<div class=\"elementor-container elementor-column-gap-no\">\n\t\t\t\t\t<div class=\"elementor-column elementor-col-100 elementor-top-column elementor-element elementor-element-65a39f9\" data-id=\"65a39f9\" data-element_type=\"column\" data-e-type=\"column\">\n\t\t\t<div class=\"elementor-widget-wrap elementor-element-populated\">\n\t\t\t\t\t\t<div class=\"elementor-element elementor-element-b09ca05 elementor--h-position-center elementor--v-position-middle elementor-arrows-position-inside elementor-pagination-position-inside elementor-widget elementor-widget-slides\" data-id=\"b09ca05\" data-element_type=\"widget\" data-e-type=\"widget\" data-settings=\"{&quot;navigation&quot;:&quot;both&quot;,&quot;autoplay&quot;:&quot;yes&quot;,&quot;pause_on_hover&quot;:&quot;yes&quot;,&quot;pause_on_interaction&quot;:&quot;yes&quot;,&quot;autoplay_speed&quot;:5000,&quot;infinite&quot;:&quot;yes&quot;,&quot;transition&quot;:&quot;slide&quot;,&quot;transition_speed&quot;:500}\" data-widget_type=\"slides.default\">\n\t\t\t\t<div class=\"elementor-widget-container\">\n\t\t\t\t\t\t\t\t\t<div class=\"elementor-swiper\">\n\t\t\t\t\t<div class=\"elementor-slides-wrapper elementor-main-swiper swiper\" role=\"region\" aria-roledescription=\"carousel\" aria-label=\"Slides\" dir=\"ltr\" data-animation=\"fadeInUp\">\n\t\t\t\t<div class=\"swiper-wrapper elementor-slides\">\n\t\t\t\t\t\t\t\t\t\t<div class=\"elementor-repeater-item-636acf8 swiper-slide\" role=\"group\" aria-roledescription=\"slide\"><div class=\"swiper-slide-bg\" role=\"img\" aria-label=\"gielda\"><\/div><div class=\"swiper-slide-inner\" ><div class=\"swiper-slide-contents\"><\/div><\/div><\/div>\t\t\t\t<\/div>\n\t\t\t\t\t\t\t<\/div>\n\t\t\t\t<\/div>\n\t\t\t\t\t\t\t\t<\/div>\n\t\t\t\t<\/div>\n\t\t\t\t\t<\/div>\n\t\t<\/div>\n\t\t\t\t\t<\/div>\n\t\t<\/section>\n\t\t\t\t<section class=\"elementor-section elementor-top-section elementor-element elementor-element-8c791aa elementor-section-boxed elementor-section-height-default elementor-section-height-default\" data-id=\"8c791aa\" data-element_type=\"section\" data-e-type=\"section\">\n\t\t\t\t\t\t<div class=\"elementor-container elementor-column-gap-default\">\n\t\t\t\t\t<div class=\"elementor-column elementor-col-100 elementor-top-column elementor-element elementor-element-8860e4f\" data-id=\"8860e4f\" data-element_type=\"column\" data-e-type=\"column\">\n\t\t\t<div class=\"elementor-widget-wrap elementor-element-populated\">\n\t\t\t\t\t\t<div class=\"elementor-element elementor-element-4e63ff9 elementor-widget elementor-widget-heading\" data-id=\"4e63ff9\" data-element_type=\"widget\" data-e-type=\"widget\" data-widget_type=\"heading.default\">\n\t\t\t\t<div class=\"elementor-widget-container\">\n\t\t\t\t\t<h2 class=\"elementor-heading-title elementor-size-default\">Periodical Reports 2023<\/h2>\t\t\t\t<\/div>\n\t\t\t\t<\/div>\n\t\t\t\t\t<\/div>\n\t\t<\/div>\n\t\t\t\t\t<\/div>\n\t\t<\/section>\n\t\t\t\t<section class=\"elementor-section elementor-top-section elementor-element elementor-element-653fb57 elementor-section-boxed elementor-section-height-default elementor-section-height-default\" data-id=\"653fb57\" data-element_type=\"section\" data-e-type=\"section\">\n\t\t\t\t\t\t<div class=\"elementor-container elementor-column-gap-default\">\n\t\t\t\t\t<div class=\"elementor-column elementor-col-100 elementor-top-column elementor-element elementor-element-1a7ef22\" data-id=\"1a7ef22\" data-element_type=\"column\" data-e-type=\"column\">\n\t\t\t<div class=\"elementor-widget-wrap elementor-element-populated\">\n\t\t\t\t\t\t<div class=\"elementor-element elementor-element-cf5276a elementor-widget elementor-widget-wp-widget-download_attachments_list_widget\" data-id=\"cf5276a\" data-element_type=\"widget\" data-e-type=\"widget\" data-widget_type=\"wp-widget-download_attachments_list_widget.default\">\n\t\t\t\t<div class=\"elementor-widget-container\">\n\t\t\t\t\t<h5>Za\u0142\u0105czniki<\/h5><div class=\"download-attachments\">\r\n\t\r\n\t\t\t<h3 class=\"attachments-title\">Za\u0142\u0105czniki<\/h3>\t\r\n\r\n\r\n\r\n\t<table class=\"da-attachments-table\">\r\n\r\n\t\t<thead>\r\n\r\n\t\t\t\t\t\t\t<th class=\"attachment-index\">#<\/th>\r\n\t\t\t\r\n\t\t\t<th class=\"attachment-title\">Plik<\/th>\r\n\r\n\t\t\t\r\n\t\t\t\r\n\t\t\t\r\n\t\t\t\t\t\t\t<th class=\"attachment-size\">Wielko\u015b\u0107 pliku<\/th>\r\n\t\t\t\r\n\t\t\t\r\n\t\t<\/thead>\r\n\r\n\t\t<tbody>\r\n\r\n\t\t\r\n\t\t\t\r\n\t\t\t<tr class=\"pdf\">\r\n\r\n\t\t\t\t\t\t\t\t\t<td class=\"attachment-index\">1<\/td>\r\n\t\t\t\t\r\n\t\t\t\t<td class=\"attachment-title\">\r\n\r\n\t\t\t\t\t\t\t\t\t\t\t<img decoding=\"async\" class=\"attachment-icon\" src=\"https:\/\/zrembchojnice.pl\/wp-content\/plugins\/download-attachments\/images\/ext\/pdf.gif\" alt=\"pdf\" \/>\r\n\t\t\t\t\t\r\n\t\t\t\t\t\r\n\t\t\t\t\t<a href=\"https:\/\/zrembchojnice.pl\/wp-content\/plugins\/download-attachments\/includes\/download.php?id=11508\" title=\"JEDNOSTKOWE SPRAWOZDANIE FINANSOWE ZAK\u0141ADU BUDOWY MASZYN ZREMB - CHOJNICE SA ZA III KWARTA\u0141 2023 r.\" class=\"attachment-link\">JEDNOSTKOWE SPRAWOZDANIE FINANSOWE ZAK\u0141ADU BUDOWY MASZYN ZREMB - CHOJNICE SA ZA III KWARTA\u0141 2023 r.<\/a>\r\n\t\t\t\t\t\r\n\t\t\t\t<\/td>\r\n\r\n\t\t\t\t\r\n\t\t\t\t\r\n\t\t\t\t\r\n\t\t\t\t\r\n\t\t\t\t\r\n\t\t\t\t\r\n\t\t\t\t\t\t\t\t\t<td class=\"attachment-size\">2 MB<\/td>\r\n\t\t\t\t\r\n\t\t\t\t\r\n\t\t\t<\/tr>\r\n\r\n\t\t\r\n\t\t\t\r\n\t\t\t<tr class=\"pdf\">\r\n\r\n\t\t\t\t\t\t\t\t\t<td class=\"attachment-index\">2<\/td>\r\n\t\t\t\t\r\n\t\t\t\t<td class=\"attachment-title\">\r\n\r\n\t\t\t\t\t\t\t\t\t\t\t<img decoding=\"async\" class=\"attachment-icon\" src=\"https:\/\/zrembchojnice.pl\/wp-content\/plugins\/download-attachments\/images\/ext\/pdf.gif\" alt=\"pdf\" \/>\r\n\t\t\t\t\t\r\n\t\t\t\t\t\r\n\t\t\t\t\t<a href=\"https:\/\/zrembchojnice.pl\/wp-content\/plugins\/download-attachments\/includes\/download.php?id=11470\" title=\"RAPORT NIEZALE\u017bNEGO BIEG\u0141EGO REWIDENTA Z PRZEGL\u0104DU \u015aR\u00d3DROCZNEGO SKR\u00d3CONEGO SPRAWOZDANIA FINANSOWEGO OBEJMUJ\u0104CEGO OKRES OD 1 STYCZNIA DO 30 CZERWCA 2023 ROKU.\" class=\"attachment-link\">RAPORT NIEZALE\u017bNEGO BIEG\u0141EGO REWIDENTA Z PRZEGL\u0104DU \u015aR\u00d3DROCZNEGO SKR\u00d3CONEGO SPRAWOZDANIA FINANSOWEGO OBEJMUJ\u0104CEGO OKRES OD 1 STYCZNIA DO 30 CZERWCA 2023 ROKU.<\/a>\r\n\t\t\t\t\t\r\n\t\t\t\t<\/td>\r\n\r\n\t\t\t\t\r\n\t\t\t\t\r\n\t\t\t\t\r\n\t\t\t\t\r\n\t\t\t\t\r\n\t\t\t\t\r\n\t\t\t\t\t\t\t\t\t<td class=\"attachment-size\">261 KB<\/td>\r\n\t\t\t\t\r\n\t\t\t\t\r\n\t\t\t<\/tr>\r\n\r\n\t\t\r\n\t\t\t\r\n\t\t\t<tr class=\"pdf\">\r\n\r\n\t\t\t\t\t\t\t\t\t<td class=\"attachment-index\">3<\/td>\r\n\t\t\t\t\r\n\t\t\t\t<td class=\"attachment-title\">\r\n\r\n\t\t\t\t\t\t\t\t\t\t\t<img decoding=\"async\" class=\"attachment-icon\" src=\"https:\/\/zrembchojnice.pl\/wp-content\/plugins\/download-attachments\/images\/ext\/pdf.gif\" alt=\"pdf\" \/>\r\n\t\t\t\t\t\r\n\t\t\t\t\t\r\n\t\t\t\t\t<a href=\"https:\/\/zrembchojnice.pl\/wp-content\/plugins\/download-attachments\/includes\/download.php?id=11469\" title=\"\u015aR\u00d3DROCZNE SKR\u00d3CONE SPRAWOZDANIE FINANSOWE ZA I P\u00d3\u0141ROCZE 2023 ROKU OBEJMUJ\u0104CE OKRES OD 1 STYCZNIA DO 30 CZERWCA 2023 ROKU.\" class=\"attachment-link\">\u015aR\u00d3DROCZNE SKR\u00d3CONE SPRAWOZDANIE FINANSOWE ZA I P\u00d3\u0141ROCZE 2023 ROKU OBEJMUJ\u0104CE OKRES OD 1 STYCZNIA DO 30 CZERWCA 2023 ROKU.<\/a>\r\n\t\t\t\t\t\r\n\t\t\t\t<\/td>\r\n\r\n\t\t\t\t\r\n\t\t\t\t\r\n\t\t\t\t\r\n\t\t\t\t\r\n\t\t\t\t\r\n\t\t\t\t\r\n\t\t\t\t\t\t\t\t\t<td class=\"attachment-size\">2 MB<\/td>\r\n\t\t\t\t\r\n\t\t\t\t\r\n\t\t\t<\/tr>\r\n\r\n\t\t\r\n\t\t\t\r\n\t\t\t<tr class=\"pdf\">\r\n\r\n\t\t\t\t\t\t\t\t\t<td class=\"attachment-index\">4<\/td>\r\n\t\t\t\t\r\n\t\t\t\t<td class=\"attachment-title\">\r\n\r\n\t\t\t\t\t\t\t\t\t\t\t<img decoding=\"async\" class=\"attachment-icon\" src=\"https:\/\/zrembchojnice.pl\/wp-content\/plugins\/download-attachments\/images\/ext\/pdf.gif\" alt=\"pdf\" \/>\r\n\t\t\t\t\t\r\n\t\t\t\t\t\r\n\t\t\t\t\t<a href=\"https:\/\/zrembchojnice.pl\/wp-content\/plugins\/download-attachments\/includes\/download.php?id=11468\" title=\"SPRAWOZDANIE ZARZ\u0104DU ZAK\u0141ADU BUDOWY MASZYN &quot; ZREMB - CHOJNICE&quot; S.A. Z DZIA\u0141ALNO\u015aCI SP\u00d3\u0141KI ZA OKRES I P\u00d3\u0141ROCZA 2023 ROKU.\" class=\"attachment-link\">SPRAWOZDANIE ZARZ\u0104DU ZAK\u0141ADU BUDOWY MASZYN &quot; ZREMB - CHOJNICE&quot; S.A. Z DZIA\u0141ALNO\u015aCI SP\u00d3\u0141KI ZA OKRES I P\u00d3\u0141ROCZA 2023 ROKU.<\/a>\r\n\t\t\t\t\t\r\n\t\t\t\t<\/td>\r\n\r\n\t\t\t\t\r\n\t\t\t\t\r\n\t\t\t\t\r\n\t\t\t\t\r\n\t\t\t\t\r\n\t\t\t\t\r\n\t\t\t\t\t\t\t\t\t<td class=\"attachment-size\">2 MB<\/td>\r\n\t\t\t\t\r\n\t\t\t\t\r\n\t\t\t<\/tr>\r\n\r\n\t\t\r\n\t\t\t\r\n\t\t\t<tr class=\"pdf\">\r\n\r\n\t\t\t\t\t\t\t\t\t<td class=\"attachment-index\">5<\/td>\r\n\t\t\t\t\r\n\t\t\t\t<td class=\"attachment-title\">\r\n\r\n\t\t\t\t\t\t\t\t\t\t\t<img decoding=\"async\" class=\"attachment-icon\" src=\"https:\/\/zrembchojnice.pl\/wp-content\/plugins\/download-attachments\/images\/ext\/pdf.gif\" alt=\"pdf\" \/>\r\n\t\t\t\t\t\r\n\t\t\t\t\t\r\n\t\t\t\t\t<a href=\"https:\/\/zrembchojnice.pl\/wp-content\/plugins\/download-attachments\/includes\/download.php?id=11384\" title=\"JEDNOSTKOWE SPRAWOZDANIE FINANSOWE ZAK\u0141ADU BUDOWY MASZYN ZREMB - CHOJNICE SA ZA I KWARTA\u0141 2023 r\" class=\"attachment-link\">JEDNOSTKOWE SPRAWOZDANIE FINANSOWE ZAK\u0141ADU BUDOWY MASZYN ZREMB - CHOJNICE SA ZA I KWARTA\u0141 2023 r<\/a>\r\n\t\t\t\t\t\r\n\t\t\t\t<\/td>\r\n\r\n\t\t\t\t\r\n\t\t\t\t\r\n\t\t\t\t\r\n\t\t\t\t\r\n\t\t\t\t\r\n\t\t\t\t\r\n\t\t\t\t\t\t\t\t\t<td class=\"attachment-size\">2 MB<\/td>\r\n\t\t\t\t\r\n\t\t\t\t\r\n\t\t\t<\/tr>\r\n\r\n\t\t\r\n\t\t<\/tbody>\r\n\r\n\t<\/table>\r\n\r\n\r\n\r\n\t<\/div>\t\t\t\t<\/div>\n\t\t\t\t<\/div>\n\t\t\t\t\t<\/div>\n\t\t<\/div>\n\t\t\t\t\t<\/div>\n\t\t<\/section>\n\t\t\t\t<section class=\"elementor-section elementor-top-section elementor-element elementor-element-d5dfa95 elementor-section-boxed elementor-section-height-default elementor-section-height-default\" data-id=\"d5dfa95\" data-element_type=\"section\" data-e-type=\"section\">\n\t\t\t\t\t\t<div class=\"elementor-container elementor-column-gap-default\">\n\t\t\t\t\t<div class=\"elementor-column elementor-col-100 elementor-top-column elementor-element elementor-element-6b58d96\" data-id=\"6b58d96\" data-element_type=\"column\" data-e-type=\"column\">\n\t\t\t<div class=\"elementor-widget-wrap\">\n\t\t\t\t\t\t\t<\/div>\n\t\t<\/div>\n\t\t\t\t\t<\/div>\n\t\t<\/section>\n\t\t\t\t<\/div>\n\t\t","protected":false},"excerpt":{"rendered":"<p>Periodical Reports 2023<\/p>\n","protected":false},"author":1,"featured_media":0,"parent":0,"menu_order":0,"comment_status":"closed","ping_status":"closed","template":"","meta":{"footnotes":""},"class_list":["post-11588","page","type-page","status-publish","hentry"],"_links":{"self":[{"href":"https:\/\/zrembchojnice.pl\/index.php\/wp-json\/wp\/v2\/pages\/11588","targetHints":{"allow":["GET"]}}],"collection":[{"href":"https:\/\/zrembchojnice.pl\/index.php\/wp-json\/wp\/v2\/pages"}],"about":[{"href":"https:\/\/zrembchojnice.pl\/index.php\/wp-json\/wp\/v2\/types\/page"}],"author":[{"embeddable":true,"href":"https:\/\/zrembchojnice.pl\/index.php\/wp-json\/wp\/v2\/users\/1"}],"replies":[{"embeddable":true,"href":"https:\/\/zrembchojnice.pl\/index.php\/wp-json\/wp\/v2\/comments?post=11588"}],"version-history":[{"count":4,"href":"https:\/\/zrembchojnice.pl\/index.php\/wp-json\/wp\/v2\/pages\/11588\/revisions"}],"predecessor-version":[{"id":11592,"href":"https:\/\/zrembchojnice.pl\/index.php\/wp-json\/wp\/v2\/pages\/11588\/revisions\/11592"}],"wp:attachment":[{"href":"https:\/\/zrembchojnice.pl\/index.php\/wp-json\/wp\/v2\/media?parent=11588"}],"curies":[{"name":"wp","href":"https:\/\/api.w.org\/{rel}","templated":true}]}}