{"id":11509,"date":"2023-11-23T12:34:11","date_gmt":"2023-11-23T11:34:11","guid":{"rendered":"https:\/\/zrembchojnice.pl\/?page_id=11509"},"modified":"2023-12-19T15:11:58","modified_gmt":"2023-12-19T14:11:58","slug":"dom-plywajacy-zreboat","status":"publish","type":"page","link":"https:\/\/zrembchojnice.pl\/index.php\/dom-plywajacy-zreboat\/","title":{"rendered":"Dom p\u0142ywaj\u0105cy ZREBOAT"},"content":{"rendered":"\t\t<div data-elementor-type=\"wp-page\" data-elementor-id=\"11509\" class=\"elementor elementor-11509\" data-elementor-post-type=\"page\">\n\t\t\t\t\t\t<section class=\"elementor-section elementor-top-section elementor-element elementor-element-925393a elementor-section-boxed elementor-section-height-default elementor-section-height-default\" data-id=\"925393a\" data-element_type=\"section\" data-e-type=\"section\">\n\t\t\t\t\t\t<div class=\"elementor-container elementor-column-gap-default\">\n\t\t\t\t\t<div class=\"elementor-column elementor-col-100 elementor-top-column elementor-element elementor-element-f30eb3c\" data-id=\"f30eb3c\" data-element_type=\"column\" data-e-type=\"column\">\n\t\t\t<div class=\"elementor-widget-wrap elementor-element-populated\">\n\t\t\t\t\t\t<div class=\"elementor-element elementor-element-b8d455c elementor--h-position-center elementor--v-position-middle elementor-arrows-position-inside elementor-pagination-position-inside elementor-widget elementor-widget-slides\" data-id=\"b8d455c\" data-element_type=\"widget\" data-e-type=\"widget\" data-settings=\"{&quot;transition&quot;:&quot;fade&quot;,&quot;navigation&quot;:&quot;both&quot;,&quot;autoplay&quot;:&quot;yes&quot;,&quot;autoplay_speed&quot;:5000,&quot;infinite&quot;:&quot;yes&quot;,&quot;transition_speed&quot;:500}\" data-widget_type=\"slides.default\">\n\t\t\t\t<div class=\"elementor-widget-container\">\n\t\t\t\t\t\t\t\t\t<div class=\"elementor-swiper\">\n\t\t\t\t\t<div class=\"elementor-slides-wrapper elementor-main-swiper swiper\" role=\"region\" aria-roledescription=\"carousel\" aria-label=\"Slajdy\" dir=\"ltr\" data-animation=\"fadeInUp\">\n\t\t\t\t<div class=\"swiper-wrapper elementor-slides\">\n\t\t\t\t\t\t\t\t\t\t<div class=\"elementor-repeater-item-311ecd1 swiper-slide\" role=\"group\" aria-roledescription=\"slide\"><div class=\"swiper-slide-bg elementor-ken-burns elementor-ken-burns--in\" role=\"img\" aria-label=\"ZREBOAT\"><\/div><div class=\"swiper-slide-inner\" ><div class=\"swiper-slide-contents\"><\/div><\/div><\/div>\t\t\t\t<\/div>\n\t\t\t\t\t\t\t<\/div>\n\t\t\t\t<\/div>\n\t\t\t\t\t\t\t\t<\/div>\n\t\t\t\t<\/div>\n\t\t\t\t\t<\/div>\n\t\t<\/div>\n\t\t\t\t\t<\/div>\n\t\t<\/section>\n\t\t\t\t<section class=\"elementor-section elementor-top-section elementor-element elementor-element-d4d1ff7 elementor-section-boxed elementor-section-height-default elementor-section-height-default\" data-id=\"d4d1ff7\" data-element_type=\"section\" data-e-type=\"section\">\n\t\t\t\t\t\t<div class=\"elementor-container elementor-column-gap-default\">\n\t\t\t\t\t<div class=\"elementor-column elementor-col-100 elementor-top-column elementor-element elementor-element-c925e44\" data-id=\"c925e44\" data-element_type=\"column\" data-e-type=\"column\">\n\t\t\t<div class=\"elementor-widget-wrap elementor-element-populated\">\n\t\t\t\t\t\t<div class=\"elementor-element elementor-element-44fdad4 elementor-widget__width-initial elementor-widget elementor-widget-heading\" data-id=\"44fdad4\" data-element_type=\"widget\" data-e-type=\"widget\" data-widget_type=\"heading.default\">\n\t\t\t\t<div class=\"elementor-widget-container\">\n\t\t\t\t\t<h1 class=\"elementor-heading-title elementor-size-default\">Dom P\u0142ywaj\u0105cy ZREBOAT<\/h1>\t\t\t\t<\/div>\n\t\t\t\t<\/div>\n\t\t\t\t<div class=\"elementor-element elementor-element-602bfb5 elementor-widget elementor-widget-accordion\" data-id=\"602bfb5\" data-element_type=\"widget\" data-e-type=\"widget\" data-widget_type=\"accordion.default\">\n\t\t\t\t<div class=\"elementor-widget-container\">\n\t\t\t\t\t\t\t<div class=\"elementor-accordion\">\n\t\t\t\t\t\t\t<div class=\"elementor-accordion-item\">\n\t\t\t\t\t<div id=\"elementor-tab-title-1001\" class=\"elementor-tab-title\" data-tab=\"1\" role=\"button\" aria-controls=\"elementor-tab-content-1001\" aria-expanded=\"false\">\n\t\t\t\t\t\t\t\t\t\t\t\t\t<span class=\"elementor-accordion-icon elementor-accordion-icon-left\" aria-hidden=\"true\">\n\t\t\t\t\t\t\t\t\t\t\t\t\t\t\t<span class=\"elementor-accordion-icon-closed\"><i class=\"fas fa-plus\"><\/i><\/span>\n\t\t\t\t\t\t\t\t<span class=\"elementor-accordion-icon-opened\"><i class=\"fas fa-minus\"><\/i><\/span>\n\t\t\t\t\t\t\t\t\t\t\t\t\t\t<\/span>\n\t\t\t\t\t\t\t\t\t\t\t\t<a class=\"elementor-accordion-title\" tabindex=\"0\">Houseboat ZREBOAT<\/a>\n\t\t\t\t\t<\/div>\n\t\t\t\t\t<div id=\"elementor-tab-content-1001\" class=\"elementor-tab-content elementor-clearfix\" data-tab=\"1\" role=\"region\" aria-labelledby=\"elementor-tab-title-1001\"><p>ZREBOAT to houseboat dla os\u00f3b niepe\u0142nosprawnych ruchowo \u2014 do kt\u00f3rych zalicza si\u0119 nie tylko inwalid\u00f3w z uszkodzonymi narz\u0105dami ruchu, ale tak\u017ce osoby starsze, z ma\u0142ymi dzie\u0107mi lub z du\u017cym baga\u017cem<\/p><\/div>\n\t\t\t\t<\/div>\n\t\t\t\t\t\t\t<div class=\"elementor-accordion-item\">\n\t\t\t\t\t<div id=\"elementor-tab-title-1002\" class=\"elementor-tab-title\" data-tab=\"2\" role=\"button\" aria-controls=\"elementor-tab-content-1002\" aria-expanded=\"false\">\n\t\t\t\t\t\t\t\t\t\t\t\t\t<span class=\"elementor-accordion-icon elementor-accordion-icon-left\" aria-hidden=\"true\">\n\t\t\t\t\t\t\t\t\t\t\t\t\t\t\t<span class=\"elementor-accordion-icon-closed\"><i class=\"fas fa-plus\"><\/i><\/span>\n\t\t\t\t\t\t\t\t<span class=\"elementor-accordion-icon-opened\"><i class=\"fas fa-minus\"><\/i><\/span>\n\t\t\t\t\t\t\t\t\t\t\t\t\t\t<\/span>\n\t\t\t\t\t\t\t\t\t\t\t\t<a class=\"elementor-accordion-title\" tabindex=\"0\">Cechy konstrukcyjne i technologiczne<\/a>\n\t\t\t\t\t<\/div>\n\t\t\t\t\t<div id=\"elementor-tab-content-1002\" class=\"elementor-tab-content elementor-clearfix\" data-tab=\"2\" role=\"region\" aria-labelledby=\"elementor-tab-title-1002\"><ul>\n<li>Maksymalny rozmiar zewn\u0119trzny: szeroko\u015b\u0107 &#8211; 3,7 m, d\u0142ugo\u015b\u0107 &#8211; 12 m, wysoko\u015b\u0107 &#8211; 3,6<br>m.<\/li>\n<li>Wymiary musz\u0105 spe\u0142nia\u0107 normy transportowe w Polsce i za granic\u0105 du\u017cych<br>gabarytowo obiekt\u00f3w.<\/li><li>Liczba os\u00f3b na jednostce p\u0142ywaj\u0105cej, 5 os\u00f3b w tym przynajmniej 1 osoba z<br>niepe\u0142nosprawno\u015bci\u0105.<\/li><li>Przeznaczono miejsca noclegowe dla 5 os\u00f3b.<\/li><li>Rejon p\u0142ywania: rzeki, jeziora oraz przybrze\u017cne strefy morskie.<\/li><li>Autonomiczno\u015b\u0107 p\u0142ywania &#8211; jednostka wyposa\u017cona w nap\u0119d silnikowy i system<br>sterowania.<\/li><li>Materia\u0142 &#8211; konstrukcja stalowa z mo\u017cliwo\u015bci\u0105 zastosowania aluminium i tworzyw<br>sztucznych.<\/li><li>Maksymalna waga jednostki: do 2-2,5 tony.<\/li><li>Dodatkowe p\u0142ywaki boczne, stabilizuj\u0105ce jednostk\u0119. Z mo\u017cliwo\u015bci\u0105 monta\u017cu ich na<br>dachu.<\/li><li>Jednostka p\u0142ywaj\u0105ca budowana na kad\u0142ubie, wykonany z lekkich stop\u00f3w<\/li>\n<\/ul><\/div>\n\t\t\t\t<\/div>\n\t\t\t\t\t\t\t\t<\/div>\n\t\t\t\t\t\t<\/div>\n\t\t\t\t<\/div>\n\t\t\t\t\t<\/div>\n\t\t<\/div>\n\t\t\t\t\t<\/div>\n\t\t<\/section>\n\t\t\t\t<section class=\"elementor-section elementor-top-section elementor-element elementor-element-5be9256 elementor-section-boxed elementor-section-height-default elementor-section-height-default\" data-id=\"5be9256\" data-element_type=\"section\" data-e-type=\"section\">\n\t\t\t\t\t\t<div class=\"elementor-container elementor-column-gap-default\">\n\t\t\t\t\t<div class=\"elementor-column elementor-col-100 elementor-top-column elementor-element elementor-element-1fd95de\" data-id=\"1fd95de\" data-element_type=\"column\" data-e-type=\"column\">\n\t\t\t<div class=\"elementor-widget-wrap elementor-element-populated\">\n\t\t\t\t\t\t<div class=\"elementor-element elementor-element-286a01b elementor-widget elementor-widget-heading\" data-id=\"286a01b\" data-element_type=\"widget\" data-e-type=\"widget\" data-widget_type=\"heading.default\">\n\t\t\t\t<div class=\"elementor-widget-container\">\n\t\t\t\t\t<h2 class=\"elementor-heading-title elementor-size-default\">Wizualizacje<\/h2>\t\t\t\t<\/div>\n\t\t\t\t<\/div>\n\t\t\t\t<div class=\"elementor-element elementor-element-2f8f15c elementor-widget elementor-widget-gallery\" data-id=\"2f8f15c\" data-element_type=\"widget\" data-e-type=\"widget\" data-settings=\"{&quot;lazyload&quot;:&quot;yes&quot;,&quot;gallery_layout&quot;:&quot;grid&quot;,&quot;columns&quot;:4,&quot;columns_tablet&quot;:2,&quot;columns_mobile&quot;:1,&quot;gap&quot;:{&quot;unit&quot;:&quot;px&quot;,&quot;size&quot;:10,&quot;sizes&quot;:[]},&quot;gap_tablet&quot;:{&quot;unit&quot;:&quot;px&quot;,&quot;size&quot;:10,&quot;sizes&quot;:[]},&quot;gap_mobile&quot;:{&quot;unit&quot;:&quot;px&quot;,&quot;size&quot;:10,&quot;sizes&quot;:[]},&quot;link_to&quot;:&quot;file&quot;,&quot;aspect_ratio&quot;:&quot;3:2&quot;,&quot;overlay_background&quot;:&quot;yes&quot;,&quot;content_hover_animation&quot;:&quot;fade-in&quot;}\" data-widget_type=\"gallery.default\">\n\t\t\t\t<div class=\"elementor-widget-container\">\n\t\t\t\t\t\t\t<div class=\"elementor-gallery__container\">\n\t\t\t\t\t\t\t<a class=\"e-gallery-item elementor-gallery-item elementor-animated-content\" href=\"https:\/\/zrembchojnice.pl\/wp-content\/uploads\/2023\/11\/zreboat1.png\" data-elementor-open-lightbox=\"yes\" data-elementor-lightbox-slideshow=\"2f8f15c\" data-elementor-lightbox-title=\"zreboat1\" data-e-action-hash=\"#elementor-action%3Aaction%3Dlightbox%26settings%3DeyJpZCI6MTE1MTQsInVybCI6Imh0dHBzOlwvXC96cmVtYmNob2puaWNlLnBsXC93cC1jb250ZW50XC91cGxvYWRzXC8yMDIzXC8xMVwvenJlYm9hdDEucG5nIiwic2xpZGVzaG93IjoiMmY4ZjE1YyJ9\">\n\t\t\t\t\t<div class=\"e-gallery-image elementor-gallery-item__image\" data-thumbnail=\"https:\/\/zrembchojnice.pl\/wp-content\/uploads\/2023\/11\/zreboat1-300x169.png\" data-width=\"300\" data-height=\"169\" aria-label=\"ZREBOAT\" role=\"img\" ><\/div>\n\t\t\t\t\t\t\t\t\t\t\t<div class=\"elementor-gallery-item__overlay\"><\/div>\n\t\t\t\t\t\t\t\t\t\t\t\t\t\t<\/a>\n\t\t\t\t\t\t\t<a class=\"e-gallery-item elementor-gallery-item elementor-animated-content\" href=\"https:\/\/zrembchojnice.pl\/wp-content\/uploads\/2023\/11\/zreboat2.png\" data-elementor-open-lightbox=\"yes\" data-elementor-lightbox-slideshow=\"2f8f15c\" data-elementor-lightbox-title=\"zreboat2\" data-e-action-hash=\"#elementor-action%3Aaction%3Dlightbox%26settings%3DeyJpZCI6MTE1MjcsInVybCI6Imh0dHBzOlwvXC96cmVtYmNob2puaWNlLnBsXC93cC1jb250ZW50XC91cGxvYWRzXC8yMDIzXC8xMVwvenJlYm9hdDIucG5nIiwic2xpZGVzaG93IjoiMmY4ZjE1YyJ9\">\n\t\t\t\t\t<div class=\"e-gallery-image elementor-gallery-item__image\" data-thumbnail=\"https:\/\/zrembchojnice.pl\/wp-content\/uploads\/2023\/11\/zreboat2-300x169.png\" data-width=\"300\" data-height=\"169\" aria-label=\"ZREBOAT\" role=\"img\" ><\/div>\n\t\t\t\t\t\t\t\t\t\t\t<div class=\"elementor-gallery-item__overlay\"><\/div>\n\t\t\t\t\t\t\t\t\t\t\t\t\t\t<\/a>\n\t\t\t\t\t\t\t<a class=\"e-gallery-item elementor-gallery-item elementor-animated-content\" href=\"https:\/\/zrembchojnice.pl\/wp-content\/uploads\/2023\/11\/zreboat3.png\" data-elementor-open-lightbox=\"yes\" data-elementor-lightbox-slideshow=\"2f8f15c\" data-elementor-lightbox-title=\"zreboat3\" data-e-action-hash=\"#elementor-action%3Aaction%3Dlightbox%26settings%3DeyJpZCI6MTE1MjgsInVybCI6Imh0dHBzOlwvXC96cmVtYmNob2puaWNlLnBsXC93cC1jb250ZW50XC91cGxvYWRzXC8yMDIzXC8xMVwvenJlYm9hdDMucG5nIiwic2xpZGVzaG93IjoiMmY4ZjE1YyJ9\">\n\t\t\t\t\t<div class=\"e-gallery-image elementor-gallery-item__image\" data-thumbnail=\"https:\/\/zrembchojnice.pl\/wp-content\/uploads\/2023\/11\/zreboat3-300x169.png\" data-width=\"300\" data-height=\"169\" aria-label=\"ZREBOAT\" role=\"img\" ><\/div>\n\t\t\t\t\t\t\t\t\t\t\t<div class=\"elementor-gallery-item__overlay\"><\/div>\n\t\t\t\t\t\t\t\t\t\t\t\t\t\t<\/a>\n\t\t\t\t\t\t\t<a class=\"e-gallery-item elementor-gallery-item elementor-animated-content\" href=\"https:\/\/zrembchojnice.pl\/wp-content\/uploads\/2023\/11\/zreboat4.png\" data-elementor-open-lightbox=\"yes\" data-elementor-lightbox-slideshow=\"2f8f15c\" data-elementor-lightbox-title=\"zreboat4\" data-e-action-hash=\"#elementor-action%3Aaction%3Dlightbox%26settings%3DeyJpZCI6MTE1MjksInVybCI6Imh0dHBzOlwvXC96cmVtYmNob2puaWNlLnBsXC93cC1jb250ZW50XC91cGxvYWRzXC8yMDIzXC8xMVwvenJlYm9hdDQucG5nIiwic2xpZGVzaG93IjoiMmY4ZjE1YyJ9\">\n\t\t\t\t\t<div class=\"e-gallery-image elementor-gallery-item__image\" data-thumbnail=\"https:\/\/zrembchojnice.pl\/wp-content\/uploads\/2023\/11\/zreboat4-300x169.png\" data-width=\"300\" data-height=\"169\" aria-label=\"ZREBOAT\" role=\"img\" ><\/div>\n\t\t\t\t\t\t\t\t\t\t\t<div class=\"elementor-gallery-item__overlay\"><\/div>\n\t\t\t\t\t\t\t\t\t\t\t\t\t\t<\/a>\n\t\t\t\t\t\t\t<a class=\"e-gallery-item elementor-gallery-item elementor-animated-content\" href=\"https:\/\/zrembchojnice.pl\/wp-content\/uploads\/2023\/11\/zreboat5left.png\" data-elementor-open-lightbox=\"yes\" data-elementor-lightbox-slideshow=\"2f8f15c\" data-elementor-lightbox-title=\"zreboat5left\" data-e-action-hash=\"#elementor-action%3Aaction%3Dlightbox%26settings%3DeyJpZCI6MTE1MzAsInVybCI6Imh0dHBzOlwvXC96cmVtYmNob2puaWNlLnBsXC93cC1jb250ZW50XC91cGxvYWRzXC8yMDIzXC8xMVwvenJlYm9hdDVsZWZ0LnBuZyIsInNsaWRlc2hvdyI6IjJmOGYxNWMifQ%3D%3D\">\n\t\t\t\t\t<div class=\"e-gallery-image elementor-gallery-item__image\" data-thumbnail=\"https:\/\/zrembchojnice.pl\/wp-content\/uploads\/2023\/11\/zreboat5left-300x169.png\" data-width=\"300\" data-height=\"169\" aria-label=\"ZREBOAT\" role=\"img\" ><\/div>\n\t\t\t\t\t\t\t\t\t\t\t<div class=\"elementor-gallery-item__overlay\"><\/div>\n\t\t\t\t\t\t\t\t\t\t\t\t\t\t<\/a>\n\t\t\t\t\t\t\t<a class=\"e-gallery-item elementor-gallery-item elementor-animated-content\" href=\"https:\/\/zrembchojnice.pl\/wp-content\/uploads\/2023\/11\/zreboat6wc.png\" data-elementor-open-lightbox=\"yes\" data-elementor-lightbox-slideshow=\"2f8f15c\" data-elementor-lightbox-title=\"zreboat6wc\" data-e-action-hash=\"#elementor-action%3Aaction%3Dlightbox%26settings%3DeyJpZCI6MTE1MzEsInVybCI6Imh0dHBzOlwvXC96cmVtYmNob2puaWNlLnBsXC93cC1jb250ZW50XC91cGxvYWRzXC8yMDIzXC8xMVwvenJlYm9hdDZ3Yy5wbmciLCJzbGlkZXNob3ciOiIyZjhmMTVjIn0%3D\">\n\t\t\t\t\t<div class=\"e-gallery-image elementor-gallery-item__image\" data-thumbnail=\"https:\/\/zrembchojnice.pl\/wp-content\/uploads\/2023\/11\/zreboat6wc-300x169.png\" data-width=\"300\" data-height=\"169\" aria-label=\"ZREBOAT\" role=\"img\" ><\/div>\n\t\t\t\t\t\t\t\t\t\t\t<div class=\"elementor-gallery-item__overlay\"><\/div>\n\t\t\t\t\t\t\t\t\t\t\t\t\t\t<\/a>\n\t\t\t\t\t<\/div>\n\t\t\t\t\t<\/div>\n\t\t\t\t<\/div>\n\t\t\t\t\t<\/div>\n\t\t<\/div>\n\t\t\t\t\t<\/div>\n\t\t<\/section>\n\t\t\t\t<\/div>\n\t\t","protected":false},"excerpt":{"rendered":"<p>Dom P\u0142ywaj\u0105cy ZREBOAT Houseboat ZREBOAT ZREBOAT to houseboat dla os\u00f3b niepe\u0142nosprawnych ruchowo \u2014 do kt\u00f3rych zalicza si\u0119 nie tylko inwalid\u00f3w z uszkodzonymi narz\u0105dami ruchu, ale tak\u017ce osoby starsze, z ma\u0142ymi dzie\u0107mi lub z du\u017cym baga\u017cem Cechy konstrukcyjne i technologiczne Maksymalny rozmiar zewn\u0119trzny: szeroko\u015b\u0107 &#8211; 3,7 m, d\u0142ugo\u015b\u0107 &#8211; 12 m, wysoko\u015b\u0107 &#8211; 3,6m. Wymiary musz\u0105 [&hellip;]<\/p>\n","protected":false},"author":1,"featured_media":0,"parent":0,"menu_order":0,"comment_status":"closed","ping_status":"closed","template":"","meta":{"footnotes":""},"class_list":["post-11509","page","type-page","status-publish","hentry"],"_links":{"self":[{"href":"https:\/\/zrembchojnice.pl\/index.php\/wp-json\/wp\/v2\/pages\/11509","targetHints":{"allow":["GET"]}}],"collection":[{"href":"https:\/\/zrembchojnice.pl\/index.php\/wp-json\/wp\/v2\/pages"}],"about":[{"href":"https:\/\/zrembchojnice.pl\/index.php\/wp-json\/wp\/v2\/types\/page"}],"author":[{"embeddable":true,"href":"https:\/\/zrembchojnice.pl\/index.php\/wp-json\/wp\/v2\/users\/1"}],"replies":[{"embeddable":true,"href":"https:\/\/zrembchojnice.pl\/index.php\/wp-json\/wp\/v2\/comments?post=11509"}],"version-history":[{"count":16,"href":"https:\/\/zrembchojnice.pl\/index.php\/wp-json\/wp\/v2\/pages\/11509\/revisions"}],"predecessor-version":[{"id":11570,"href":"https:\/\/zrembchojnice.pl\/index.php\/wp-json\/wp\/v2\/pages\/11509\/revisions\/11570"}],"wp:attachment":[{"href":"https:\/\/zrembchojnice.pl\/index.php\/wp-json\/wp\/v2\/media?parent=11509"}],"curies":[{"name":"wp","href":"https:\/\/api.w.org\/{rel}","templated":true}]}}