{"id":114,"date":"2019-07-02T13:47:21","date_gmt":"2019-07-02T11:47:21","guid":{"rendered":"https:\/\/zrembchojnice.pl\/?page_id=114"},"modified":"2019-07-02T13:47:21","modified_gmt":"2019-07-02T11:47:21","slug":"baskety-narzedziowe-dla-platform-wiertniczych","status":"publish","type":"page","link":"https:\/\/zrembchojnice.pl\/index.php\/baskety-narzedziowe-dla-platform-wiertniczych\/","title":{"rendered":"Baskety narz\u0119dziowe dla platform wiertniczych"},"content":{"rendered":"\n<p> Baskety przeznaczone s\u0105 do sk\u0142adowania i transportu wierte\u0142 stosowanych  na platformach wiertniczych. Produkowane d\u0142ugo\u015bci:&nbsp;od 6,1m do 16,8m <\/p>\n\n\n\n<figure class=\"wp-block-gallery columns-2 is-cropped wp-block-gallery-1 is-layout-flex wp-block-gallery-is-layout-flex\"><ul class=\"blocks-gallery-grid\"><li class=\"blocks-gallery-item\"><figure><img fetchpriority=\"high\" decoding=\"async\" width=\"1024\" height=\"643\" src=\"https:\/\/zrembchojnice.pl\/wp-content\/uploads\/2021\/03\/Bez-nazwy4-1024x643.png\" alt=\"\" data-id=\"5224\" data-full-url=\"https:\/\/zrembchojnice.pl\/wp-content\/uploads\/2021\/03\/Bez-nazwy4.png\" data-link=\"https:\/\/zrembchojnice.pl\/oferta\/kontenery\/baskety-narzedziowe-dla-platform-wiertniczych\/bez-nazwy4\/\" class=\"wp-image-5224\" srcset=\"https:\/\/zrembchojnice.pl\/wp-content\/uploads\/2021\/03\/Bez-nazwy4-1024x643.png 1024w, https:\/\/zrembchojnice.pl\/wp-content\/uploads\/2021\/03\/Bez-nazwy4-300x188.png 300w, https:\/\/zrembchojnice.pl\/wp-content\/uploads\/2021\/03\/Bez-nazwy4-768x482.png 768w, https:\/\/zrembchojnice.pl\/wp-content\/uploads\/2021\/03\/Bez-nazwy4-1536x965.png 1536w, https:\/\/zrembchojnice.pl\/wp-content\/uploads\/2021\/03\/Bez-nazwy4-2048x1286.png 2048w\" sizes=\"(max-width: 1024px) 100vw, 1024px\" \/><\/figure><\/li><li class=\"blocks-gallery-item\"><figure><img decoding=\"async\" width=\"1024\" height=\"658\" src=\"https:\/\/zrembchojnice.pl\/wp-content\/uploads\/2021\/03\/Bez-nazwy11-1024x658.png\" alt=\"\" data-id=\"5225\" data-full-url=\"https:\/\/zrembchojnice.pl\/wp-content\/uploads\/2021\/03\/Bez-nazwy11.png\" data-link=\"https:\/\/zrembchojnice.pl\/oferta\/kontenery\/baskety-narzedziowe-dla-platform-wiertniczych\/bez-nazwy11\/\" class=\"wp-image-5225\" srcset=\"https:\/\/zrembchojnice.pl\/wp-content\/uploads\/2021\/03\/Bez-nazwy11-1024x658.png 1024w, https:\/\/zrembchojnice.pl\/wp-content\/uploads\/2021\/03\/Bez-nazwy11-300x193.png 300w, https:\/\/zrembchojnice.pl\/wp-content\/uploads\/2021\/03\/Bez-nazwy11-768x493.png 768w, https:\/\/zrembchojnice.pl\/wp-content\/uploads\/2021\/03\/Bez-nazwy11-1536x987.png 1536w, https:\/\/zrembchojnice.pl\/wp-content\/uploads\/2021\/03\/Bez-nazwy11-2048x1316.png 2048w\" sizes=\"(max-width: 1024px) 100vw, 1024px\" \/><\/figure><\/li><\/ul><\/figure>\n\n\n\n<figure class=\"wp-block-gallery columns-3 is-cropped wp-block-gallery-2 is-layout-flex wp-block-gallery-is-layout-flex\"><ul class=\"blocks-gallery-grid\"><li class=\"blocks-gallery-item\"><figure><img decoding=\"async\" width=\"650\" height=\"488\" src=\"https:\/\/zrembchojnice.pl\/wp-content\/uploads\/2019\/08\/53.jpg\" alt=\"\" data-id=\"3262\" data-full-url=\"https:\/\/zrembchojnice.pl\/wp-content\/uploads\/2019\/08\/53.jpg\" data-link=\"https:\/\/zrembchojnice.pl\/oferta\/kontenery\/baskety-narzedziowe-dla-platform-wiertniczych\/attachment\/53\/\" class=\"wp-image-3262\" srcset=\"https:\/\/zrembchojnice.pl\/wp-content\/uploads\/2019\/08\/53.jpg 650w, https:\/\/zrembchojnice.pl\/wp-content\/uploads\/2019\/08\/53-300x225.jpg 300w\" sizes=\"(max-width: 650px) 100vw, 650px\" \/><\/figure><\/li><li class=\"blocks-gallery-item\"><figure><img loading=\"lazy\" decoding=\"async\" width=\"750\" height=\"563\" src=\"https:\/\/zrembchojnice.pl\/wp-content\/uploads\/2019\/08\/98.jpg\" alt=\"\" data-id=\"3263\" data-full-url=\"https:\/\/zrembchojnice.pl\/wp-content\/uploads\/2019\/08\/98.jpg\" data-link=\"https:\/\/zrembchojnice.pl\/oferta\/kontenery\/baskety-narzedziowe-dla-platform-wiertniczych\/attachment\/98\/\" class=\"wp-image-3263\" srcset=\"https:\/\/zrembchojnice.pl\/wp-content\/uploads\/2019\/08\/98.jpg 750w, https:\/\/zrembchojnice.pl\/wp-content\/uploads\/2019\/08\/98-300x225.jpg 300w\" sizes=\"(max-width: 750px) 100vw, 750px\" \/><\/figure><\/li><li class=\"blocks-gallery-item\"><figure><img loading=\"lazy\" decoding=\"async\" width=\"750\" height=\"500\" src=\"https:\/\/zrembchojnice.pl\/wp-content\/uploads\/2019\/08\/100.jpg\" alt=\"\" data-id=\"3264\" data-full-url=\"https:\/\/zrembchojnice.pl\/wp-content\/uploads\/2019\/08\/100.jpg\" data-link=\"https:\/\/zrembchojnice.pl\/oferta\/kontenery\/baskety-narzedziowe-dla-platform-wiertniczych\/attachment\/100\/\" class=\"wp-image-3264\" srcset=\"https:\/\/zrembchojnice.pl\/wp-content\/uploads\/2019\/08\/100.jpg 750w, https:\/\/zrembchojnice.pl\/wp-content\/uploads\/2019\/08\/100-300x200.jpg 300w\" sizes=\"(max-width: 750px) 100vw, 750px\" \/><\/figure><\/li><li class=\"blocks-gallery-item\"><figure><img loading=\"lazy\" decoding=\"async\" width=\"750\" height=\"500\" src=\"https:\/\/zrembchojnice.pl\/wp-content\/uploads\/2019\/08\/101.jpg\" alt=\"\" data-id=\"3265\" data-full-url=\"https:\/\/zrembchojnice.pl\/wp-content\/uploads\/2019\/08\/101.jpg\" data-link=\"https:\/\/zrembchojnice.pl\/oferta\/kontenery\/baskety-narzedziowe-dla-platform-wiertniczych\/attachment\/101\/\" class=\"wp-image-3265\" srcset=\"https:\/\/zrembchojnice.pl\/wp-content\/uploads\/2019\/08\/101.jpg 750w, https:\/\/zrembchojnice.pl\/wp-content\/uploads\/2019\/08\/101-300x200.jpg 300w\" sizes=\"(max-width: 750px) 100vw, 750px\" \/><\/figure><\/li><li class=\"blocks-gallery-item\"><figure><img loading=\"lazy\" decoding=\"async\" width=\"750\" height=\"500\" src=\"https:\/\/zrembchojnice.pl\/wp-content\/uploads\/2019\/08\/102.jpg\" alt=\"\" data-id=\"3266\" data-full-url=\"https:\/\/zrembchojnice.pl\/wp-content\/uploads\/2019\/08\/102.jpg\" data-link=\"https:\/\/zrembchojnice.pl\/oferta\/kontenery\/baskety-narzedziowe-dla-platform-wiertniczych\/attachment\/102\/\" class=\"wp-image-3266\" srcset=\"https:\/\/zrembchojnice.pl\/wp-content\/uploads\/2019\/08\/102.jpg 750w, https:\/\/zrembchojnice.pl\/wp-content\/uploads\/2019\/08\/102-300x200.jpg 300w\" sizes=\"(max-width: 750px) 100vw, 750px\" \/><\/figure><\/li><li class=\"blocks-gallery-item\"><figure><img loading=\"lazy\" decoding=\"async\" width=\"750\" height=\"500\" src=\"https:\/\/zrembchojnice.pl\/wp-content\/uploads\/2019\/08\/103.jpg\" alt=\"\" data-id=\"3267\" data-full-url=\"https:\/\/zrembchojnice.pl\/wp-content\/uploads\/2019\/08\/103.jpg\" data-link=\"https:\/\/zrembchojnice.pl\/oferta\/kontenery\/baskety-narzedziowe-dla-platform-wiertniczych\/attachment\/103\/\" class=\"wp-image-3267\" srcset=\"https:\/\/zrembchojnice.pl\/wp-content\/uploads\/2019\/08\/103.jpg 750w, https:\/\/zrembchojnice.pl\/wp-content\/uploads\/2019\/08\/103-300x200.jpg 300w\" sizes=\"(max-width: 750px) 100vw, 750px\" \/><\/figure><\/li><li class=\"blocks-gallery-item\"><figure><img loading=\"lazy\" decoding=\"async\" width=\"650\" height=\"488\" src=\"https:\/\/zrembchojnice.pl\/wp-content\/uploads\/2019\/08\/52.jpg\" alt=\"\" data-id=\"3268\" data-full-url=\"https:\/\/zrembchojnice.pl\/wp-content\/uploads\/2019\/08\/52.jpg\" data-link=\"https:\/\/zrembchojnice.pl\/oferta\/kontenery\/baskety-narzedziowe-dla-platform-wiertniczych\/attachment\/52\/\" class=\"wp-image-3268\" srcset=\"https:\/\/zrembchojnice.pl\/wp-content\/uploads\/2019\/08\/52.jpg 650w, https:\/\/zrembchojnice.pl\/wp-content\/uploads\/2019\/08\/52-300x225.jpg 300w\" sizes=\"(max-width: 650px) 100vw, 650px\" \/><\/figure><\/li><li class=\"blocks-gallery-item\"><figure><img decoding=\"async\" src=\"https:\/\/zrembchojnice.pl\/wp-content\/uploads\/2021\/02\/DSCN9625-1024x768.jpg\" alt=\"\" data-id=\"5085\" data-full-url=\"https:\/\/zrembchojnice.pl\/wp-content\/uploads\/2021\/02\/DSCN9625-scaled-1.jpg\" data-link=\"https:\/\/zrembchojnice.pl\/oferta\/kontenery\/baskety-narzedziowe-dla-platform-wiertniczych\/dscn9625\/\" class=\"wp-image-5085\"\/><\/figure><\/li><li class=\"blocks-gallery-item\"><figure><img decoding=\"async\" src=\"https:\/\/zrembchojnice.pl\/wp-content\/uploads\/2021\/02\/DSCN9628-1024x768.jpg\" alt=\"\" data-id=\"5086\" data-full-url=\"https:\/\/zrembchojnice.pl\/wp-content\/uploads\/2021\/02\/DSCN9628-scaled-1.jpg\" data-link=\"https:\/\/zrembchojnice.pl\/oferta\/kontenery\/baskety-narzedziowe-dla-platform-wiertniczych\/dscn9628\/\" class=\"wp-image-5086\"\/><\/figure><\/li><\/ul><\/figure>\n\n\n\n<figure class=\"wp-block-gallery columns-3 is-cropped wp-block-gallery-3 is-layout-flex wp-block-gallery-is-layout-flex\"><ul class=\"blocks-gallery-grid\"><li class=\"blocks-gallery-item\"><figure><img decoding=\"async\" src=\"https:\/\/zrembchojnice.pl\/wp-content\/uploads\/2021\/03\/3-DSCN7281poprawiony-1024x768.jpg\" alt=\"\" data-id=\"5150\" data-full-url=\"https:\/\/zrembchojnice.pl\/wp-content\/uploads\/2021\/03\/3-DSCN7281poprawiony-scaled-1.jpg\" data-link=\"https:\/\/zrembchojnice.pl\/oferta\/kontenery\/baskety-narzedziowe-dla-platform-wiertniczych\/3-dscn7281poprawiony-2\/\" class=\"wp-image-5150\"\/><\/figure><\/li><li class=\"blocks-gallery-item\"><figure><img decoding=\"async\" src=\"https:\/\/zrembchojnice.pl\/wp-content\/uploads\/2021\/03\/100_4886poprawione-1024x768-1.jpg\" alt=\"\" data-id=\"5151\" data-full-url=\"https:\/\/zrembchojnice.pl\/wp-content\/uploads\/2021\/03\/100_4886poprawione-1024x768-1.jpg\" data-link=\"https:\/\/zrembchojnice.pl\/oferta\/kontenery\/baskety-narzedziowe-dla-platform-wiertniczych\/100_4886poprawione-1024x768\/\" class=\"wp-image-5151\"\/><\/figure><\/li><li class=\"blocks-gallery-item\"><figure><img decoding=\"async\" src=\"https:\/\/zrembchojnice.pl\/wp-content\/uploads\/2021\/03\/100_5857-1024x768-1.jpg\" alt=\"\" data-id=\"5152\" data-full-url=\"https:\/\/zrembchojnice.pl\/wp-content\/uploads\/2021\/03\/100_5857-1024x768-1.jpg\" data-link=\"https:\/\/zrembchojnice.pl\/oferta\/kontenery\/baskety-narzedziowe-dla-platform-wiertniczych\/100_5857-1024x768\/\" class=\"wp-image-5152\"\/><\/figure><\/li><li class=\"blocks-gallery-item\"><figure><img decoding=\"async\" src=\"https:\/\/zrembchojnice.pl\/wp-content\/uploads\/2021\/03\/100_5865-1024x768-1.jpg\" alt=\"\" data-id=\"5153\" data-full-url=\"https:\/\/zrembchojnice.pl\/wp-content\/uploads\/2021\/03\/100_5865-1024x768-1.jpg\" data-link=\"https:\/\/zrembchojnice.pl\/oferta\/kontenery\/baskety-narzedziowe-dla-platform-wiertniczych\/100_5865-1024x768\/\" class=\"wp-image-5153\"\/><\/figure><\/li><li class=\"blocks-gallery-item\"><figure><img decoding=\"async\" src=\"https:\/\/zrembchojnice.pl\/wp-content\/uploads\/2021\/03\/100_6803-14mpoprawione-1024x768-1.jpg\" alt=\"\" data-id=\"5154\" data-full-url=\"https:\/\/zrembchojnice.pl\/wp-content\/uploads\/2021\/03\/100_6803-14mpoprawione-1024x768-1.jpg\" data-link=\"https:\/\/zrembchojnice.pl\/oferta\/kontenery\/baskety-narzedziowe-dla-platform-wiertniczych\/100_6803-14mpoprawione-1024x768\/\" class=\"wp-image-5154\"\/><\/figure><\/li><li class=\"blocks-gallery-item\"><figure><img decoding=\"async\" src=\"https:\/\/zrembchojnice.pl\/wp-content\/uploads\/2021\/03\/DSCN0340poprawione-1024x768-1.jpg\" alt=\"\" data-id=\"5155\" data-full-url=\"https:\/\/zrembchojnice.pl\/wp-content\/uploads\/2021\/03\/DSCN0340poprawione-1024x768-1.jpg\" data-link=\"https:\/\/zrembchojnice.pl\/oferta\/kontenery\/baskety-narzedziowe-dla-platform-wiertniczych\/dscn0340poprawione-1024x768\/\" class=\"wp-image-5155\"\/><\/figure><\/li><li class=\"blocks-gallery-item\"><figure><img decoding=\"async\" src=\"https:\/\/zrembchojnice.pl\/wp-content\/uploads\/2021\/03\/DSCN1062poprawione-1024x768-1.jpg\" alt=\"\" data-id=\"5156\" data-full-url=\"https:\/\/zrembchojnice.pl\/wp-content\/uploads\/2021\/03\/DSCN1062poprawione-1024x768-1.jpg\" data-link=\"https:\/\/zrembchojnice.pl\/oferta\/kontenery\/baskety-narzedziowe-dla-platform-wiertniczych\/dscn1062poprawione-1024x768\/\" class=\"wp-image-5156\"\/><\/figure><\/li><li class=\"blocks-gallery-item\"><figure><img decoding=\"async\" src=\"https:\/\/zrembchojnice.pl\/wp-content\/uploads\/2021\/03\/DSCN1077-1024x768-1.jpg\" alt=\"\" data-id=\"5157\" data-full-url=\"https:\/\/zrembchojnice.pl\/wp-content\/uploads\/2021\/03\/DSCN1077-1024x768-1.jpg\" data-link=\"https:\/\/zrembchojnice.pl\/oferta\/kontenery\/baskety-narzedziowe-dla-platform-wiertniczych\/dscn1077-1024x768\/\" class=\"wp-image-5157\"\/><\/figure><\/li><li class=\"blocks-gallery-item\"><figure><img decoding=\"async\" src=\"https:\/\/zrembchojnice.pl\/wp-content\/uploads\/2021\/03\/DSCN1265-1024x768-1.jpg\" alt=\"\" data-id=\"5158\" data-full-url=\"https:\/\/zrembchojnice.pl\/wp-content\/uploads\/2021\/03\/DSCN1265-1024x768-1.jpg\" data-link=\"https:\/\/zrembchojnice.pl\/oferta\/kontenery\/baskety-narzedziowe-dla-platform-wiertniczych\/dscn1265-1024x768\/\" class=\"wp-image-5158\"\/><\/figure><\/li><li class=\"blocks-gallery-item\"><figure><img decoding=\"async\" src=\"https:\/\/zrembchojnice.pl\/wp-content\/uploads\/2021\/03\/DSCN1286poprawione-1024x768-1.jpg\" alt=\"\" data-id=\"5159\" data-full-url=\"https:\/\/zrembchojnice.pl\/wp-content\/uploads\/2021\/03\/DSCN1286poprawione-1024x768-1.jpg\" data-link=\"https:\/\/zrembchojnice.pl\/oferta\/kontenery\/baskety-narzedziowe-dla-platform-wiertniczych\/dscn1286poprawione-1024x768\/\" class=\"wp-image-5159\"\/><\/figure><\/li><li class=\"blocks-gallery-item\"><figure><img decoding=\"async\" src=\"https:\/\/zrembchojnice.pl\/wp-content\/uploads\/2021\/03\/DSCN1540poprawiony-1024x768-1.jpg\" alt=\"\" data-id=\"5160\" data-full-url=\"https:\/\/zrembchojnice.pl\/wp-content\/uploads\/2021\/03\/DSCN1540poprawiony-1024x768-1.jpg\" data-link=\"https:\/\/zrembchojnice.pl\/oferta\/kontenery\/baskety-narzedziowe-dla-platform-wiertniczych\/dscn1540poprawiony-1024x768\/\" class=\"wp-image-5160\"\/><\/figure><\/li><li class=\"blocks-gallery-item\"><figure><img decoding=\"async\" src=\"https:\/\/zrembchojnice.pl\/wp-content\/uploads\/2021\/03\/DSCN1605poprawione-1024x768-1.jpg\" alt=\"\" data-id=\"5161\" data-full-url=\"https:\/\/zrembchojnice.pl\/wp-content\/uploads\/2021\/03\/DSCN1605poprawione-1024x768-1.jpg\" data-link=\"https:\/\/zrembchojnice.pl\/oferta\/kontenery\/baskety-narzedziowe-dla-platform-wiertniczych\/dscn1605poprawione-1024x768\/\" class=\"wp-image-5161\"\/><\/figure><\/li><li class=\"blocks-gallery-item\"><figure><img decoding=\"async\" src=\"https:\/\/zrembchojnice.pl\/wp-content\/uploads\/2021\/03\/DSCN2148-1024x768-1.jpg\" alt=\"\" data-id=\"5162\" data-full-url=\"https:\/\/zrembchojnice.pl\/wp-content\/uploads\/2021\/03\/DSCN2148-1024x768-1.jpg\" data-link=\"https:\/\/zrembchojnice.pl\/oferta\/kontenery\/baskety-narzedziowe-dla-platform-wiertniczych\/dscn2148-1024x768\/\" class=\"wp-image-5162\"\/><\/figure><\/li><\/ul><\/figure>\n","protected":false},"excerpt":{"rendered":"<p>Baskety przeznaczone s\u0105 do sk\u0142adowania i transportu wierte\u0142 stosowanych na platformach wiertniczych. Produkowane d\u0142ugo\u015bci:&nbsp;od 6,1m do 16,8m<\/p>\n","protected":false},"author":1,"featured_media":0,"parent":0,"menu_order":5,"comment_status":"closed","ping_status":"closed","template":"","meta":{"footnotes":""},"class_list":["post-114","page","type-page","status-publish","hentry"],"_links":{"self":[{"href":"https:\/\/zrembchojnice.pl\/index.php\/wp-json\/wp\/v2\/pages\/114","targetHints":{"allow":["GET"]}}],"collection":[{"href":"https:\/\/zrembchojnice.pl\/index.php\/wp-json\/wp\/v2\/pages"}],"about":[{"href":"https:\/\/zrembchojnice.pl\/index.php\/wp-json\/wp\/v2\/types\/page"}],"author":[{"embeddable":true,"href":"https:\/\/zrembchojnice.pl\/index.php\/wp-json\/wp\/v2\/users\/1"}],"replies":[{"embeddable":true,"href":"https:\/\/zrembchojnice.pl\/index.php\/wp-json\/wp\/v2\/comments?post=114"}],"version-history":[{"count":0,"href":"https:\/\/zrembchojnice.pl\/index.php\/wp-json\/wp\/v2\/pages\/114\/revisions"}],"wp:attachment":[{"href":"https:\/\/zrembchojnice.pl\/index.php\/wp-json\/wp\/v2\/media?parent=114"}],"curies":[{"name":"wp","href":"https:\/\/api.w.org\/{rel}","templated":true}]}}