{"id":10830,"date":"2023-01-25T15:50:44","date_gmt":"2023-01-25T14:50:44","guid":{"rendered":"https:\/\/zrembchojnice.pl\/?page_id=10830"},"modified":"2023-01-25T15:50:45","modified_gmt":"2023-01-25T14:50:45","slug":"raporty-biezace-2022","status":"publish","type":"page","link":"https:\/\/zrembchojnice.pl\/index.php\/relacje-inwestorskie\/raporty-biezace-2022\/","title":{"rendered":"Raporty bie\u017c\u0105ce 2022"},"content":{"rendered":"\t\t<div data-elementor-type=\"wp-page\" data-elementor-id=\"10830\" class=\"elementor elementor-10830\" data-elementor-post-type=\"page\">\n\t\t\t\t\t\t<section class=\"elementor-section elementor-top-section elementor-element elementor-element-d659589 elementor-section-boxed elementor-section-height-default elementor-section-height-default\" data-id=\"d659589\" data-element_type=\"section\" data-e-type=\"section\">\n\t\t\t\t\t\t<div class=\"elementor-container elementor-column-gap-default\">\n\t\t\t\t\t<div class=\"elementor-column elementor-col-100 elementor-top-column elementor-element elementor-element-6f7c89f\" data-id=\"6f7c89f\" data-element_type=\"column\" data-e-type=\"column\">\n\t\t\t<div class=\"elementor-widget-wrap\">\n\t\t\t\t\t\t\t<\/div>\n\t\t<\/div>\n\t\t\t\t\t<\/div>\n\t\t<\/section>\n\t\t\t\t<section class=\"elementor-section elementor-top-section elementor-element elementor-element-746c48b elementor-section-full_width elementor-section-height-default elementor-section-height-default\" data-id=\"746c48b\" data-element_type=\"section\" data-e-type=\"section\">\n\t\t\t\t\t\t<div class=\"elementor-container elementor-column-gap-no\">\n\t\t\t\t\t<div class=\"elementor-column elementor-col-100 elementor-top-column elementor-element elementor-element-65a39f9\" data-id=\"65a39f9\" data-element_type=\"column\" data-e-type=\"column\">\n\t\t\t<div class=\"elementor-widget-wrap elementor-element-populated\">\n\t\t\t\t\t\t<div class=\"elementor-element elementor-element-b09ca05 elementor--h-position-center elementor--v-position-middle elementor-arrows-position-inside elementor-pagination-position-inside elementor-widget elementor-widget-slides\" data-id=\"b09ca05\" data-element_type=\"widget\" data-e-type=\"widget\" data-settings=\"{&quot;navigation&quot;:&quot;both&quot;,&quot;autoplay&quot;:&quot;yes&quot;,&quot;pause_on_hover&quot;:&quot;yes&quot;,&quot;pause_on_interaction&quot;:&quot;yes&quot;,&quot;autoplay_speed&quot;:5000,&quot;infinite&quot;:&quot;yes&quot;,&quot;transition&quot;:&quot;slide&quot;,&quot;transition_speed&quot;:500}\" data-widget_type=\"slides.default\">\n\t\t\t\t<div class=\"elementor-widget-container\">\n\t\t\t\t\t\t\t\t\t<div class=\"elementor-swiper\">\n\t\t\t\t\t<div class=\"elementor-slides-wrapper elementor-main-swiper swiper\" role=\"region\" aria-roledescription=\"carousel\" aria-label=\"Slajdy\" dir=\"ltr\" data-animation=\"fadeInUp\">\n\t\t\t\t<div class=\"swiper-wrapper elementor-slides\">\n\t\t\t\t\t\t\t\t\t\t<div class=\"elementor-repeater-item-636acf8 swiper-slide\" role=\"group\" aria-roledescription=\"slide\"><div class=\"swiper-slide-bg\" role=\"img\" aria-label=\"gielda\"><\/div><div class=\"swiper-slide-inner\" ><div class=\"swiper-slide-contents\"><\/div><\/div><\/div>\t\t\t\t<\/div>\n\t\t\t\t\t\t\t<\/div>\n\t\t\t\t<\/div>\n\t\t\t\t\t\t\t\t<\/div>\n\t\t\t\t<\/div>\n\t\t\t\t\t<\/div>\n\t\t<\/div>\n\t\t\t\t\t<\/div>\n\t\t<\/section>\n\t\t\t\t<section class=\"elementor-section elementor-top-section elementor-element elementor-element-8c791aa elementor-section-boxed elementor-section-height-default elementor-section-height-default\" data-id=\"8c791aa\" data-element_type=\"section\" data-e-type=\"section\">\n\t\t\t\t\t\t<div class=\"elementor-container elementor-column-gap-default\">\n\t\t\t\t\t<div class=\"elementor-column elementor-col-100 elementor-top-column elementor-element elementor-element-8860e4f\" data-id=\"8860e4f\" data-element_type=\"column\" data-e-type=\"column\">\n\t\t\t<div class=\"elementor-widget-wrap elementor-element-populated\">\n\t\t\t\t\t\t<div class=\"elementor-element elementor-element-4e63ff9 elementor-widget elementor-widget-heading\" data-id=\"4e63ff9\" data-element_type=\"widget\" data-e-type=\"widget\" data-widget_type=\"heading.default\">\n\t\t\t\t<div class=\"elementor-widget-container\">\n\t\t\t\t\t<h2 class=\"elementor-heading-title elementor-size-default\">Raporty bie\u017c\u0105ce 2022<\/h2>\t\t\t\t<\/div>\n\t\t\t\t<\/div>\n\t\t\t\t\t<\/div>\n\t\t<\/div>\n\t\t\t\t\t<\/div>\n\t\t<\/section>\n\t\t\t\t<section class=\"elementor-section elementor-top-section elementor-element elementor-element-653fb57 elementor-section-boxed elementor-section-height-default elementor-section-height-default\" data-id=\"653fb57\" data-element_type=\"section\" data-e-type=\"section\">\n\t\t\t\t\t\t<div class=\"elementor-container elementor-column-gap-default\">\n\t\t\t\t\t<div class=\"elementor-column elementor-col-100 elementor-top-column elementor-element elementor-element-1a7ef22\" data-id=\"1a7ef22\" data-element_type=\"column\" data-e-type=\"column\">\n\t\t\t<div class=\"elementor-widget-wrap elementor-element-populated\">\n\t\t\t\t\t\t<div class=\"elementor-element elementor-element-d6d65ae elementor-grid-3 elementor-grid-tablet-2 elementor-grid-mobile-1 elementor-posts--thumbnail-top load-more-align-center elementor-widget elementor-widget-posts\" data-id=\"d6d65ae\" data-element_type=\"widget\" data-e-type=\"widget\" data-settings=\"{&quot;pagination_type&quot;:&quot;load_more_on_click&quot;,&quot;classic_columns&quot;:&quot;3&quot;,&quot;classic_columns_tablet&quot;:&quot;2&quot;,&quot;classic_columns_mobile&quot;:&quot;1&quot;,&quot;classic_row_gap&quot;:{&quot;unit&quot;:&quot;px&quot;,&quot;size&quot;:35,&quot;sizes&quot;:[]},&quot;classic_row_gap_tablet&quot;:{&quot;unit&quot;:&quot;px&quot;,&quot;size&quot;:&quot;&quot;,&quot;sizes&quot;:[]},&quot;classic_row_gap_mobile&quot;:{&quot;unit&quot;:&quot;px&quot;,&quot;size&quot;:&quot;&quot;,&quot;sizes&quot;:[]},&quot;load_more_spinner&quot;:{&quot;value&quot;:&quot;fas fa-spinner&quot;,&quot;library&quot;:&quot;fa-solid&quot;}}\" data-widget_type=\"posts.classic\">\n\t\t\t\t<div class=\"elementor-widget-container\">\n\t\t\t\t\t\t\t<div class=\"elementor-posts-container elementor-posts elementor-posts--skin-classic elementor-grid\" role=\"list\">\n\t\t\t\t<article class=\"elementor-post elementor-grid-item post-10813 post type-post status-publish format-standard hentry category-raporty-biezace-2022\" role=\"listitem\">\n\t\t\t\t<div class=\"elementor-post__text\">\n\t\t\t\t<h3 class=\"elementor-post__title\">\n\t\t\t<a href=\"https:\/\/zrembchojnice.pl\/index.php\/2023\/01\/21\/47-2022otrzymanie-zamowienia-na-wykonanie-kontenera\/\" >\n\t\t\t\t47\/2022\tOtrzymanie zam\u00f3wienia na wykonanie kontenera\t\t\t<\/a>\n\t\t<\/h3>\n\t\t\t\t<div class=\"elementor-post__meta-data\">\n\t\t\t\t\t<span class=\"elementor-post-date\">\n\t\t\t21 stycznia 2023\t\t<\/span>\n\t\t\t\t<\/div>\n\t\t\t\t<div class=\"elementor-post__excerpt\">\n\t\t\t<p>Zarz\u0105d Zak\u0142adu Budowy Maszyn &#8222;ZREMB-CHOJNICE&#8221; S.A. z siedzib\u0105 w Chojnicach _&#8221;Emitent&#8221;, &#8222;Sp\u00f3\u0142ka&#8221;_, informuje, \u017ce w dniu 29.12.2022 r. otrzyma\u0142 zam\u00f3wienie od podmiotu dzia\u0142aj\u0105cego w bran\u017cy elektrycznej, \u015bwiadcz\u0105cego us\u0142ugi dla przemys\u0142u okr\u0119towego i budownictwa l\u0105dowego, na zaprojektowanie, wykonanie oraz dokonanie wymaganych dopuszcze\u0144 <\/p>\n\t\t<\/div>\n\t\t\n\t\t<a class=\"elementor-post__read-more\" href=\"https:\/\/zrembchojnice.pl\/index.php\/2023\/01\/21\/47-2022otrzymanie-zamowienia-na-wykonanie-kontenera\/\" aria-label=\"Read more about 47\/2022\tOtrzymanie zam\u00f3wienia na wykonanie kontenera\" tabindex=\"-1\" >\n\t\t\tCzytaj wi\u0119cej \u00bb\t\t<\/a>\n\n\t\t\t\t<\/div>\n\t\t\t\t<\/article>\n\t\t\t\t<article class=\"elementor-post elementor-grid-item post-10809 post type-post status-publish format-standard hentry category-raporty-biezace-2022\" role=\"listitem\">\n\t\t\t\t<div class=\"elementor-post__text\">\n\t\t\t\t<h3 class=\"elementor-post__title\">\n\t\t\t<a href=\"https:\/\/zrembchojnice.pl\/index.php\/2023\/01\/21\/46-2022dopuszczenie-i-wprowadzenie-do-obrotu-na-rynku-regulowanym-akcji-serii-h-akcji-serii-i-oraz-akcji-serii-i1\/\" >\n\t\t\t\t46\/2022\tDopuszczenie i wprowadzenie do obrotu na rynku regulowanym akcji serii H, akcji serii I oraz akcji serii I1\t\t\t<\/a>\n\t\t<\/h3>\n\t\t\t\t<div class=\"elementor-post__meta-data\">\n\t\t\t\t\t<span class=\"elementor-post-date\">\n\t\t\t21 stycznia 2023\t\t<\/span>\n\t\t\t\t<\/div>\n\t\t\t\t<div class=\"elementor-post__excerpt\">\n\t\t\t<p>Zarz\u0105d sp\u00f3\u0142ki ZAK\u0141AD BUDOWY MASZYN &#8222;ZREMB &#8211; CHOJNICE&#8221; S.A. _&#8221;Sp\u00f3\u0142ka&#8221; lub &#8222;Emitent&#8221;_, informuje, \u017ce w dniu 16 grudnia 2022 r. Sp\u00f3\u0142ka powzi\u0119\u0142a informacj\u0119 o podj\u0119ciu przez Zarz\u0105d Gie\u0142dy Papier\u00f3w Warto\u015bciowych w Warszawie S.A. _&#8221;GPW&#8221;_ uchwa\u0142y Nr 1189\/2022 z dnia 15 grudnia 2022 r., <\/p>\n\t\t<\/div>\n\t\t\n\t\t<a class=\"elementor-post__read-more\" href=\"https:\/\/zrembchojnice.pl\/index.php\/2023\/01\/21\/46-2022dopuszczenie-i-wprowadzenie-do-obrotu-na-rynku-regulowanym-akcji-serii-h-akcji-serii-i-oraz-akcji-serii-i1\/\" aria-label=\"Read more about 46\/2022\tDopuszczenie i wprowadzenie do obrotu na rynku regulowanym akcji serii H, akcji serii I oraz akcji serii I1\" tabindex=\"-1\" >\n\t\t\tCzytaj wi\u0119cej \u00bb\t\t<\/a>\n\n\t\t\t\t<\/div>\n\t\t\t\t<\/article>\n\t\t\t\t<article class=\"elementor-post elementor-grid-item post-10805 post type-post status-publish format-standard hentry category-raporty-biezace-2022\" role=\"listitem\">\n\t\t\t\t<div class=\"elementor-post__text\">\n\t\t\t\t<h3 class=\"elementor-post__title\">\n\t\t\t<a href=\"https:\/\/zrembchojnice.pl\/index.php\/2023\/01\/21\/45-2022-ustanowienie-hipoteki\/\" >\n\t\t\t\t45\/2022 Ustanowienie hipoteki\t\t\t<\/a>\n\t\t<\/h3>\n\t\t\t\t<div class=\"elementor-post__meta-data\">\n\t\t\t\t\t<span class=\"elementor-post-date\">\n\t\t\t21 stycznia 2023\t\t<\/span>\n\t\t\t\t<\/div>\n\t\t\t\t<div class=\"elementor-post__excerpt\">\n\t\t\t<p>Zarz\u0105d Zak\u0142adu Budowy Maszyn &#8222;ZREMB-CHOJNICE&#8221; S.A. z siedzib\u0105 w Chojnicach _&#8221;Emitent&#8221;, &#8222;Sp\u00f3\u0142ka&#8221;_ w nawi\u0105zaniu do raportu 35\/2022 z dnia 13 pa\u017adziernika 2022 r. w sprawie podpisania umowy o wsp\u00f3\u0142pracy i partnerstwie strategicznym _zwanym dalej &#8222;Umow\u0105&#8221;_ ze sp\u00f3\u0142k\u0105 dzia\u0142aj\u0105c\u0105 na rynku dostaw stali _&#8221;Dostawc\u0105&#8221;_, informuje, i\u017c w dniu 7 grudnia 2022 r.<\/p>\n\t\t<\/div>\n\t\t\n\t\t<a class=\"elementor-post__read-more\" href=\"https:\/\/zrembchojnice.pl\/index.php\/2023\/01\/21\/45-2022-ustanowienie-hipoteki\/\" aria-label=\"Read more about 45\/2022 Ustanowienie hipoteki\" tabindex=\"-1\" >\n\t\t\tCzytaj wi\u0119cej \u00bb\t\t<\/a>\n\n\t\t\t\t<\/div>\n\t\t\t\t<\/article>\n\t\t\t\t<article class=\"elementor-post elementor-grid-item post-10695 post type-post status-publish format-standard hentry category-raporty-biezace-2022\" role=\"listitem\">\n\t\t\t\t<div class=\"elementor-post__text\">\n\t\t\t\t<h3 class=\"elementor-post__title\">\n\t\t\t<a href=\"https:\/\/zrembchojnice.pl\/index.php\/2022\/11\/22\/44-2022-otrzymanie-zamowien-na-wykonanie-kontenerow\/\" >\n\t\t\t\t44\/2022 Otrzymanie zam\u00f3wie\u0144 na wykonanie kontener\u00f3w\t\t\t<\/a>\n\t\t<\/h3>\n\t\t\t\t<div class=\"elementor-post__meta-data\">\n\t\t\t\t\t<span class=\"elementor-post-date\">\n\t\t\t22 listopada 2022\t\t<\/span>\n\t\t\t\t<\/div>\n\t\t\t\t<div class=\"elementor-post__excerpt\">\n\t\t\t<p>Zarz\u0105d Zak\u0142adu Budowy Maszyn &#8222;ZREMB-CHOJNICE&#8221; S.A. z siedzib\u0105 w Chojnicach _&#8221;Emitent&#8221;, &#8222;Sp\u00f3\u0142ka&#8221;_, w nawi\u0105zaniu do raportu bie\u017c\u0105cego nr 33\/2022 z dnia 28 wrze\u015bnia 2022 r. oraz raportu bie\u017c\u0105cego nr 41\/2022 z dnia 02 listopada 2022 r , informuje, \u017ce w dniu 17 listopada 2022 r. otrzyma\u0142 kolejne zam\u00f3wienie na wykonanie kontener\u00f3w z przeznaczeniem dla si\u0142 zbrojnych Kr\u00f3lestwa Szwecji, na \u0142\u0105czn\u0105 warto\u015b\u0107 607 866,00 z\u0142<\/p>\n\t\t<\/div>\n\t\t\n\t\t<a class=\"elementor-post__read-more\" href=\"https:\/\/zrembchojnice.pl\/index.php\/2022\/11\/22\/44-2022-otrzymanie-zamowien-na-wykonanie-kontenerow\/\" aria-label=\"Read more about 44\/2022 Otrzymanie zam\u00f3wie\u0144 na wykonanie kontener\u00f3w\" tabindex=\"-1\" >\n\t\t\tCzytaj wi\u0119cej \u00bb\t\t<\/a>\n\n\t\t\t\t<\/div>\n\t\t\t\t<\/article>\n\t\t\t\t<article class=\"elementor-post elementor-grid-item post-10689 post type-post status-publish format-standard hentry category-raporty-biezace-2022\" role=\"listitem\">\n\t\t\t\t<div class=\"elementor-post__text\">\n\t\t\t\t<h3 class=\"elementor-post__title\">\n\t\t\t<a href=\"https:\/\/zrembchojnice.pl\/index.php\/2022\/11\/22\/43-2022-szacunkowe-wybrane-dane-finansowe-zbm-zremb-chojnices-a-za-iii-kwartal-2022-roku\/\" >\n\t\t\t\t43\/2022 Szacunkowe wybrane dane finansowe ZBM &#8222;ZREMB-CHOJNICE&#8221;S.A. za III kwarta\u0142 2022 roku.\t\t\t<\/a>\n\t\t<\/h3>\n\t\t\t\t<div class=\"elementor-post__meta-data\">\n\t\t\t\t\t<span class=\"elementor-post-date\">\n\t\t\t22 listopada 2022\t\t<\/span>\n\t\t\t\t<\/div>\n\t\t\t\t<div class=\"elementor-post__excerpt\">\n\t\t\t<p>Zarz\u0105d Zak\u0142adu Budowy Maszyn &#8222;ZREMB-CHOJNICE&#8221; S.A. _&#8221;Sp\u00f3\u0142ka&#8221;, &#8222;Emitent&#8221;_, w zwi\u0105zku z powzi\u0119ciem w dniu dzisiejszym, tj. 14 listopada 2022 roku informacji o warto\u015bciach szacunkowych wybranych jednostkowych danych finansowych za III kwarta\u0142 2022 roku, niniejszym przekazuje <\/p>\n\t\t<\/div>\n\t\t\n\t\t<a class=\"elementor-post__read-more\" href=\"https:\/\/zrembchojnice.pl\/index.php\/2022\/11\/22\/43-2022-szacunkowe-wybrane-dane-finansowe-zbm-zremb-chojnices-a-za-iii-kwartal-2022-roku\/\" aria-label=\"Read more about 43\/2022 Szacunkowe wybrane dane finansowe ZBM &#8222;ZREMB-CHOJNICE&#8221;S.A. za III kwarta\u0142 2022 roku.\" tabindex=\"-1\" >\n\t\t\tCzytaj wi\u0119cej \u00bb\t\t<\/a>\n\n\t\t\t\t<\/div>\n\t\t\t\t<\/article>\n\t\t\t\t<article class=\"elementor-post elementor-grid-item post-10682 post type-post status-publish format-standard hentry category-raporty-biezace-2022\" role=\"listitem\">\n\t\t\t\t<div class=\"elementor-post__text\">\n\t\t\t\t<h3 class=\"elementor-post__title\">\n\t\t\t<a href=\"https:\/\/zrembchojnice.pl\/index.php\/2022\/11\/22\/42-2022-otrzymanie-zamowien-na-wykonanie-specjalistycznych-kontenerow\/\" >\n\t\t\t\t42\/2022 Otrzymanie zam\u00f3wie\u0144 na wykonanie specjalistycznych kontener\u00f3w\t\t\t<\/a>\n\t\t<\/h3>\n\t\t\t\t<div class=\"elementor-post__meta-data\">\n\t\t\t\t\t<span class=\"elementor-post-date\">\n\t\t\t22 listopada 2022\t\t<\/span>\n\t\t\t\t<\/div>\n\t\t\t\t<div class=\"elementor-post__excerpt\">\n\t\t\t<p>Zarz\u0105d Zak\u0142adu Budowy Maszyn &#8222;ZREMB-CHOJNICE&#8221; S.A. z siedzib\u0105 w Chojnicach _&#8221;Emitent&#8221;, &#8222;Sp\u00f3\u0142ka&#8221;_. informuje, \u017ce w dniu dzisiejszym tj. w dniu 10 listopada 2022 r. Sp\u00f3\u0142ka otrzyma\u0142a od podmiotu dzia\u0142aj\u0105cego na rynku niemieckim _&#8221;Zamawiaj\u0105cy&#8221;_ zam\u00f3wienie na prototyp tzw. kontenera telekomunikacyjnego pracuj\u0105cego w <\/p>\n\t\t<\/div>\n\t\t\n\t\t<a class=\"elementor-post__read-more\" href=\"https:\/\/zrembchojnice.pl\/index.php\/2022\/11\/22\/42-2022-otrzymanie-zamowien-na-wykonanie-specjalistycznych-kontenerow\/\" aria-label=\"Read more about 42\/2022 Otrzymanie zam\u00f3wie\u0144 na wykonanie specjalistycznych kontener\u00f3w\" tabindex=\"-1\" >\n\t\t\tCzytaj wi\u0119cej \u00bb\t\t<\/a>\n\n\t\t\t\t<\/div>\n\t\t\t\t<\/article>\n\t\t\t\t<\/div>\n\t\t\t\t\t<span class=\"e-load-more-spinner\">\n\t\t\t\t<i aria-hidden=\"true\" class=\"fas fa-spinner\"><\/i>\t\t\t<\/span>\n\t\t\n\t\t\t\t<div class=\"e-load-more-anchor\" data-page=\"1\" data-max-page=\"8\" data-next-page=\"https:\/\/zrembchojnice.pl\/index.php\/wp-json\/wp\/v2\/pages\/10830\/page\/2\/\"><\/div>\n\t\t\t\t<div class=\"elementor-button-wrapper\">\n\t\t\t<a class=\"elementor-button elementor-size-sm\" role=\"button\">\n\t\t\t\t\t\t<span class=\"elementor-button-content-wrapper\">\n\t\t\t\t\t\t\t\t\t<span class=\"elementor-button-text\">Wczytaj wi\u0119cej<\/span>\n\t\t\t\t\t<\/span>\n\t\t\t\t\t<\/a>\n\t\t<\/div>\n\t\t\t\t<div class=\"e-load-more-message\">Koniec strony<\/div>\n\t\t\t\t\t\t<\/div>\n\t\t\t\t<\/div>\n\t\t\t\t\t<\/div>\n\t\t<\/div>\n\t\t\t\t\t<\/div>\n\t\t<\/section>\n\t\t\t\t<\/div>\n\t\t","protected":false},"excerpt":{"rendered":"<p>Raporty bie\u017c\u0105ce 2022<\/p>\n","protected":false},"author":1,"featured_media":0,"parent":4648,"menu_order":0,"comment_status":"closed","ping_status":"closed","template":"","meta":{"footnotes":""},"class_list":["post-10830","page","type-page","status-publish","hentry"],"_links":{"self":[{"href":"https:\/\/zrembchojnice.pl\/index.php\/wp-json\/wp\/v2\/pages\/10830","targetHints":{"allow":["GET"]}}],"collection":[{"href":"https:\/\/zrembchojnice.pl\/index.php\/wp-json\/wp\/v2\/pages"}],"about":[{"href":"https:\/\/zrembchojnice.pl\/index.php\/wp-json\/wp\/v2\/types\/page"}],"author":[{"embeddable":true,"href":"https:\/\/zrembchojnice.pl\/index.php\/wp-json\/wp\/v2\/users\/1"}],"replies":[{"embeddable":true,"href":"https:\/\/zrembchojnice.pl\/index.php\/wp-json\/wp\/v2\/comments?post=10830"}],"version-history":[{"count":1,"href":"https:\/\/zrembchojnice.pl\/index.php\/wp-json\/wp\/v2\/pages\/10830\/revisions"}],"predecessor-version":[{"id":10839,"href":"https:\/\/zrembchojnice.pl\/index.php\/wp-json\/wp\/v2\/pages\/10830\/revisions\/10839"}],"up":[{"embeddable":true,"href":"https:\/\/zrembchojnice.pl\/index.php\/wp-json\/wp\/v2\/pages\/4648"}],"wp:attachment":[{"href":"https:\/\/zrembchojnice.pl\/index.php\/wp-json\/wp\/v2\/media?parent=10830"}],"curies":[{"name":"wp","href":"https:\/\/api.w.org\/{rel}","templated":true}]}}