{"id":10412,"date":"2022-05-26T10:51:19","date_gmt":"2022-05-26T08:51:19","guid":{"rendered":"https:\/\/zrembchojnice.pl\/?page_id=10412"},"modified":"2022-05-26T10:53:38","modified_gmt":"2022-05-26T08:53:38","slug":"raporty-biezace-2018","status":"publish","type":"page","link":"https:\/\/zrembchojnice.pl\/index.php\/relacje-inwestorskie\/raporty-biezace-2018\/","title":{"rendered":"Raporty bie\u017c\u0105ce 2018"},"content":{"rendered":"\t\t<div data-elementor-type=\"wp-page\" data-elementor-id=\"10412\" class=\"elementor elementor-10412\" data-elementor-post-type=\"page\">\n\t\t\t\t\t\t<section class=\"elementor-section elementor-top-section elementor-element elementor-element-d659589 elementor-section-boxed elementor-section-height-default elementor-section-height-default\" data-id=\"d659589\" data-element_type=\"section\" data-e-type=\"section\">\n\t\t\t\t\t\t<div class=\"elementor-container elementor-column-gap-default\">\n\t\t\t\t\t<div class=\"elementor-column elementor-col-100 elementor-top-column elementor-element elementor-element-6f7c89f\" data-id=\"6f7c89f\" data-element_type=\"column\" data-e-type=\"column\">\n\t\t\t<div class=\"elementor-widget-wrap\">\n\t\t\t\t\t\t\t<\/div>\n\t\t<\/div>\n\t\t\t\t\t<\/div>\n\t\t<\/section>\n\t\t\t\t<section class=\"elementor-section elementor-top-section elementor-element elementor-element-746c48b elementor-section-full_width elementor-section-height-default elementor-section-height-default\" data-id=\"746c48b\" data-element_type=\"section\" data-e-type=\"section\">\n\t\t\t\t\t\t<div class=\"elementor-container elementor-column-gap-no\">\n\t\t\t\t\t<div class=\"elementor-column elementor-col-100 elementor-top-column elementor-element elementor-element-65a39f9\" data-id=\"65a39f9\" data-element_type=\"column\" data-e-type=\"column\">\n\t\t\t<div class=\"elementor-widget-wrap elementor-element-populated\">\n\t\t\t\t\t\t<div class=\"elementor-element elementor-element-b09ca05 elementor--h-position-center elementor--v-position-middle elementor-arrows-position-inside elementor-pagination-position-inside elementor-widget elementor-widget-slides\" data-id=\"b09ca05\" data-element_type=\"widget\" data-e-type=\"widget\" data-settings=\"{&quot;navigation&quot;:&quot;both&quot;,&quot;autoplay&quot;:&quot;yes&quot;,&quot;pause_on_hover&quot;:&quot;yes&quot;,&quot;pause_on_interaction&quot;:&quot;yes&quot;,&quot;autoplay_speed&quot;:5000,&quot;infinite&quot;:&quot;yes&quot;,&quot;transition&quot;:&quot;slide&quot;,&quot;transition_speed&quot;:500}\" data-widget_type=\"slides.default\">\n\t\t\t\t<div class=\"elementor-widget-container\">\n\t\t\t\t\t\t\t\t\t<div class=\"elementor-swiper\">\n\t\t\t\t\t<div class=\"elementor-slides-wrapper elementor-main-swiper swiper\" role=\"region\" aria-roledescription=\"carousel\" aria-label=\"Slajdy\" dir=\"ltr\" data-animation=\"fadeInUp\">\n\t\t\t\t<div class=\"swiper-wrapper elementor-slides\">\n\t\t\t\t\t\t\t\t\t\t<div class=\"elementor-repeater-item-636acf8 swiper-slide\" role=\"group\" aria-roledescription=\"slide\"><div class=\"swiper-slide-bg\" role=\"img\" aria-label=\"gielda\"><\/div><div class=\"swiper-slide-inner\" ><div class=\"swiper-slide-contents\"><\/div><\/div><\/div>\t\t\t\t<\/div>\n\t\t\t\t\t\t\t<\/div>\n\t\t\t\t<\/div>\n\t\t\t\t\t\t\t\t<\/div>\n\t\t\t\t<\/div>\n\t\t\t\t\t<\/div>\n\t\t<\/div>\n\t\t\t\t\t<\/div>\n\t\t<\/section>\n\t\t\t\t<section class=\"elementor-section elementor-top-section elementor-element elementor-element-8c791aa elementor-section-boxed elementor-section-height-default elementor-section-height-default\" data-id=\"8c791aa\" data-element_type=\"section\" data-e-type=\"section\">\n\t\t\t\t\t\t<div class=\"elementor-container elementor-column-gap-default\">\n\t\t\t\t\t<div class=\"elementor-column elementor-col-100 elementor-top-column elementor-element elementor-element-8860e4f\" data-id=\"8860e4f\" data-element_type=\"column\" data-e-type=\"column\">\n\t\t\t<div class=\"elementor-widget-wrap elementor-element-populated\">\n\t\t\t\t\t\t<div class=\"elementor-element elementor-element-4e63ff9 elementor-widget elementor-widget-heading\" data-id=\"4e63ff9\" data-element_type=\"widget\" data-e-type=\"widget\" data-widget_type=\"heading.default\">\n\t\t\t\t<div class=\"elementor-widget-container\">\n\t\t\t\t\t<h2 class=\"elementor-heading-title elementor-size-default\">Raporty bie\u017c\u0105ce 2018<\/h2>\t\t\t\t<\/div>\n\t\t\t\t<\/div>\n\t\t\t\t\t<\/div>\n\t\t<\/div>\n\t\t\t\t\t<\/div>\n\t\t<\/section>\n\t\t\t\t<section class=\"elementor-section elementor-top-section elementor-element elementor-element-653fb57 elementor-section-boxed elementor-section-height-default elementor-section-height-default\" data-id=\"653fb57\" data-element_type=\"section\" data-e-type=\"section\">\n\t\t\t\t\t\t<div class=\"elementor-container elementor-column-gap-default\">\n\t\t\t\t\t<div class=\"elementor-column elementor-col-100 elementor-top-column elementor-element elementor-element-1a7ef22\" data-id=\"1a7ef22\" data-element_type=\"column\" data-e-type=\"column\">\n\t\t\t<div class=\"elementor-widget-wrap elementor-element-populated\">\n\t\t\t\t\t\t<div class=\"elementor-element elementor-element-cc531c6 elementor-grid-3 elementor-grid-tablet-2 elementor-grid-mobile-1 elementor-posts--thumbnail-top load-more-align-center elementor-widget elementor-widget-posts\" data-id=\"cc531c6\" data-element_type=\"widget\" data-e-type=\"widget\" data-settings=\"{&quot;pagination_type&quot;:&quot;load_more_on_click&quot;,&quot;classic_columns&quot;:&quot;3&quot;,&quot;classic_columns_tablet&quot;:&quot;2&quot;,&quot;classic_columns_mobile&quot;:&quot;1&quot;,&quot;classic_row_gap&quot;:{&quot;unit&quot;:&quot;px&quot;,&quot;size&quot;:35,&quot;sizes&quot;:[]},&quot;classic_row_gap_tablet&quot;:{&quot;unit&quot;:&quot;px&quot;,&quot;size&quot;:&quot;&quot;,&quot;sizes&quot;:[]},&quot;classic_row_gap_mobile&quot;:{&quot;unit&quot;:&quot;px&quot;,&quot;size&quot;:&quot;&quot;,&quot;sizes&quot;:[]},&quot;load_more_spinner&quot;:{&quot;value&quot;:&quot;fas fa-spinner&quot;,&quot;library&quot;:&quot;fa-solid&quot;}}\" data-widget_type=\"posts.classic\">\n\t\t\t\t<div class=\"elementor-widget-container\">\n\t\t\t\t\t\t\t<div class=\"elementor-posts-container elementor-posts elementor-posts--skin-classic elementor-grid\" role=\"list\">\n\t\t\t\t<article class=\"elementor-post elementor-grid-item post-3173 post type-post status-publish format-standard hentry category-raporty-biezace-2018\" role=\"listitem\">\n\t\t\t\t<div class=\"elementor-post__text\">\n\t\t\t\t<h3 class=\"elementor-post__title\">\n\t\t\t<a href=\"https:\/\/zrembchojnice.pl\/index.php\/2019\/08\/01\/38-2018-zawarcie-aneksu-do-umowy-kredytowej\/\" >\n\t\t\t\t38\/2018 Zawarcie aneksu do umowy kredytowej.\t\t\t<\/a>\n\t\t<\/h3>\n\t\t\t\t<div class=\"elementor-post__meta-data\">\n\t\t\t\t\t<span class=\"elementor-post-date\">\n\t\t\t1 sierpnia 2019\t\t<\/span>\n\t\t\t\t<\/div>\n\t\t\t\t<div class=\"elementor-post__excerpt\">\n\t\t\t<p>Podstawa prawna&nbsp;&nbsp;&nbsp;&nbsp;&nbsp;&nbsp;&nbsp;&nbsp; Art. 17 ust. 1 MAR &#8211; informacje poufne.&nbsp; Raport bie\u017c\u0105cy nr 38 \/ 2018&nbsp; Zarz\u0105d Zak\u0142adu Budowy Maszyn &#8222;ZREMB-CHOJNICE&#8221; S.A.(&#8222;Sp\u00f3\u0142ka&#8221;) w nawi\u0105zaniu do<\/p>\n\t\t<\/div>\n\t\t\n\t\t<a class=\"elementor-post__read-more\" href=\"https:\/\/zrembchojnice.pl\/index.php\/2019\/08\/01\/38-2018-zawarcie-aneksu-do-umowy-kredytowej\/\" aria-label=\"Read more about 38\/2018 Zawarcie aneksu do umowy kredytowej.\" tabindex=\"-1\" >\n\t\t\tCzytaj wi\u0119cej \u00bb\t\t<\/a>\n\n\t\t\t\t<\/div>\n\t\t\t\t<\/article>\n\t\t\t\t<article class=\"elementor-post elementor-grid-item post-3179 post type-post status-publish format-standard hentry category-raporty-biezace-2018\" role=\"listitem\">\n\t\t\t\t<div class=\"elementor-post__text\">\n\t\t\t\t<h3 class=\"elementor-post__title\">\n\t\t\t<a href=\"https:\/\/zrembchojnice.pl\/index.php\/2019\/08\/01\/37-2018-zatwierdzenie-przez-sad-ukladu-przyjetego-przez-zgromadzenie-wierzycieli\/\" >\n\t\t\t\t37\/2018 Zatwierdzenie przez S\u0105d uk\u0142adu przyj\u0119tego przez Zgromadzenie Wierzycieli.\t\t\t<\/a>\n\t\t<\/h3>\n\t\t\t\t<div class=\"elementor-post__meta-data\">\n\t\t\t\t\t<span class=\"elementor-post-date\">\n\t\t\t1 sierpnia 2019\t\t<\/span>\n\t\t\t\t<\/div>\n\t\t\t\t<div class=\"elementor-post__excerpt\">\n\t\t\t<p>Podstawa prawna&nbsp;&nbsp;&nbsp;&nbsp;&nbsp;&nbsp;&nbsp;&nbsp; Art. 17 ust. 1 MAR &#8211; informacje poufne Raport bie\u017c\u0105cy nr 37 \/ 2018&nbsp; Zarz\u0105d Zak\u0142adu Budowy Maszyn &#8222;ZREMB-CHOJNICE&#8221; S.A. w restrukturyzacji (&#8222;Sp\u00f3\u0142ka&#8221;,&#8221;&#8221;Emitent&#8221;<\/p>\n\t\t<\/div>\n\t\t\n\t\t<a class=\"elementor-post__read-more\" href=\"https:\/\/zrembchojnice.pl\/index.php\/2019\/08\/01\/37-2018-zatwierdzenie-przez-sad-ukladu-przyjetego-przez-zgromadzenie-wierzycieli\/\" aria-label=\"Read more about 37\/2018 Zatwierdzenie przez S\u0105d uk\u0142adu przyj\u0119tego przez Zgromadzenie Wierzycieli.\" tabindex=\"-1\" >\n\t\t\tCzytaj wi\u0119cej \u00bb\t\t<\/a>\n\n\t\t\t\t<\/div>\n\t\t\t\t<\/article>\n\t\t\t\t<article class=\"elementor-post elementor-grid-item post-3185 post type-post status-publish format-standard hentry category-raporty-biezace-2018\" role=\"listitem\">\n\t\t\t\t<div class=\"elementor-post__text\">\n\t\t\t\t<h3 class=\"elementor-post__title\">\n\t\t\t<a href=\"https:\/\/zrembchojnice.pl\/index.php\/2019\/08\/01\/36-2018-szacunkowe-wybrane-jednostkowe-i-skonsolidowane-dane-finansowe-zremb-chojnice-s-a-w-restrukturyzacji-za-iii-kwartal-2018-r-36-2018\/\" >\n\t\t\t\t36\/2018 Szacunkowe wybrane jednostkowe i skonsolidowane dane finansowe ZREMB-CHOJNICE S.A.w restrukturyzacji za III kwarta\u0142 2018 r. 36\/2018\t\t\t<\/a>\n\t\t<\/h3>\n\t\t\t\t<div class=\"elementor-post__meta-data\">\n\t\t\t\t\t<span class=\"elementor-post-date\">\n\t\t\t1 sierpnia 2019\t\t<\/span>\n\t\t\t\t<\/div>\n\t\t\t\t<div class=\"elementor-post__excerpt\">\n\t\t\t<p>Podstawa prawna&nbsp;&nbsp;&nbsp;&nbsp;&nbsp;&nbsp;&nbsp; Art. 17 ust. 1 MAR &#8211; informacje poufne.&nbsp;&nbsp; Raport bie\u017c\u0105cy nr 36 \/ 2018&nbsp; &nbsp;&nbsp;&nbsp;&nbsp;&nbsp;&nbsp;&nbsp; Zarz\u0105d Zak\u0142adu Budowy Maszyn &#8222;ZREMB-CHOJNICE&#8221; S.A. w restrukturyzacji<\/p>\n\t\t<\/div>\n\t\t\n\t\t<a class=\"elementor-post__read-more\" href=\"https:\/\/zrembchojnice.pl\/index.php\/2019\/08\/01\/36-2018-szacunkowe-wybrane-jednostkowe-i-skonsolidowane-dane-finansowe-zremb-chojnice-s-a-w-restrukturyzacji-za-iii-kwartal-2018-r-36-2018\/\" aria-label=\"Read more about 36\/2018 Szacunkowe wybrane jednostkowe i skonsolidowane dane finansowe ZREMB-CHOJNICE S.A.w restrukturyzacji za III kwarta\u0142 2018 r. 36\/2018\" tabindex=\"-1\" >\n\t\t\tCzytaj wi\u0119cej \u00bb\t\t<\/a>\n\n\t\t\t\t<\/div>\n\t\t\t\t<\/article>\n\t\t\t\t<article class=\"elementor-post elementor-grid-item post-3191 post type-post status-publish format-standard hentry category-raporty-biezace-2018\" role=\"listitem\">\n\t\t\t\t<div class=\"elementor-post__text\">\n\t\t\t\t<h3 class=\"elementor-post__title\">\n\t\t\t<a href=\"https:\/\/zrembchojnice.pl\/index.php\/2019\/08\/01\/35-2018-informacja-o-przyjeciu-ukladu-na-zgromadzeniu-wierzycieli-zbmzremb-chojnice-s-a-w-restrukturyzacji\/\" >\n\t\t\t\t35\/2018 Informacja o przyj\u0119ciu uk\u0142adu na Zgromadzeniu Wierzycieli ZBM&#8221;ZREMB-CHOJNICE&#8221; S.A.w restrukturyzacji.\t\t\t<\/a>\n\t\t<\/h3>\n\t\t\t\t<div class=\"elementor-post__meta-data\">\n\t\t\t\t\t<span class=\"elementor-post-date\">\n\t\t\t1 sierpnia 2019\t\t<\/span>\n\t\t\t\t<\/div>\n\t\t\t\t<div class=\"elementor-post__excerpt\">\n\t\t\t<p>Podstawa prawna&nbsp;&nbsp;&nbsp;&nbsp;&nbsp;&nbsp;&nbsp;&nbsp; Art. 17 ust. 1 MAR &#8211; informacje poufne.&nbsp; Raport bie\u017c\u0105cy nr 35 \/ 2018&nbsp; Zarz\u0105d Zak\u0142adu Budowy Maszyn &#8222;ZREMB-CHOJNICE&#8221; S.A. w restrukturyzacji (&#8222;Sp\u00f3\u0142ka&#8221;),(&#8222;Emitent&#8221;)<\/p>\n\t\t<\/div>\n\t\t\n\t\t<a class=\"elementor-post__read-more\" href=\"https:\/\/zrembchojnice.pl\/index.php\/2019\/08\/01\/35-2018-informacja-o-przyjeciu-ukladu-na-zgromadzeniu-wierzycieli-zbmzremb-chojnice-s-a-w-restrukturyzacji\/\" aria-label=\"Read more about 35\/2018 Informacja o przyj\u0119ciu uk\u0142adu na Zgromadzeniu Wierzycieli ZBM&#8221;ZREMB-CHOJNICE&#8221; S.A.w restrukturyzacji.\" tabindex=\"-1\" >\n\t\t\tCzytaj wi\u0119cej \u00bb\t\t<\/a>\n\n\t\t\t\t<\/div>\n\t\t\t\t<\/article>\n\t\t\t\t<article class=\"elementor-post elementor-grid-item post-3197 post type-post status-publish format-standard hentry category-raporty-biezace-2018\" role=\"listitem\">\n\t\t\t\t<div class=\"elementor-post__text\">\n\t\t\t\t<h3 class=\"elementor-post__title\">\n\t\t\t<a href=\"https:\/\/zrembchojnice.pl\/index.php\/2019\/08\/01\/34-2018-otrzymanie-zamowienia-na-wykonanie-kontenerow\/\" >\n\t\t\t\t34\/2018 Otrzymanie zam\u00f3wienia na wykonanie kontener\u00f3w.\t\t\t<\/a>\n\t\t<\/h3>\n\t\t\t\t<div class=\"elementor-post__meta-data\">\n\t\t\t\t\t<span class=\"elementor-post-date\">\n\t\t\t1 sierpnia 2019\t\t<\/span>\n\t\t\t\t<\/div>\n\t\t\t\t<div class=\"elementor-post__excerpt\">\n\t\t\t<p>Podstawa prawna&nbsp;&nbsp;&nbsp;&nbsp;&nbsp;&nbsp;&nbsp;&nbsp; Art. 17 ust. 1 MAR &#8211; informacje poufne.&nbsp;&nbsp; &nbsp;Raport bie\u017c\u0105cy nr 34 \/ 2018&nbsp; &nbsp; &nbsp; &nbsp; Zarz\u0105d Zak\u0142adu Budowy Maszyn &#8222;ZREMB-CHOJNICE&#8221; S.A.<\/p>\n\t\t<\/div>\n\t\t\n\t\t<a class=\"elementor-post__read-more\" href=\"https:\/\/zrembchojnice.pl\/index.php\/2019\/08\/01\/34-2018-otrzymanie-zamowienia-na-wykonanie-kontenerow\/\" aria-label=\"Read more about 34\/2018 Otrzymanie zam\u00f3wienia na wykonanie kontener\u00f3w.\" tabindex=\"-1\" >\n\t\t\tCzytaj wi\u0119cej \u00bb\t\t<\/a>\n\n\t\t\t\t<\/div>\n\t\t\t\t<\/article>\n\t\t\t\t<article class=\"elementor-post elementor-grid-item post-3203 post type-post status-publish format-standard hentry category-raporty-biezace-2018\" role=\"listitem\">\n\t\t\t\t<div class=\"elementor-post__text\">\n\t\t\t\t<h3 class=\"elementor-post__title\">\n\t\t\t<a href=\"https:\/\/zrembchojnice.pl\/index.php\/2019\/08\/01\/33-2018-otrzymanie-zamowienia-na-wykonanie-scian-kontenerow\/\" >\n\t\t\t\t33\/2018 Otrzymanie zam\u00f3wienia na wykonanie \u015bcian kontener\u00f3w.\t\t\t<\/a>\n\t\t<\/h3>\n\t\t\t\t<div class=\"elementor-post__meta-data\">\n\t\t\t\t\t<span class=\"elementor-post-date\">\n\t\t\t1 sierpnia 2019\t\t<\/span>\n\t\t\t\t<\/div>\n\t\t\t\t<div class=\"elementor-post__excerpt\">\n\t\t\t<p>Podstawa prawna&nbsp;&nbsp;&nbsp;&nbsp;&nbsp;&nbsp;&nbsp;&nbsp; Art. 17 ust. 1 MAR &#8211; informacje poufne.&nbsp;&nbsp; Raport bie\u017c\u0105cy nr 33 \/ 2018&nbsp;&nbsp; &nbsp;&nbsp; Zarz\u0105d Zak\u0142adu Budowy Maszyn &#8222;ZREMB-CHOJNICE&#8221; S.A. w restrukturyzacji<\/p>\n\t\t<\/div>\n\t\t\n\t\t<a class=\"elementor-post__read-more\" href=\"https:\/\/zrembchojnice.pl\/index.php\/2019\/08\/01\/33-2018-otrzymanie-zamowienia-na-wykonanie-scian-kontenerow\/\" aria-label=\"Read more about 33\/2018 Otrzymanie zam\u00f3wienia na wykonanie \u015bcian kontener\u00f3w.\" tabindex=\"-1\" >\n\t\t\tCzytaj wi\u0119cej \u00bb\t\t<\/a>\n\n\t\t\t\t<\/div>\n\t\t\t\t<\/article>\n\t\t\t\t<article class=\"elementor-post elementor-grid-item post-3209 post type-post status-publish format-standard hentry category-raporty-biezace-2018\" role=\"listitem\">\n\t\t\t\t<div class=\"elementor-post__text\">\n\t\t\t\t<h3 class=\"elementor-post__title\">\n\t\t\t<a href=\"https:\/\/zrembchojnice.pl\/index.php\/2019\/08\/01\/32-2018-otrzymanie-zamowienia-na-wykonanie-kontenerow\/\" >\n\t\t\t\t32\/2018 Otrzymanie zam\u00f3wienia na wykonanie kontener\u00f3w.\t\t\t<\/a>\n\t\t<\/h3>\n\t\t\t\t<div class=\"elementor-post__meta-data\">\n\t\t\t\t\t<span class=\"elementor-post-date\">\n\t\t\t1 sierpnia 2019\t\t<\/span>\n\t\t\t\t<\/div>\n\t\t\t\t<div class=\"elementor-post__excerpt\">\n\t\t\t<p>Podstawa prawna Art. 17 ust. 1 MAR &#8211; informacje poufne.&nbsp; Raport bie\u017c\u0105cy nr 32 \/ 2018 Zarz\u0105d Zak\u0142adu Budowy Maszyn &#8222;ZREMB-CHOJNICE&#8221; S.A. w restrukturyzacji (&#8222;Emitent&#8221;),informuje,<\/p>\n\t\t<\/div>\n\t\t\n\t\t<a class=\"elementor-post__read-more\" href=\"https:\/\/zrembchojnice.pl\/index.php\/2019\/08\/01\/32-2018-otrzymanie-zamowienia-na-wykonanie-kontenerow\/\" aria-label=\"Read more about 32\/2018 Otrzymanie zam\u00f3wienia na wykonanie kontener\u00f3w.\" tabindex=\"-1\" >\n\t\t\tCzytaj wi\u0119cej \u00bb\t\t<\/a>\n\n\t\t\t\t<\/div>\n\t\t\t\t<\/article>\n\t\t\t\t<article class=\"elementor-post elementor-grid-item post-3215 post type-post status-publish format-standard hentry category-raporty-biezace-2018\" role=\"listitem\">\n\t\t\t\t<div class=\"elementor-post__text\">\n\t\t\t\t<h3 class=\"elementor-post__title\">\n\t\t\t<a href=\"https:\/\/zrembchojnice.pl\/index.php\/2019\/08\/01\/31-2018-ustalenie-tekstu-jednolitego-statutu-spolki\/\" >\n\t\t\t\t31\/2018 Ustalenie tekstu jednolitego Statutu Sp\u00f3\u0142ki.\t\t\t<\/a>\n\t\t<\/h3>\n\t\t\t\t<div class=\"elementor-post__meta-data\">\n\t\t\t\t\t<span class=\"elementor-post-date\">\n\t\t\t1 sierpnia 2019\t\t<\/span>\n\t\t\t\t<\/div>\n\t\t\t\t<div class=\"elementor-post__excerpt\">\n\t\t\t<p>Podstawa prawna&nbsp;&nbsp;&nbsp;&nbsp;&nbsp;&nbsp;&nbsp; Art. 56 ust. 1 pkt 2 Ustawy o ofercie &#8211; informacje bie\u017c\u0105ce i okresowe &nbsp; Raport bie\u017c\u0105cy nr 31 \/ 2018 Zarz\u0105d sp\u00f3\u0142ki<\/p>\n\t\t<\/div>\n\t\t\n\t\t<a class=\"elementor-post__read-more\" href=\"https:\/\/zrembchojnice.pl\/index.php\/2019\/08\/01\/31-2018-ustalenie-tekstu-jednolitego-statutu-spolki\/\" aria-label=\"Read more about 31\/2018 Ustalenie tekstu jednolitego Statutu Sp\u00f3\u0142ki.\" tabindex=\"-1\" >\n\t\t\tCzytaj wi\u0119cej \u00bb\t\t<\/a>\n\n\t\t\t\t<\/div>\n\t\t\t\t<\/article>\n\t\t\t\t<article class=\"elementor-post elementor-grid-item post-3221 post type-post status-publish format-standard hentry category-raporty-biezace-2018\" role=\"listitem\">\n\t\t\t\t<div class=\"elementor-post__text\">\n\t\t\t\t<h3 class=\"elementor-post__title\">\n\t\t\t<a href=\"https:\/\/zrembchojnice.pl\/index.php\/2019\/08\/01\/30-2018-zmiany-w-skladzie-komitetu-audytu\/\" >\n\t\t\t\t30\/2018 Zmiany w sk\u0142adzie Komitetu Audytu.\t\t\t<\/a>\n\t\t<\/h3>\n\t\t\t\t<div class=\"elementor-post__meta-data\">\n\t\t\t\t\t<span class=\"elementor-post-date\">\n\t\t\t1 sierpnia 2019\t\t<\/span>\n\t\t\t\t<\/div>\n\t\t\t\t<div class=\"elementor-post__excerpt\">\n\t\t\t<p>Podstawa prawna&nbsp;&nbsp;&nbsp;&nbsp;&nbsp;&nbsp;&nbsp;&nbsp; Art. 56 ust. 1 pkt 2 Ustawy o ofercie &#8211; informacje bie\u017c\u0105ce i okresowe Raport bie\u017c\u0105cy nr 30 \/ 2018&nbsp;&nbsp; Zarz\u0105d sp\u00f3\u0142ki ZBM<\/p>\n\t\t<\/div>\n\t\t\n\t\t<a class=\"elementor-post__read-more\" href=\"https:\/\/zrembchojnice.pl\/index.php\/2019\/08\/01\/30-2018-zmiany-w-skladzie-komitetu-audytu\/\" aria-label=\"Read more about 30\/2018 Zmiany w sk\u0142adzie Komitetu Audytu.\" tabindex=\"-1\" >\n\t\t\tCzytaj wi\u0119cej \u00bb\t\t<\/a>\n\n\t\t\t\t<\/div>\n\t\t\t\t<\/article>\n\t\t\t\t<article class=\"elementor-post elementor-grid-item post-3227 post type-post status-publish format-standard hentry category-raporty-biezace-2018\" role=\"listitem\">\n\t\t\t\t<div class=\"elementor-post__text\">\n\t\t\t\t<h3 class=\"elementor-post__title\">\n\t\t\t<a href=\"https:\/\/zrembchojnice.pl\/index.php\/2019\/08\/01\/29-2018-zmiany-w-skladzie-rady-nadzorczej\/\" >\n\t\t\t\t29\/2018 Zmiany w sk\u0142adzie Rady Nadzorczej.\t\t\t<\/a>\n\t\t<\/h3>\n\t\t\t\t<div class=\"elementor-post__meta-data\">\n\t\t\t\t\t<span class=\"elementor-post-date\">\n\t\t\t1 sierpnia 2019\t\t<\/span>\n\t\t\t\t<\/div>\n\t\t\t\t<div class=\"elementor-post__excerpt\">\n\t\t\t<p>Podstawa prawna&nbsp;&nbsp;&nbsp;&nbsp;&nbsp;&nbsp;&nbsp; Art. 56 ust. 1 pkt 2 Ustawy o ofercie &#8211; informacje bie\u017c\u0105ce i okresowe &nbsp; Raport bie\u017c\u0105cy nr 29 \/ 2018&nbsp;&nbsp;&nbsp;&nbsp;&nbsp;&nbsp;&nbsp;&nbsp; Zarz\u0105d sp\u00f3\u0142ki<\/p>\n\t\t<\/div>\n\t\t\n\t\t<a class=\"elementor-post__read-more\" href=\"https:\/\/zrembchojnice.pl\/index.php\/2019\/08\/01\/29-2018-zmiany-w-skladzie-rady-nadzorczej\/\" aria-label=\"Read more about 29\/2018 Zmiany w sk\u0142adzie Rady Nadzorczej.\" tabindex=\"-1\" >\n\t\t\tCzytaj wi\u0119cej \u00bb\t\t<\/a>\n\n\t\t\t\t<\/div>\n\t\t\t\t<\/article>\n\t\t\t\t<\/div>\n\t\t\t\t\t<span class=\"e-load-more-spinner\">\n\t\t\t\t<i aria-hidden=\"true\" class=\"fas fa-spinner\"><\/i>\t\t\t<\/span>\n\t\t\n\t\t\t\t\t\t<\/div>\n\t\t\t\t<\/div>\n\t\t\t\t\t<\/div>\n\t\t<\/div>\n\t\t\t\t\t<\/div>\n\t\t<\/section>\n\t\t\t\t<\/div>\n\t\t","protected":false},"excerpt":{"rendered":"<p>Raporty bie\u017c\u0105ce 2018<\/p>\n","protected":false},"author":1,"featured_media":0,"parent":4648,"menu_order":0,"comment_status":"closed","ping_status":"closed","template":"","meta":{"footnotes":""},"class_list":["post-10412","page","type-page","status-publish","hentry"],"_links":{"self":[{"href":"https:\/\/zrembchojnice.pl\/index.php\/wp-json\/wp\/v2\/pages\/10412","targetHints":{"allow":["GET"]}}],"collection":[{"href":"https:\/\/zrembchojnice.pl\/index.php\/wp-json\/wp\/v2\/pages"}],"about":[{"href":"https:\/\/zrembchojnice.pl\/index.php\/wp-json\/wp\/v2\/types\/page"}],"author":[{"embeddable":true,"href":"https:\/\/zrembchojnice.pl\/index.php\/wp-json\/wp\/v2\/users\/1"}],"replies":[{"embeddable":true,"href":"https:\/\/zrembchojnice.pl\/index.php\/wp-json\/wp\/v2\/comments?post=10412"}],"version-history":[{"count":3,"href":"https:\/\/zrembchojnice.pl\/index.php\/wp-json\/wp\/v2\/pages\/10412\/revisions"}],"predecessor-version":[{"id":10415,"href":"https:\/\/zrembchojnice.pl\/index.php\/wp-json\/wp\/v2\/pages\/10412\/revisions\/10415"}],"up":[{"embeddable":true,"href":"https:\/\/zrembchojnice.pl\/index.php\/wp-json\/wp\/v2\/pages\/4648"}],"wp:attachment":[{"href":"https:\/\/zrembchojnice.pl\/index.php\/wp-json\/wp\/v2\/media?parent=10412"}],"curies":[{"name":"wp","href":"https:\/\/api.w.org\/{rel}","templated":true}]}}