{"id":10267,"date":"2022-05-15T20:20:31","date_gmt":"2022-05-15T18:20:31","guid":{"rendered":"https:\/\/zrembchojnice.pl\/?page_id=10267"},"modified":"2022-05-15T20:24:56","modified_gmt":"2022-05-15T18:24:56","slug":"raporty-okresowe-2018","status":"publish","type":"page","link":"https:\/\/zrembchojnice.pl\/index.php\/relacje-inwestorskie\/raporty-okresowe-2018\/","title":{"rendered":"Raporty okresowe 2018"},"content":{"rendered":"\t\t<div data-elementor-type=\"wp-page\" data-elementor-id=\"10267\" class=\"elementor elementor-10267\" data-elementor-post-type=\"page\">\n\t\t\t\t\t\t<section class=\"elementor-section elementor-top-section elementor-element elementor-element-d659589 elementor-section-boxed elementor-section-height-default elementor-section-height-default\" data-id=\"d659589\" data-element_type=\"section\" data-e-type=\"section\">\n\t\t\t\t\t\t<div class=\"elementor-container elementor-column-gap-default\">\n\t\t\t\t\t<div class=\"elementor-column elementor-col-100 elementor-top-column elementor-element elementor-element-6f7c89f\" data-id=\"6f7c89f\" data-element_type=\"column\" data-e-type=\"column\">\n\t\t\t<div class=\"elementor-widget-wrap\">\n\t\t\t\t\t\t\t<\/div>\n\t\t<\/div>\n\t\t\t\t\t<\/div>\n\t\t<\/section>\n\t\t\t\t<section class=\"elementor-section elementor-top-section elementor-element elementor-element-746c48b elementor-section-full_width elementor-section-height-default elementor-section-height-default\" data-id=\"746c48b\" data-element_type=\"section\" data-e-type=\"section\">\n\t\t\t\t\t\t<div class=\"elementor-container elementor-column-gap-no\">\n\t\t\t\t\t<div class=\"elementor-column elementor-col-100 elementor-top-column elementor-element elementor-element-65a39f9\" data-id=\"65a39f9\" data-element_type=\"column\" data-e-type=\"column\">\n\t\t\t<div class=\"elementor-widget-wrap elementor-element-populated\">\n\t\t\t\t\t\t<div class=\"elementor-element elementor-element-b09ca05 elementor--h-position-center elementor--v-position-middle elementor-arrows-position-inside elementor-pagination-position-inside elementor-widget elementor-widget-slides\" data-id=\"b09ca05\" data-element_type=\"widget\" data-e-type=\"widget\" data-settings=\"{&quot;navigation&quot;:&quot;both&quot;,&quot;autoplay&quot;:&quot;yes&quot;,&quot;pause_on_hover&quot;:&quot;yes&quot;,&quot;pause_on_interaction&quot;:&quot;yes&quot;,&quot;autoplay_speed&quot;:5000,&quot;infinite&quot;:&quot;yes&quot;,&quot;transition&quot;:&quot;slide&quot;,&quot;transition_speed&quot;:500}\" data-widget_type=\"slides.default\">\n\t\t\t\t<div class=\"elementor-widget-container\">\n\t\t\t\t\t\t\t\t\t<div class=\"elementor-swiper\">\n\t\t\t\t\t<div class=\"elementor-slides-wrapper elementor-main-swiper swiper\" role=\"region\" aria-roledescription=\"carousel\" aria-label=\"Slajdy\" dir=\"ltr\" data-animation=\"fadeInUp\">\n\t\t\t\t<div class=\"swiper-wrapper elementor-slides\">\n\t\t\t\t\t\t\t\t\t\t<div class=\"elementor-repeater-item-636acf8 swiper-slide\" role=\"group\" aria-roledescription=\"slide\"><div class=\"swiper-slide-bg\" role=\"img\" aria-label=\"gielda\"><\/div><div class=\"swiper-slide-inner\" ><div class=\"swiper-slide-contents\"><\/div><\/div><\/div>\t\t\t\t<\/div>\n\t\t\t\t\t\t\t<\/div>\n\t\t\t\t<\/div>\n\t\t\t\t\t\t\t\t<\/div>\n\t\t\t\t<\/div>\n\t\t\t\t\t<\/div>\n\t\t<\/div>\n\t\t\t\t\t<\/div>\n\t\t<\/section>\n\t\t\t\t<section class=\"elementor-section elementor-top-section elementor-element elementor-element-8c791aa elementor-section-boxed elementor-section-height-default elementor-section-height-default\" data-id=\"8c791aa\" data-element_type=\"section\" data-e-type=\"section\">\n\t\t\t\t\t\t<div class=\"elementor-container elementor-column-gap-default\">\n\t\t\t\t\t<div class=\"elementor-column elementor-col-100 elementor-top-column elementor-element elementor-element-8860e4f\" data-id=\"8860e4f\" data-element_type=\"column\" data-e-type=\"column\">\n\t\t\t<div class=\"elementor-widget-wrap elementor-element-populated\">\n\t\t\t\t\t\t<div class=\"elementor-element elementor-element-4e63ff9 elementor-widget elementor-widget-heading\" data-id=\"4e63ff9\" data-element_type=\"widget\" data-e-type=\"widget\" data-widget_type=\"heading.default\">\n\t\t\t\t<div class=\"elementor-widget-container\">\n\t\t\t\t\t<h2 class=\"elementor-heading-title elementor-size-default\">Raporty okresowe 2018<\/h2>\t\t\t\t<\/div>\n\t\t\t\t<\/div>\n\t\t\t\t\t<\/div>\n\t\t<\/div>\n\t\t\t\t\t<\/div>\n\t\t<\/section>\n\t\t\t\t<section class=\"elementor-section elementor-top-section elementor-element elementor-element-653fb57 elementor-section-boxed elementor-section-height-default elementor-section-height-default\" data-id=\"653fb57\" data-element_type=\"section\" data-e-type=\"section\">\n\t\t\t\t\t\t<div class=\"elementor-container elementor-column-gap-default\">\n\t\t\t\t\t<div class=\"elementor-column elementor-col-100 elementor-top-column elementor-element elementor-element-1a7ef22\" data-id=\"1a7ef22\" data-element_type=\"column\" data-e-type=\"column\">\n\t\t\t<div class=\"elementor-widget-wrap elementor-element-populated\">\n\t\t\t\t\t\t<div class=\"elementor-element elementor-element-cf5276a elementor-widget elementor-widget-wp-widget-download_attachments_list_widget\" data-id=\"cf5276a\" data-element_type=\"widget\" data-e-type=\"widget\" data-widget_type=\"wp-widget-download_attachments_list_widget.default\">\n\t\t\t\t<div class=\"elementor-widget-container\">\n\t\t\t\t\t<h5>Za\u0142\u0105czniki<\/h5><div class=\"download-attachments\">\r\n\t\r\n\t\t\t<h3 class=\"attachments-title\">Za\u0142\u0105czniki<\/h3>\t\r\n\r\n\r\n\r\n\t<table class=\"da-attachments-table\">\r\n\r\n\t\t<thead>\r\n\r\n\t\t\t\r\n\t\t\t<th class=\"attachment-title\">Plik<\/th>\r\n\r\n\t\t\t\r\n\t\t\t\r\n\t\t\t\r\n\t\t\t\t\t\t\t<th class=\"attachment-size\">Wielko\u015b\u0107 pliku<\/th>\r\n\t\t\t\r\n\t\t\t\r\n\t\t<\/thead>\r\n\r\n\t\t<tbody>\r\n\r\n\t\t\r\n\t\t\t\r\n\t\t\t<tr class=\"pdf\">\r\n\r\n\t\t\t\t\r\n\t\t\t\t<td class=\"attachment-title\">\r\n\r\n\t\t\t\t\t\t\t\t\t\t\t<img decoding=\"async\" class=\"attachment-icon\" src=\"https:\/\/zrembchojnice.pl\/wp-content\/plugins\/download-attachments\/images\/ext\/pdf.gif\" alt=\"pdf\" \/>\r\n\t\t\t\t\t\r\n\t\t\t\t\t\r\n\t\t\t\t\t<a href=\"https:\/\/zrembchojnice.pl\/wp-content\/plugins\/download-attachments\/includes\/download.php?id=10281\" title=\"Zremb_31122018_sprawozdanie_z_badania_JSF_podpisane\" class=\"attachment-link\">Zremb_31122018_sprawozdanie_z_badania_JSF_podpisane<\/a>\r\n\t\t\t\t\t\r\n\t\t\t\t<\/td>\r\n\r\n\t\t\t\t\r\n\t\t\t\t\r\n\t\t\t\t\r\n\t\t\t\t\r\n\t\t\t\t\r\n\t\t\t\t\r\n\t\t\t\t\t\t\t\t\t<td class=\"attachment-size\">324 KB<\/td>\r\n\t\t\t\t\r\n\t\t\t\t\r\n\t\t\t<\/tr>\r\n\r\n\t\t\r\n\t\t\t\r\n\t\t\t<tr class=\"pdf\">\r\n\r\n\t\t\t\t\r\n\t\t\t\t<td class=\"attachment-title\">\r\n\r\n\t\t\t\t\t\t\t\t\t\t\t<img decoding=\"async\" class=\"attachment-icon\" src=\"https:\/\/zrembchojnice.pl\/wp-content\/plugins\/download-attachments\/images\/ext\/pdf.gif\" alt=\"pdf\" \/>\r\n\t\t\t\t\t\r\n\t\t\t\t\t\r\n\t\t\t\t\t<a href=\"https:\/\/zrembchojnice.pl\/wp-content\/plugins\/download-attachments\/includes\/download.php?id=10280\" title=\"\u015ar\u00f3droczne-jednostkowe-sprawozdanie-finansowe-ZBM-2018\" class=\"attachment-link\">\u015ar\u00f3droczne-jednostkowe-sprawozdanie-finansowe-ZBM-2018<\/a>\r\n\t\t\t\t\t\r\n\t\t\t\t<\/td>\r\n\r\n\t\t\t\t\r\n\t\t\t\t\r\n\t\t\t\t\r\n\t\t\t\t\r\n\t\t\t\t\r\n\t\t\t\t\r\n\t\t\t\t\t\t\t\t\t<td class=\"attachment-size\">965 KB<\/td>\r\n\t\t\t\t\r\n\t\t\t\t\r\n\t\t\t<\/tr>\r\n\r\n\t\t\r\n\t\t\t\r\n\t\t\t<tr class=\"pdf\">\r\n\r\n\t\t\t\t\r\n\t\t\t\t<td class=\"attachment-title\">\r\n\r\n\t\t\t\t\t\t\t\t\t\t\t<img decoding=\"async\" class=\"attachment-icon\" src=\"https:\/\/zrembchojnice.pl\/wp-content\/plugins\/download-attachments\/images\/ext\/pdf.gif\" alt=\"pdf\" \/>\r\n\t\t\t\t\t\r\n\t\t\t\t\t\r\n\t\t\t\t\t<a href=\"https:\/\/zrembchojnice.pl\/wp-content\/plugins\/download-attachments\/includes\/download.php?id=10279\" title=\"Sprawozdanie-Zarz\u0105du-z-dzia\u0142alno\u015bci-Sp\u00f3\u0142ki-ZBM-do-06.2018\" class=\"attachment-link\">Sprawozdanie-Zarz\u0105du-z-dzia\u0142alno\u015bci-Sp\u00f3\u0142ki-ZBM-do-06.2018<\/a>\r\n\t\t\t\t\t\r\n\t\t\t\t<\/td>\r\n\r\n\t\t\t\t\r\n\t\t\t\t\r\n\t\t\t\t\r\n\t\t\t\t\r\n\t\t\t\t\r\n\t\t\t\t\r\n\t\t\t\t\t\t\t\t\t<td class=\"attachment-size\">1 MB<\/td>\r\n\t\t\t\t\r\n\t\t\t\t\r\n\t\t\t<\/tr>\r\n\r\n\t\t\r\n\t\t\t\r\n\t\t\t<tr class=\"pdf\">\r\n\r\n\t\t\t\t\r\n\t\t\t\t<td class=\"attachment-title\">\r\n\r\n\t\t\t\t\t\t\t\t\t\t\t<img decoding=\"async\" class=\"attachment-icon\" src=\"https:\/\/zrembchojnice.pl\/wp-content\/plugins\/download-attachments\/images\/ext\/pdf.gif\" alt=\"pdf\" \/>\r\n\t\t\t\t\t\r\n\t\t\t\t\t\r\n\t\t\t\t\t<a href=\"https:\/\/zrembchojnice.pl\/wp-content\/plugins\/download-attachments\/includes\/download.php?id=10278\" title=\"Raport-kwartalny-skonsolidowany-QS-3-2018\" class=\"attachment-link\">Raport-kwartalny-skonsolidowany-QS-3-2018<\/a>\r\n\t\t\t\t\t\r\n\t\t\t\t<\/td>\r\n\r\n\t\t\t\t\r\n\t\t\t\t\r\n\t\t\t\t\r\n\t\t\t\t\r\n\t\t\t\t\r\n\t\t\t\t\r\n\t\t\t\t\t\t\t\t\t<td class=\"attachment-size\">1&nbsp;022 KB<\/td>\r\n\t\t\t\t\r\n\t\t\t\t\r\n\t\t\t<\/tr>\r\n\r\n\t\t\r\n\t\t\t\r\n\t\t\t<tr class=\"pdf\">\r\n\r\n\t\t\t\t\r\n\t\t\t\t<td class=\"attachment-title\">\r\n\r\n\t\t\t\t\t\t\t\t\t\t\t<img decoding=\"async\" class=\"attachment-icon\" src=\"https:\/\/zrembchojnice.pl\/wp-content\/plugins\/download-attachments\/images\/ext\/pdf.gif\" alt=\"pdf\" \/>\r\n\t\t\t\t\t\r\n\t\t\t\t\t\r\n\t\t\t\t\t<a href=\"https:\/\/zrembchojnice.pl\/wp-content\/plugins\/download-attachments\/includes\/download.php?id=10277\" title=\"Raport-kwartalny-skonsolidowany-QS-1-2018\" class=\"attachment-link\">Raport-kwartalny-skonsolidowany-QS-1-2018<\/a>\r\n\t\t\t\t\t\r\n\t\t\t\t<\/td>\r\n\r\n\t\t\t\t\r\n\t\t\t\t\r\n\t\t\t\t\r\n\t\t\t\t\r\n\t\t\t\t\r\n\t\t\t\t\r\n\t\t\t\t\t\t\t\t\t<td class=\"attachment-size\">1 MB<\/td>\r\n\t\t\t\t\r\n\t\t\t\t\r\n\t\t\t<\/tr>\r\n\r\n\t\t\r\n\t\t\t\r\n\t\t\t<tr class=\"pdf\">\r\n\r\n\t\t\t\t\r\n\t\t\t\t<td class=\"attachment-title\">\r\n\r\n\t\t\t\t\t\t\t\t\t\t\t<img decoding=\"async\" class=\"attachment-icon\" src=\"https:\/\/zrembchojnice.pl\/wp-content\/plugins\/download-attachments\/images\/ext\/pdf.gif\" alt=\"pdf\" \/>\r\n\t\t\t\t\t\r\n\t\t\t\t\t\r\n\t\t\t\t\t<a href=\"https:\/\/zrembchojnice.pl\/wp-content\/plugins\/download-attachments\/includes\/download.php?id=10276\" title=\"Oswiadczenie_o_stosowaniu_ladu_korporacyjnego_za_rok_2018_doc_po_popr\" class=\"attachment-link\">Oswiadczenie_o_stosowaniu_ladu_korporacyjnego_za_rok_2018_doc_po_popr<\/a>\r\n\t\t\t\t\t\r\n\t\t\t\t<\/td>\r\n\r\n\t\t\t\t\r\n\t\t\t\t\r\n\t\t\t\t\r\n\t\t\t\t\r\n\t\t\t\t\r\n\t\t\t\t\r\n\t\t\t\t\t\t\t\t\t<td class=\"attachment-size\">335 KB<\/td>\r\n\t\t\t\t\r\n\t\t\t\t\r\n\t\t\t<\/tr>\r\n\r\n\t\t\r\n\t\t\t\r\n\t\t\t<tr class=\"pdf\">\r\n\r\n\t\t\t\t\r\n\t\t\t\t<td class=\"attachment-title\">\r\n\r\n\t\t\t\t\t\t\t\t\t\t\t<img decoding=\"async\" class=\"attachment-icon\" src=\"https:\/\/zrembchojnice.pl\/wp-content\/plugins\/download-attachments\/images\/ext\/pdf.gif\" alt=\"pdf\" \/>\r\n\t\t\t\t\t\r\n\t\t\t\t\t\r\n\t\t\t\t\t<a href=\"https:\/\/zrembchojnice.pl\/wp-content\/plugins\/download-attachments\/includes\/download.php?id=10275\" title=\"oswiadczenie_dot._wyboru_firmy_audytorskiej-_jednostkowe\" class=\"attachment-link\">oswiadczenie_dot._wyboru_firmy_audytorskiej-_jednostkowe<\/a>\r\n\t\t\t\t\t\r\n\t\t\t\t<\/td>\r\n\r\n\t\t\t\t\r\n\t\t\t\t\r\n\t\t\t\t\r\n\t\t\t\t\r\n\t\t\t\t\r\n\t\t\t\t\r\n\t\t\t\t\t\t\t\t\t<td class=\"attachment-size\">410 KB<\/td>\r\n\t\t\t\t\r\n\t\t\t\t\r\n\t\t\t<\/tr>\r\n\r\n\t\t\r\n\t\t\t\r\n\t\t\t<tr class=\"pdf\">\r\n\r\n\t\t\t\t\r\n\t\t\t\t<td class=\"attachment-title\">\r\n\r\n\t\t\t\t\t\t\t\t\t\t\t<img decoding=\"async\" class=\"attachment-icon\" src=\"https:\/\/zrembchojnice.pl\/wp-content\/plugins\/download-attachments\/images\/ext\/pdf.gif\" alt=\"pdf\" \/>\r\n\t\t\t\t\t\r\n\t\t\t\t\t\r\n\t\t\t\t\t<a href=\"https:\/\/zrembchojnice.pl\/wp-content\/plugins\/download-attachments\/includes\/download.php?id=10274\" title=\"oswiadczenie_dot._komitetu_audytu\" class=\"attachment-link\">oswiadczenie_dot._komitetu_audytu<\/a>\r\n\t\t\t\t\t\r\n\t\t\t\t<\/td>\r\n\r\n\t\t\t\t\r\n\t\t\t\t\r\n\t\t\t\t\r\n\t\t\t\t\r\n\t\t\t\t\r\n\t\t\t\t\r\n\t\t\t\t\t\t\t\t\t<td class=\"attachment-size\">400 KB<\/td>\r\n\t\t\t\t\r\n\t\t\t\t\r\n\t\t\t<\/tr>\r\n\r\n\t\t\r\n\t\t\t\r\n\t\t\t<tr class=\"pdf\">\r\n\r\n\t\t\t\t\r\n\t\t\t\t<td class=\"attachment-title\">\r\n\r\n\t\t\t\t\t\t\t\t\t\t\t<img decoding=\"async\" class=\"attachment-icon\" src=\"https:\/\/zrembchojnice.pl\/wp-content\/plugins\/download-attachments\/images\/ext\/pdf.gif\" alt=\"pdf\" \/>\r\n\t\t\t\t\t\r\n\t\t\t\t\t\r\n\t\t\t\t\t<a href=\"https:\/\/zrembchojnice.pl\/wp-content\/plugins\/download-attachments\/includes\/download.php?id=10273\" title=\"OCENA_RADY_NADZORCZEJ_ZBM\" class=\"attachment-link\">OCENA_RADY_NADZORCZEJ_ZBM<\/a>\r\n\t\t\t\t\t\r\n\t\t\t\t<\/td>\r\n\r\n\t\t\t\t\r\n\t\t\t\t\r\n\t\t\t\t\r\n\t\t\t\t\r\n\t\t\t\t\r\n\t\t\t\t\r\n\t\t\t\t\t\t\t\t\t<td class=\"attachment-size\">81 KB<\/td>\r\n\t\t\t\t\r\n\t\t\t\t\r\n\t\t\t<\/tr>\r\n\r\n\t\t\r\n\t\t\t\r\n\t\t\t<tr class=\"pdf\">\r\n\r\n\t\t\t\t\r\n\t\t\t\t<td class=\"attachment-title\">\r\n\r\n\t\t\t\t\t\t\t\t\t\t\t<img decoding=\"async\" class=\"attachment-icon\" src=\"https:\/\/zrembchojnice.pl\/wp-content\/plugins\/download-attachments\/images\/ext\/pdf.gif\" alt=\"pdf\" \/>\r\n\t\t\t\t\t\r\n\t\t\t\t\t\r\n\t\t\t\t\t<a href=\"https:\/\/zrembchojnice.pl\/wp-content\/plugins\/download-attachments\/includes\/download.php?id=10272\" title=\"list_Prezesa_Skonsolidowane_2018\" class=\"attachment-link\">list_Prezesa_Skonsolidowane_2018<\/a>\r\n\t\t\t\t\t\r\n\t\t\t\t<\/td>\r\n\r\n\t\t\t\t\r\n\t\t\t\t\r\n\t\t\t\t\r\n\t\t\t\t\r\n\t\t\t\t\r\n\t\t\t\t\r\n\t\t\t\t\t\t\t\t\t<td class=\"attachment-size\">102 KB<\/td>\r\n\t\t\t\t\r\n\t\t\t\t\r\n\t\t\t<\/tr>\r\n\r\n\t\t\r\n\t\t\t\r\n\t\t\t<tr class=\"pdf\">\r\n\r\n\t\t\t\t\r\n\t\t\t\t<td class=\"attachment-title\">\r\n\r\n\t\t\t\t\t\t\t\t\t\t\t<img decoding=\"async\" class=\"attachment-icon\" src=\"https:\/\/zrembchojnice.pl\/wp-content\/plugins\/download-attachments\/images\/ext\/pdf.gif\" alt=\"pdf\" \/>\r\n\t\t\t\t\t\r\n\t\t\t\t\t\r\n\t\t\t\t\t<a href=\"https:\/\/zrembchojnice.pl\/wp-content\/plugins\/download-attachments\/includes\/download.php?id=10271\" title=\"list_prezesa_jednostkowe_2018\" class=\"attachment-link\">list_prezesa_jednostkowe_2018<\/a>\r\n\t\t\t\t\t\r\n\t\t\t\t<\/td>\r\n\r\n\t\t\t\t\r\n\t\t\t\t\r\n\t\t\t\t\r\n\t\t\t\t\r\n\t\t\t\t\r\n\t\t\t\t\r\n\t\t\t\t\t\t\t\t\t<td class=\"attachment-size\">103 KB<\/td>\r\n\t\t\t\t\r\n\t\t\t\t\r\n\t\t\t<\/tr>\r\n\r\n\t\t\r\n\t\t\t\r\n\t\t\t<tr class=\"pdf\">\r\n\r\n\t\t\t\t\r\n\t\t\t\t<td class=\"attachment-title\">\r\n\r\n\t\t\t\t\t\t\t\t\t\t\t<img decoding=\"async\" class=\"attachment-icon\" src=\"https:\/\/zrembchojnice.pl\/wp-content\/plugins\/download-attachments\/images\/ext\/pdf.gif\" alt=\"pdf\" \/>\r\n\t\t\t\t\t\r\n\t\t\t\t\t\r\n\t\t\t\t\t<a href=\"https:\/\/zrembchojnice.pl\/wp-content\/plugins\/download-attachments\/includes\/download.php?id=10270\" title=\"Jednostkowy_raport_roczny_2018_-_korekta\" class=\"attachment-link\">Jednostkowy_raport_roczny_2018_-_korekta<\/a>\r\n\t\t\t\t\t\r\n\t\t\t\t<\/td>\r\n\r\n\t\t\t\t\r\n\t\t\t\t\r\n\t\t\t\t\r\n\t\t\t\t\r\n\t\t\t\t\r\n\t\t\t\t\r\n\t\t\t\t\t\t\t\t\t<td class=\"attachment-size\">446 KB<\/td>\r\n\t\t\t\t\r\n\t\t\t\t\r\n\t\t\t<\/tr>\r\n\r\n\t\t\r\n\t\t\t\r\n\t\t\t<tr class=\"pdf\">\r\n\r\n\t\t\t\t\r\n\t\t\t\t<td class=\"attachment-title\">\r\n\r\n\t\t\t\t\t\t\t\t\t\t\t<img decoding=\"async\" class=\"attachment-icon\" src=\"https:\/\/zrembchojnice.pl\/wp-content\/plugins\/download-attachments\/images\/ext\/pdf.gif\" alt=\"pdf\" \/>\r\n\t\t\t\t\t\r\n\t\t\t\t\t\r\n\t\t\t\t\t<a href=\"https:\/\/zrembchojnice.pl\/wp-content\/plugins\/download-attachments\/includes\/download.php?id=10269\" title=\"Jednostkowe_spr_z_dzialalnosci_ZREMB_31122018_z_dnia_23.05.2019_1\" class=\"attachment-link\">Jednostkowe_spr_z_dzialalnosci_ZREMB_31122018_z_dnia_23.05.2019_1<\/a>\r\n\t\t\t\t\t\r\n\t\t\t\t<\/td>\r\n\r\n\t\t\t\t\r\n\t\t\t\t\r\n\t\t\t\t\r\n\t\t\t\t\r\n\t\t\t\t\r\n\t\t\t\t\r\n\t\t\t\t\t\t\t\t\t<td class=\"attachment-size\">1 MB<\/td>\r\n\t\t\t\t\r\n\t\t\t\t\r\n\t\t\t<\/tr>\r\n\r\n\t\t\r\n\t\t\t\r\n\t\t\t<tr class=\"pdf\">\r\n\r\n\t\t\t\t\r\n\t\t\t\t<td class=\"attachment-title\">\r\n\r\n\t\t\t\t\t\t\t\t\t\t\t<img decoding=\"async\" class=\"attachment-icon\" src=\"https:\/\/zrembchojnice.pl\/wp-content\/plugins\/download-attachments\/images\/ext\/pdf.gif\" alt=\"pdf\" \/>\r\n\t\t\t\t\t\r\n\t\t\t\t\t\r\n\t\t\t\t\t<a href=\"https:\/\/zrembchojnice.pl\/wp-content\/plugins\/download-attachments\/includes\/download.php?id=10268\" title=\"jednostkowe_finansowe_2018_Zremb_uwagi_01052019_po_ostatecznych_uwagach_18.30\" class=\"attachment-link\">jednostkowe_finansowe_2018_Zremb_uwagi_01052019_po_ostatecznych_uwagach_18.30<\/a>\r\n\t\t\t\t\t\r\n\t\t\t\t<\/td>\r\n\r\n\t\t\t\t\r\n\t\t\t\t\r\n\t\t\t\t\r\n\t\t\t\t\r\n\t\t\t\t\r\n\t\t\t\t\r\n\t\t\t\t\t\t\t\t\t<td class=\"attachment-size\">1 MB<\/td>\r\n\t\t\t\t\r\n\t\t\t\t\r\n\t\t\t<\/tr>\r\n\r\n\t\t\r\n\t\t<\/tbody>\r\n\r\n\t<\/table>\r\n\r\n\r\n\r\n\t<\/div>\t\t\t\t<\/div>\n\t\t\t\t<\/div>\n\t\t\t\t\t<\/div>\n\t\t<\/div>\n\t\t\t\t\t<\/div>\n\t\t<\/section>\n\t\t\t\t<\/div>\n\t\t","protected":false},"excerpt":{"rendered":"<p>Raporty okresowe 2018<\/p>\n","protected":false},"author":1,"featured_media":0,"parent":4648,"menu_order":0,"comment_status":"closed","ping_status":"closed","template":"","meta":{"footnotes":""},"class_list":["post-10267","page","type-page","status-publish","hentry"],"_links":{"self":[{"href":"https:\/\/zrembchojnice.pl\/index.php\/wp-json\/wp\/v2\/pages\/10267","targetHints":{"allow":["GET"]}}],"collection":[{"href":"https:\/\/zrembchojnice.pl\/index.php\/wp-json\/wp\/v2\/pages"}],"about":[{"href":"https:\/\/zrembchojnice.pl\/index.php\/wp-json\/wp\/v2\/types\/page"}],"author":[{"embeddable":true,"href":"https:\/\/zrembchojnice.pl\/index.php\/wp-json\/wp\/v2\/users\/1"}],"replies":[{"embeddable":true,"href":"https:\/\/zrembchojnice.pl\/index.php\/wp-json\/wp\/v2\/comments?post=10267"}],"version-history":[{"count":4,"href":"https:\/\/zrembchojnice.pl\/index.php\/wp-json\/wp\/v2\/pages\/10267\/revisions"}],"predecessor-version":[{"id":10286,"href":"https:\/\/zrembchojnice.pl\/index.php\/wp-json\/wp\/v2\/pages\/10267\/revisions\/10286"}],"up":[{"embeddable":true,"href":"https:\/\/zrembchojnice.pl\/index.php\/wp-json\/wp\/v2\/pages\/4648"}],"wp:attachment":[{"href":"https:\/\/zrembchojnice.pl\/index.php\/wp-json\/wp\/v2\/media?parent=10267"}],"curies":[{"name":"wp","href":"https:\/\/api.w.org\/{rel}","templated":true}]}}